{"id":987,"date":"2015-05-05T10:22:56","date_gmt":"2015-05-05T09:22:56","guid":{"rendered":"http:\/\/www.gardenlux.me\/web\/?page_id=987"},"modified":"2015-05-05T11:56:57","modified_gmt":"2015-05-05T10:56:57","slug":"vis","status":"publish","type":"page","link":"https:\/\/www.gardenlux.me\/web\/vis\/","title":{"rendered":"Vis"},"content":{"rendered":"<div id='layer_slider_1'  class='avia-layerslider main_color avia-shadow  avia-builder-el-0  el_before_av_layout_row  avia-builder-el-first  container_wrap sidebar_right' style='  height: 241px;' ><\/div>\n<div id='unutrasnji_nosac'  class='av-layout-grid-container entry-content-wrapper main_color av-flex-cells     avia-builder-el-1  el_after_av_layerslider  el_before_av_section  submenu-not-first container_wrap sidebar_right' style=' '  >\n<div class=\"flex_cell no_margin av_one_third  avia-builder-el-2  el_before_av_cell_two_third  avia-builder-el-first   \" style='vertical-align:top; padding:30px; '><div class='flex_cell_inner' >\n<\/div><\/div><div class=\"flex_cell no_margin av_two_third  avia-builder-el-4  el_after_av_cell_one_third  avia-builder-el-last   \" style='vertical-align:top; padding:30px; '><div class='flex_cell_inner' ><p><div  style='padding-bottom:30px; font-size:38px;' class='av-special-heading av-special-heading-h2  blockquote modern-quote  avia-builder-el-5  el_before_av_one_full  avia-builder-el-first  av-inherit-size '><h2 class='av-special-heading-tag '  itemprop=\"headline\"  >VIS<\/h2><div class ='av-subheading av-subheading_below  ' style='font-size:15px;'><p>opis<\/p>\n<\/div><div class='special-heading-border'><div class='special-heading-inner-border' ><\/div><\/div><\/div><br \/>\n<div class=\"flex_column av_one_full  flex_column_div first  avia-builder-el-6  el_after_av_heading  el_before_av_one_third  \" ><div   data-size='no scaling'  data-lightbox_size='large'  data-animation='slide'  data-conditional_play=''  data-ids='1015'  data-video_counter='0'  data-autoplay='true'  data-bg_slider='false'  data-slide_height=''  data-handle='av_slideshow'  data-interval='5'  data-class=' avia-builder-el-7  avia-builder-el-no-sibling  '  data-el_id=''  data-css_id=''  data-scroll_down=''  data-control_layout=''  data-custom_markup=''  data-perma_caption=''  data-autoplay_stopper=''  data-image_attachment=''  data-min_height='0px'  class='avia-slideshow avia-slideshow-1  av-default-height-applied avia-slideshow-no scaling av_slideshow  avia-builder-el-7  avia-builder-el-no-sibling   avia-slide-slider '  itemprop=\"image\" itemscope=\"itemscope\" itemtype=\"https:\/\/schema.org\/ImageObject\" ><ul class='avia-slideshow-inner ' style='padding-bottom: 50%;' ><li  class=' av-single-slide slide-1 ' ><a href='https:\/\/www.gardenlux.me\/web\/wp-content\/uploads\/2015\/05\/vis-velika.jpg' data-rel='slideshow-1' class='avia-slide-wrap '   ><img src='https:\/\/www.gardenlux.me\/web\/wp-content\/uploads\/2015\/05\/vis-velika.jpg' width='960' height='480' title='vis velika' alt='motori za kapije i garazna vrata'  itemprop=\"thumbnailUrl\"   \/><\/a><\/li><\/ul><\/div><\/div><div class=\"flex_column av_one_third  flex_column_div first  avia-builder-el-8  el_after_av_one_full  el_before_av_two_third  column-top-margin\" ><section class=\"av_textblock_section \"  itemscope=\"itemscope\" itemtype=\"https:\/\/schema.org\/CreativeWork\" ><div class='avia_textblock  '   itemprop=\"text\" ><h3>Automatizacija industrijskih vrata<\/h3>\n<p>LIFE pro\u0161uruje ponudu motora za automatizaciju industrijskih vrata \u010ditavim spektrom savremenih re\u0161enja. Vis je specifi\u010dna linija motora za sekciona i klizna vrata. Pored mogu\u0107nosti izbora izme\u0111u razli\u010ditih na\u010dina instaliranja. Vis nudi motor namenjen ba\u0161 ua ovaj tip upotrebe, zatim razne funkcije koje se mogu programirati, kvalitetnu realizaciju razra\u0111ene u detalje, te savremen dizajn. Okusite i Vi prednosti proizvoda LIFE. Definitivno \u0107ete u\u010diniti korak napred u &#8220;ku\u0107noj automatizaciji&#8221;<\/p>\n<h3>Elektronski ure\u0111aj za Va\u0161u sigurnost<\/h3>\n<p>Kao i ostali motori it linije LIFE, i modeli Vis su opremljeni enkoderom. Ovaj ure\u0111aj, u slu\u010daju eventualnih prepreka pri zatvaranju \u0161alje upozorenje i signalizaciju elektronskoj centrali koja je instalarana izvan ili sa strane. U praksi, to kao da imate na raspolaganju nepogre\u0161ivog \u010duvara koji bdije nad Vama. Ali to nije sve, ovaj ure\u0111aj ima i dva &#8220;grani\u010dna prekida\u010da&#8221; koji se automatski aktiviraju bilo pri zatvaranju , bilo pri otvaranju.<\/p>\n<\/div><\/section><\/div><div class=\"flex_column av_two_third  flex_column_div   avia-builder-el-10  el_after_av_one_third  el_before_av_heading  column-top-margin\" ><p><div  class='avia-image-container  av-styling-    avia-builder-el-11  el_before_av_textblock  avia-builder-el-first  avia-align-center '  itemprop=\"image\" itemscope=\"itemscope\" itemtype=\"https:\/\/schema.org\/ImageObject\"  ><div class='avia-image-container-inner'><div class='avia-image-overlay-wrap'><a href='https:\/\/www.gardenlux.me\/web\/wp-content\/uploads\/2015\/05\/tech-vis.jpg' class='avia_image'  ><img class='avia_image ' src='https:\/\/www.gardenlux.me\/web\/wp-content\/uploads\/2015\/05\/tech-vis.jpg' alt='motori za kapije i garazna vrata' title='tech-vis'  itemprop=\"thumbnailUrl\"  \/><\/a><\/div><\/div><\/div><br \/>\n<section class=\"av_textblock_section \"  itemscope=\"itemscope\" itemtype=\"https:\/\/schema.org\/CreativeWork\" ><div class='avia_textblock  '   itemprop=\"text\" ><table>\n<tbody>\n<tr>\n<th scope=\"col\"><\/th>\n<th scope=\"col\">VIS<\/th>\n<th scope=\"col\">VIS RG<\/th>\n<\/tr>\n<tr>\n<th scope=\"row\">Max Povr\u0161ina<\/th>\n<th scope=\"row\">m<\/th>\n<td>35<\/td>\n<td>35<\/td>\n<\/tr>\n<tr>\n<th scope=\"row\">Napajanje<\/th>\n<th scope=\"row\">V<\/th>\n<td>230<\/td>\n<td>230<\/td>\n<\/tr>\n<tr>\n<th scope=\"row\">Snaga<\/th>\n<th scope=\"row\">W<\/th>\n<td>450<\/td>\n<td>450<\/td>\n<\/tr>\n<tr>\n<th scope=\"row\">Obrtni moment<\/th>\n<th scope=\"row\">Nm<\/th>\n<td>85<\/td>\n<td>85<\/td>\n<\/tr>\n<tr>\n<th scope=\"row\">Te\u017eina<\/th>\n<th scope=\"row\">Kg<\/th>\n<td>15<\/td>\n<td>15<\/td>\n<\/tr>\n<tr>\n<th scope=\"row\">Toplotna za\u0161tita<\/th>\n<th scope=\"row\">\u00b0C<\/th>\n<td>140<\/td>\n<td>140<\/td>\n<\/tr>\n<tr>\n<th scope=\"row\">Radna temperatura<\/th>\n<th scope=\"row\">\u00b0C Min\/Max<\/th>\n<td>-20 +50<\/td>\n<td>-20 +50<\/td>\n<\/tr>\n<tr>\n<th scope=\"row\">Stepen za\u0161tite<\/th>\n<th scope=\"row\">IP<\/th>\n<td>54<\/td>\n<td>54<\/td>\n<\/tr>\n<tr>\n<th scope=\"row\">Brzina<\/th>\n<th scope=\"row\">rpm<\/th>\n<td>20<\/td>\n<td>20<\/td>\n<\/tr>\n<tr>\n<th scope=\"row\">Naizmeni\u010dni rad<\/th>\n<th scope=\"row\">%<\/th>\n<td>35<\/td>\n<td>35<\/td>\n<\/tr>\n<\/tbody>\n<\/table>\n<\/div><\/section><br \/>\n<section class=\"av_textblock_section \"  itemscope=\"itemscope\" itemtype=\"https:\/\/schema.org\/CreativeWork\" ><div class='avia_textblock  '   itemprop=\"text\" ><p><a href=\"http:\/\/www.gardenlux.me\/download\/VIS%20sr.pdf\" target=\"_blank\" rel=\"noopener noreferrer\">Uputstvo za ugradnju<\/a><\/p>\n<p><a href=\"http:\/\/www.gardenlux.me\/download\/VIS sr.pdf\" target=\"_blank\" rel=\"noopener noreferrer\">Uputstvo &#8211; Kontrolna jedinica<\/a><\/p>\n<\/div><\/section><\/p><\/div><div  style='padding-bottom:30px; font-size:30px;' class='av-special-heading av-special-heading-h3  blockquote modern-quote  avia-builder-el-14  el_after_av_two_third  el_before_av_one_half  av-inherit-size '><h3 class='av-special-heading-tag '  itemprop=\"headline\"  >DODATNA OPREMA<\/h3><div class='special-heading-border'><div class='special-heading-inner-border' ><\/div><\/div><\/div><br \/>\n<div class=\"flex_column av_one_half  flex_column_div first  avia-builder-el-15  el_after_av_heading  el_before_av_one_half  \" ><p><div  class='avia-button-wrap avia-button-left  avia-builder-el-16  el_before_av_image  avia-builder-el-first ' ><a href='https:\/\/www.gardenlux.me\/web\/gebox\/'  class='avia-button   avia-icon_select-no avia-color-theme-color avia-size-large avia-position-left '   ><span class='avia_iconbox_title' >GEBOX<\/span><\/a><\/div><br \/>\n<div  class='avia-image-container  av-styling-    avia-builder-el-17  el_after_av_button  el_before_av_textblock  avia-align-center '  itemprop=\"image\" itemscope=\"itemscope\" itemtype=\"https:\/\/schema.org\/ImageObject\"  ><div class='avia-image-container-inner'><div class='avia-image-overlay-wrap'><a href='https:\/\/www.gardenlux.me\/web\/gebox\/' class='avia_image'  ><img class='avia_image ' src='https:\/\/www.gardenlux.me\/web\/wp-content\/uploads\/2015\/05\/GEBOX.jpg' alt='motori za kapije i garazna vrata' title='GEBOX'  itemprop=\"thumbnailUrl\"  \/><\/a><\/div><\/div><\/div><br \/>\n<section class=\"av_textblock_section \"  itemscope=\"itemscope\" itemtype=\"https:\/\/schema.org\/CreativeWork\" ><div class='avia_textblock  '   itemprop=\"text\" ><p>Linija proizvoda <strong>Gebox<\/strong> nudi jednostavne kontrolne table za upravljanje automatizovanim kapijama sa napajanjem od 230V ili 24V.<\/p>\n<\/div><\/section><\/p><\/div><div class=\"flex_column av_one_half  flex_column_div   avia-builder-el-19  el_after_av_one_half  el_before_av_one_half  \" ><p><div  class='avia-button-wrap avia-button-left  avia-builder-el-20  el_before_av_image  avia-builder-el-first ' ><a href='https:\/\/www.gardenlux.me\/web\/vip-fido\/'  class='avia-button   avia-icon_select-no avia-color-theme-color avia-size-large avia-position-left '   ><span class='avia_iconbox_title' >VIP-FIDO<\/span><\/a><\/div><br \/>\n<div  class='avia-image-container  av-styling-    avia-builder-el-21  el_after_av_button  el_before_av_textblock  avia-align-center '  itemprop=\"image\" itemscope=\"itemscope\" itemtype=\"https:\/\/schema.org\/ImageObject\"  ><div class='avia-image-container-inner'><div class='avia-image-overlay-wrap'><a href='https:\/\/www.gardenlux.me\/web\/vip-fido\/' class='avia_image'  ><img class='avia_image ' src='https:\/\/www.gardenlux.me\/web\/wp-content\/uploads\/2015\/05\/vip-fido.jpg' alt='motori za kapije i garazna vrata' title='vip fido'  itemprop=\"thumbnailUrl\"  \/><\/a><\/div><\/div><\/div><br \/>\n<section class=\"av_textblock_section \"  itemscope=\"itemscope\" itemtype=\"https:\/\/schema.org\/CreativeWork\" ><div class='avia_textblock  '   itemprop=\"text\" ><p>\u010cvrsti i jednostavni za kori\u0161\u0107enje, modernog dizajna i napredne tehnologije. Ovi daljinski upravlja\u010di vam pru\u017eaju \u0161irok izbor funkcija.<\/p>\n<\/div><\/section><\/p><\/div><div class=\"flex_column av_one_half  flex_column_div first  avia-builder-el-23  el_after_av_one_half  el_before_av_one_half  column-top-margin\" ><p><div  class='avia-button-wrap avia-button-left  avia-builder-el-24  el_before_av_image  avia-builder-el-first ' ><a href='https:\/\/www.gardenlux.me\/web\/splendor\/'  class='avia-button   avia-icon_select-no avia-color-theme-color avia-size-large avia-position-left '   ><span class='avia_iconbox_title' >SPLENDOR<\/span><\/a><\/div><br \/>\n<div  class='avia-image-container  av-styling-    avia-builder-el-25  el_after_av_button  el_before_av_textblock  avia-align-center '  itemprop=\"image\" itemscope=\"itemscope\" itemtype=\"https:\/\/schema.org\/ImageObject\"  ><div class='avia-image-container-inner'><div class='avia-image-overlay-wrap'><a href='https:\/\/www.gardenlux.me\/web\/splendor\/' class='avia_image'  ><img class='avia_image ' src='https:\/\/www.gardenlux.me\/web\/wp-content\/uploads\/2015\/05\/SPLENDOR.jpg' alt='motori za kapije i garazna vrata' title='SPLENDOR'  itemprop=\"thumbnailUrl\"  \/><\/a><\/div><\/div><\/div><br \/>\n<section class=\"av_textblock_section \"  itemscope=\"itemscope\" itemtype=\"https:\/\/schema.org\/CreativeWork\" ><div class='avia_textblock  '   itemprop=\"text\" ><p><strong>Splendor<\/strong> nije obi\u010dna signalna lampa nego moderan ure\u0111aj koji ulazi u sastav ku\u0107ne rasvete. Ovaj ure\u0111aj ima moderan dizajn koji odoleva vremenskim nepogodama.<\/p>\n<\/div><\/section><\/p><\/div><div class=\"flex_column av_one_half  flex_column_div   avia-builder-el-27  el_after_av_one_half  el_before_av_one_half  column-top-margin\" ><p><div  class='avia-button-wrap avia-button-left  avia-builder-el-28  el_before_av_image  avia-builder-el-first ' ><a href='https:\/\/www.gardenlux.me\/web\/visio\/'  class='avia-button   avia-icon_select-no avia-color-theme-color avia-size-large avia-position-left '   ><span class='avia_iconbox_title' >VISIO<\/span><\/a><\/div><br \/>\n<div  class='avia-image-container  av-styling-    avia-builder-el-29  el_after_av_button  el_before_av_textblock  avia-align-center '  itemprop=\"image\" itemscope=\"itemscope\" itemtype=\"https:\/\/schema.org\/ImageObject\"  ><div class='avia-image-container-inner'><div class='avia-image-overlay-wrap'><a href='https:\/\/www.gardenlux.me\/web\/visio\/' class='avia_image'  ><img class='avia_image ' src='https:\/\/www.gardenlux.me\/web\/wp-content\/uploads\/2015\/05\/VISIO.jpg' alt='motori za kapije i garazna vrata' title='VISIO'  itemprop=\"thumbnailUrl\"  \/><\/a><\/div><\/div><\/div><br \/>\n<section class=\"av_textblock_section \"  itemscope=\"itemscope\" itemtype=\"https:\/\/schema.org\/CreativeWork\" ><div class='avia_textblock  '   itemprop=\"text\" ><p><strong>Visio<\/strong> VISIO ure\u0111aj za detekciju pokreta, sa\u010dinjen od foto\u0107elija sinhronizovanih na relej.<\/p>\n<\/div><\/section><\/p><\/div><div class=\"flex_column av_one_half  flex_column_div first  avia-builder-el-31  el_after_av_one_half  avia-builder-el-last  column-top-margin\" ><p><div  class='avia-button-wrap avia-button-left  avia-builder-el-32  el_before_av_image  avia-builder-el-first ' ><a href='https:\/\/www.gardenlux.me\/web\/des\/'  class='avia-button   avia-icon_select-no avia-color-theme-color avia-size-large avia-position-left '   ><span class='avia_iconbox_title' >DES<\/span><\/a><\/div><br \/>\n<div  class='avia-image-container  av-styling-    avia-builder-el-33  el_after_av_button  el_before_av_textblock  avia-align-center '  itemprop=\"image\" itemscope=\"itemscope\" itemtype=\"https:\/\/schema.org\/ImageObject\"  ><div class='avia-image-container-inner'><div class='avia-image-overlay-wrap'><a href='https:\/\/www.gardenlux.me\/web\/des\/' class='avia_image'  ><img class='avia_image ' src='https:\/\/www.gardenlux.me\/web\/wp-content\/uploads\/2015\/05\/DES.jpg' alt='motori za kapije i garazna vrata' title='DES'  itemprop=\"thumbnailUrl\"  \/><\/a><\/div><\/div><\/div><br \/>\n<section class=\"av_textblock_section \"  itemscope=\"itemscope\" itemtype=\"https:\/\/schema.org\/CreativeWork\" ><div class='avia_textblock  '   itemprop=\"text\" ><p><strong>Des<\/strong> Klju\u010dne brave garantuju maksimalnu sigurnost.<\/p>\n<\/div><\/section><\/p><\/div><\/p>\n<\/div><\/div>\n<\/div>\n<div id='av_section_1'  class='avia-section main_color avia-section-default avia-no-shadow avia-bg-style-parallax  avia-builder-el-35  el_after_av_layout_row  el_before_av_section   container_wrap sidebar_right' style=' '  ><div class='container' ><div class='template-page content  av-content-small alpha units'><div class='post-entry post-entry-type-page post-entry-987'><div class='entry-content-wrapper clearfix'>\n<div class=\"flex_column av_one_fourth  flex_column_div first  avia-builder-el-36  el_before_av_one_fourth  avia-builder-el-first  \" ><p><div  class='avia-image-container avia_animated_image avia_animate_when_almost_visible pop-up av-styling-  noHover  av-overlay-on-hover   avia-builder-el-37  el_before_av_icon_box  avia-builder-el-first  avia-align-center '  itemprop=\"image\" itemscope=\"itemscope\" itemtype=\"https:\/\/schema.org\/ImageObject\"  ><div class='avia-image-container-inner'><div class='avia-image-overlay-wrap'><div class='av-image-caption-overlay'><div class='av-caption-image-overlay-bg' style='opacity:0.4; background-color:#444444; '><\/div><div class='av-image-caption-overlay-position'><div class='av-image-caption-overlay-center' style='color:#ffffff; font-size:20px; '><p>Op\u0161irnije<\/p>\n<\/div><\/div><\/div><img class='avia_image' src='https:\/\/www.gardenlux.me\/web\/wp-content\/uploads\/2014\/07\/small4-300x243.jpg' alt='' title='small4' height=\"243\" width=\"300\"  itemprop=\"thumbnailUrl\"  \/><\/div><\/div><\/div><br \/>\n<article  class=\"iconbox iconbox_left    avia-builder-el-38  el_after_av_image  avia-builder-el-last  \"  itemscope=\"itemscope\" itemtype=\"https:\/\/schema.org\/CreativeWork\" ><div class=\"iconbox_content\"><header class=\"entry-content-header\"><div class=\"iconbox_icon heading-color \" aria-hidden='true' data-av_icon='\ue912' data-av_iconfont='entypo-fontello'  ><\/div><h3 class='iconbox_content_title  '  itemprop=\"headline\"  >Prodaja rezanog i umjetnog cvije\u0107a<\/h3><\/header><div class='iconbox_content_container  '  itemprop=\"text\"  ><p>Lorem ipsum dolor sit amet, consectetuer adipiscing elit. Aenean commodo ligula eget dolor.<\/p>\n<\/div><\/div><footer class=\"entry-footer\"><\/footer><\/article><\/p><\/div><div class=\"flex_column av_one_fourth  flex_column_div   avia-builder-el-39  el_after_av_one_fourth  el_before_av_one_fourth  \" ><p><div  class='avia-image-container avia_animated_image avia_animate_when_almost_visible pop-up av-styling-  noHover  av-overlay-on-hover   avia-builder-el-40  el_before_av_icon_box  avia-builder-el-first  avia-align-center '  itemprop=\"image\" itemscope=\"itemscope\" itemtype=\"https:\/\/schema.org\/ImageObject\"  ><div class='avia-image-container-inner'><div class='avia-image-overlay-wrap'><div class='av-image-caption-overlay'><div class='av-caption-image-overlay-bg' style='opacity:0.4; background-color:#444444; '><\/div><div class='av-image-caption-overlay-position'><div class='av-image-caption-overlay-center' style='color:#ffffff; font-size:20px; '><p>Op\u0161irnije<\/p>\n<\/div><\/div><\/div><img class='avia_image' src='https:\/\/www.gardenlux.me\/web\/wp-content\/uploads\/2014\/07\/small3-300x243.jpg' alt='' title='small3' height=\"243\" width=\"300\"  itemprop=\"thumbnailUrl\"  \/><\/div><\/div><\/div><br \/>\n<article  class=\"iconbox iconbox_left    avia-builder-el-41  el_after_av_image  avia-builder-el-last  \"  itemscope=\"itemscope\" itemtype=\"https:\/\/schema.org\/CreativeWork\" ><div class=\"iconbox_content\"><header class=\"entry-content-header\"><div class=\"iconbox_icon heading-color \" aria-hidden='true' data-av_icon='\ue912' data-av_iconfont='entypo-fontello'  ><\/div><h3 class='iconbox_content_title  '  itemprop=\"headline\"  >Prodaja stakla, plastike i keramike<\/h3><\/header><div class='iconbox_content_container  '  itemprop=\"text\"  ><p>Lorem ipsum dolor sit amet, consectetuer adipiscing elit. Aenean commodo ligula eget dolor.<\/p>\n<\/div><\/div><footer class=\"entry-footer\"><\/footer><\/article><\/p><\/div><div class=\"flex_column av_one_fourth  flex_column_div   avia-builder-el-42  el_after_av_one_fourth  el_before_av_one_fourth  \" ><p><div  class='avia-image-container avia_animated_image avia_animate_when_almost_visible pop-up av-styling-  noHover  av-overlay-on-hover   avia-builder-el-43  el_before_av_icon_box  avia-builder-el-first  avia-align-center '  itemprop=\"image\" itemscope=\"itemscope\" itemtype=\"https:\/\/schema.org\/ImageObject\"  ><div class='avia-image-container-inner'><div class='avia-image-overlay-wrap'><div class='av-image-caption-overlay'><div class='av-caption-image-overlay-bg' style='opacity:0.4; background-color:#444444; '><\/div><div class='av-image-caption-overlay-position'><div class='av-image-caption-overlay-center' style='color:#ffffff; font-size:20px; '><p>Op\u0161irnije<\/p>\n<\/div><\/div><\/div><img class='avia_image' src='https:\/\/www.gardenlux.me\/web\/wp-content\/uploads\/2014\/07\/small2-300x243.jpg' alt='' title='small2' height=\"243\" width=\"300\"  itemprop=\"thumbnailUrl\"  \/><\/div><\/div><\/div><br \/>\n<article  class=\"iconbox iconbox_left    avia-builder-el-44  el_after_av_image  avia-builder-el-last  \"  itemscope=\"itemscope\" itemtype=\"https:\/\/schema.org\/CreativeWork\" ><div class=\"iconbox_content\"><header class=\"entry-content-header\"><div class=\"iconbox_icon heading-color \" aria-hidden='true' data-av_icon='\ue912' data-av_iconfont='entypo-fontello'  ><\/div><h3 class='iconbox_content_title  '  itemprop=\"headline\"  >Sistemi za zalivanje<\/h3><\/header><div class='iconbox_content_container  '  itemprop=\"text\"  ><p>Lorem ipsum dolor sit amet, consectetuer adipiscing elit. Aenean commodo ligula eget dolor.<\/p>\n<\/div><\/div><footer class=\"entry-footer\"><\/footer><\/article><\/p><\/div><div class=\"flex_column av_one_fourth  flex_column_div   avia-builder-el-45  el_after_av_one_fourth  avia-builder-el-last  \" ><p><div  class='avia-image-container avia_animated_image avia_animate_when_almost_visible pop-up av-styling-  noHover  av-overlay-on-hover   avia-builder-el-46  el_before_av_icon_box  avia-builder-el-first  avia-align-center '  itemprop=\"image\" itemscope=\"itemscope\" itemtype=\"https:\/\/schema.org\/ImageObject\"  ><div class='avia-image-container-inner'><div class='avia-image-overlay-wrap'><div class='av-image-caption-overlay'><div class='av-caption-image-overlay-bg' style='opacity:0.4; background-color:#444444; '><\/div><div class='av-image-caption-overlay-position'><div class='av-image-caption-overlay-center' style='color:#ffffff; font-size:20px; '><p>Op\u0161irnije<\/p>\n<\/div><\/div><\/div><img class='avia_image' src='https:\/\/www.gardenlux.me\/web\/wp-content\/uploads\/2014\/07\/small1-300x243.jpg' alt='' title='small1' height=\"243\" width=\"300\"  itemprop=\"thumbnailUrl\"  \/><\/div><\/div><\/div><br \/>\n<article  class=\"iconbox iconbox_left    avia-builder-el-47  el_after_av_image  avia-builder-el-last  \"  itemscope=\"itemscope\" itemtype=\"https:\/\/schema.org\/CreativeWork\" ><div class=\"iconbox_content\"><header class=\"entry-content-header\"><div class=\"iconbox_icon heading-color \" aria-hidden='true' data-av_icon='\ue912' data-av_iconfont='entypo-fontello'  ><\/div><h3 class='iconbox_content_title  '  itemprop=\"headline\"  >Dekoracija prostora<\/h3><\/header><div class='iconbox_content_container  '  itemprop=\"text\"  ><p>Lorem ipsum dolor sit amet, consectetuer adipiscing elit. Aenean commodo ligula eget dolor.<\/p>\n<\/div><\/div><footer class=\"entry-footer\"><\/footer><\/article><\/p><\/div>\n\n<\/div><\/div><\/div><!-- close content main div --><\/div><\/div><div id='av_section_2'  class='avia-section main_color avia-section-small avia-no-shadow avia-full-stretch av-parallax-section avia-bg-style-parallax  avia-builder-el-48  el_after_av_section  avia-builder-el-last   container_wrap sidebar_right' style=' '  data-section-bg-repeat='stretch'><div class='av-parallax' data-avia-parallax-ratio='0.3' ><div class='av-parallax-inner main_color  avia-full-stretch' style = 'background-repeat: no-repeat; background-image: url(https:\/\/www.gardenlux.me\/web\/wp-content\/uploads\/2014\/07\/back2.jpg);background-attachment: scroll; background-position: top center; ' ><\/div><\/div><div class='container' ><div class='template-page content  av-content-small alpha units'><div class='post-entry post-entry-type-page post-entry-987'><div class='entry-content-wrapper clearfix'>\n<div  style='height:250px' class='hr hr-invisible   avia-builder-el-49  el_before_av_heading  avia-builder-el-first '><span class='hr-inner ' ><span class='hr-inner-style'><\/span><\/span><\/div>\n<div  style='padding-bottom:0px; color:#ffffff;font-size:80px;' class='av-special-heading av-special-heading-h1 custom-color-heading blockquote modern-quote  avia-builder-el-50  el_after_av_hr  avia-builder-el-last  av-inherit-size '><h1 class='av-special-heading-tag '  itemprop=\"headline\"  >Reference<\/h1><div class ='av-subheading av-subheading_below av_custom_color ' style='font-size:20px;'><p>Dekoracija enterijera i eksterijera<\/p>\n<\/div><div class='special-heading-border'><div class='special-heading-inner-border' style='border-color:#ffffff'><\/div><\/div><\/div>\n<\/div><\/div><\/div><!-- close content main div --><\/div><\/div><div id='after_section_2'  class='main_color av_default_container_wrap container_wrap sidebar_right' style=' '  ><div class='container' ><div class='template-page content  av-content-small alpha units'><div class='post-entry post-entry-type-page post-entry-987'><div class='entry-content-wrapper clearfix'>\n","protected":false},"excerpt":{"rendered":"","protected":false},"author":1,"featured_media":0,"parent":0,"menu_order":0,"comment_status":"closed","ping_status":"closed","template":"","meta":[],"_links":{"self":[{"href":"https:\/\/www.gardenlux.me\/web\/wp-json\/wp\/v2\/pages\/987"}],"collection":[{"href":"https:\/\/www.gardenlux.me\/web\/wp-json\/wp\/v2\/pages"}],"about":[{"href":"https:\/\/www.gardenlux.me\/web\/wp-json\/wp\/v2\/types\/page"}],"author":[{"embeddable":true,"href":"https:\/\/www.gardenlux.me\/web\/wp-json\/wp\/v2\/users\/1"}],"replies":[{"embeddable":true,"href":"https:\/\/www.gardenlux.me\/web\/wp-json\/wp\/v2\/comments?post=987"}],"version-history":[{"count":13,"href":"https:\/\/www.gardenlux.me\/web\/wp-json\/wp\/v2\/pages\/987\/revisions"}],"predecessor-version":[{"id":1056,"href":"https:\/\/www.gardenlux.me\/web\/wp-json\/wp\/v2\/pages\/987\/revisions\/1056"}],"wp:attachment":[{"href":"https:\/\/www.gardenlux.me\/web\/wp-json\/wp\/v2\/media?parent=987"}],"curies":[{"name":"wp","href":"https:\/\/api.w.org\/{rel}","templated":true}]}}