{"id":963,"date":"2015-05-05T10:03:17","date_gmt":"2015-05-05T09:03:17","guid":{"rendered":"http:\/\/www.gardenlux.me\/web\/?page_id=963"},"modified":"2015-06-15T06:57:48","modified_gmt":"2015-06-15T05:57:48","slug":"interfoni","status":"publish","type":"page","link":"https:\/\/www.gardenlux.me\/web\/interfoni\/","title":{"rendered":"Interfoni"},"content":{"rendered":"<div id='layer_slider_1'  class='avia-layerslider main_color avia-shadow  avia-builder-el-0  el_before_av_layout_row  avia-builder-el-first  container_wrap sidebar_right' style='  height: 241px;' ><\/div>\n<div id='unutrasnji_nosac'  class='av-layout-grid-container entry-content-wrapper main_color av-flex-cells     avia-builder-el-1  el_after_av_layerslider  el_before_av_section  submenu-not-first container_wrap sidebar_right' style=' '  >\n<div class=\"flex_cell no_margin av_one_third  avia-builder-el-2  el_before_av_cell_two_third  avia-builder-el-first   \" style='vertical-align:top; padding:30px; '><div class='flex_cell_inner' >\n<\/div><\/div><div class=\"flex_cell no_margin av_two_third  avia-builder-el-4  el_after_av_cell_one_third  avia-builder-el-last   \" style='vertical-align:top; padding:30px; '><div class='flex_cell_inner' ><p><div class=\"flex_column av_one_full  flex_column_div first  avia-builder-el-5  el_before_av_one_half  avia-builder-el-first  \" ><p><div  style='padding-bottom:30px; font-size:38px;' class='av-special-heading av-special-heading-h2  blockquote modern-quote  avia-builder-el-6  el_before_av_slideshow  avia-builder-el-first  av-inherit-size '><h2 class='av-special-heading-tag '  itemprop=\"headline\"  >Interfoni<\/h2><div class ='av-subheading av-subheading_below  ' style='font-size:15px;'><p>opis<\/p>\n<\/div><div class='special-heading-border'><div class='special-heading-inner-border' ><\/div><\/div><\/div><br \/>\n<div   data-size='no scaling'  data-lightbox_size='large'  data-animation='slide'  data-conditional_play=''  data-ids='1001,1002,1003,1004'  data-video_counter='0'  data-autoplay='true'  data-bg_slider='false'  data-slide_height=''  data-handle='av_slideshow'  data-interval='5'  data-class=' avia-builder-el-7  el_after_av_heading  avia-builder-el-last  '  data-el_id=''  data-css_id=''  data-scroll_down=''  data-control_layout=''  data-custom_markup=''  data-perma_caption=''  data-autoplay_stopper=''  data-image_attachment=''  data-min_height='0px'  class='avia-slideshow avia-slideshow-1  av-default-height-applied avia-slideshow-no scaling av_slideshow  avia-builder-el-7  el_after_av_heading  avia-builder-el-last   avia-slide-slider '  itemprop=\"image\" itemscope=\"itemscope\" itemtype=\"https:\/\/schema.org\/ImageObject\" ><ul class='avia-slideshow-inner ' style='padding-bottom: 50%;' ><li  class=' slide-1 ' ><a href='https:\/\/www.gardenlux.me\/web\/wp-content\/uploads\/2015\/05\/interfon1.jpg' data-rel='slideshow-1' class='avia-slide-wrap '   ><img src='https:\/\/www.gardenlux.me\/web\/wp-content\/uploads\/2015\/05\/interfon1.jpg' width='960' height='480' title='interfon1' alt='motori za kapije i garazna vrata'  itemprop=\"thumbnailUrl\"   \/><\/a><\/li><li  class=' slide-2 ' ><a href='https:\/\/www.gardenlux.me\/web\/wp-content\/uploads\/2015\/05\/interfon2.jpg' data-rel='slideshow-1' class='avia-slide-wrap '   ><img src='https:\/\/www.gardenlux.me\/web\/wp-content\/uploads\/2015\/05\/interfon2.jpg' width='960' height='480' title='interfon2' alt='motori za kapije i garazna vrata'  itemprop=\"thumbnailUrl\"   \/><\/a><\/li><li  class=' slide-3 ' ><a href='https:\/\/www.gardenlux.me\/web\/wp-content\/uploads\/2015\/05\/interfon3.jpg' data-rel='slideshow-1' class='avia-slide-wrap '   ><img src='https:\/\/www.gardenlux.me\/web\/wp-content\/uploads\/2015\/05\/interfon3.jpg' width='960' height='480' title='interfon3' alt='motori za kapije i garazna vrata'  itemprop=\"thumbnailUrl\"   \/><\/a><\/li><li  class=' slide-4 ' ><a href='https:\/\/www.gardenlux.me\/web\/wp-content\/uploads\/2015\/05\/interfon4.jpg' data-rel='slideshow-1' class='avia-slide-wrap '   ><img src='https:\/\/www.gardenlux.me\/web\/wp-content\/uploads\/2015\/05\/interfon4.jpg' width='960' height='480' title='interfon4' alt='motori za kapije i garazna vrata'  itemprop=\"thumbnailUrl\"   \/><\/a><\/li><\/ul><div class='avia-slideshow-arrows avia-slideshow-controls'><a href='#prev' class='prev-slide' aria-hidden='true' data-av_icon='\ue87c' data-av_iconfont='entypo-fontello'>Previous<\/a><a href='#next' class='next-slide' aria-hidden='true' data-av_icon='\ue87d' data-av_iconfont='entypo-fontello'>Next<\/a><\/div><div class='avia-slideshow-dots avia-slideshow-controls'><a href='#1' class='goto-slide active' >1<\/a><a href='#2' class='goto-slide ' >2<\/a><a href='#3' class='goto-slide ' >3<\/a><a href='#4' class='goto-slide ' >4<\/a><\/div><\/div><\/p><\/div><div class=\"flex_column av_one_half  flex_column_div first  avia-builder-el-8  el_after_av_one_full  el_before_av_one_half  column-top-margin\" ><p><div  class='avia-button-wrap avia-button-left  avia-builder-el-9  el_before_av_image  avia-builder-el-first ' ><a href='https:\/\/www.gardenlux.me\/web\/?page_id=998'  class='avia-button   avia-icon_select-no avia-color-theme-color avia-size-large avia-position-left '   ><span class='avia_iconbox_title' >INTERFON<\/span><\/a><\/div><br \/>\n<div  class='avia-image-container  av-styling-    avia-builder-el-10  el_after_av_button  el_before_av_textblock  avia-align-center '  itemprop=\"image\" itemscope=\"itemscope\" itemtype=\"https:\/\/schema.org\/ImageObject\"  ><div class='avia-image-container-inner'><div class='avia-image-overlay-wrap'><a href='https:\/\/www.gardenlux.me\/web\/?page_id=998' class='avia_image'  ><img class='avia_image ' src='https:\/\/www.gardenlux.me\/web\/wp-content\/uploads\/2015\/05\/interfon.jpg' alt='motori za kapije i garazna vrata' title='interfon'  itemprop=\"thumbnailUrl\"  \/><\/a><\/div><\/div><\/div><br \/>\n<section class=\"av_textblock_section \"  itemscope=\"itemscope\" itemtype=\"https:\/\/schema.org\/CreativeWork\" ><div class='avia_textblock  '   itemprop=\"text\" ><p><strong>Optimo<\/strong> spektar linearnih elektormehani\u010dkih motora nudi \u0161iroku mogu\u0107nost izbora izme\u0111u 230V i 24V verzije, sa sporim ili brzim kretanjem.<\/p>\n<\/div><\/section><br \/>\n<section class=\"av_textblock_section \"  itemscope=\"itemscope\" itemtype=\"https:\/\/schema.org\/CreativeWork\" ><div class='avia_textblock  '   itemprop=\"text\" ><p><a href=\"http:\/\/www.gardenlux.me\/download\/Video-interfon-uputstvo-engleski.pdf\" target=\"_blank\" rel=\"noopener noreferrer\">Preuzmite uputstvo za ugradnju video interfona na engleskom jeziku.<\/a><\/p>\n<\/div><\/section><\/p><\/div><div class=\"flex_column av_one_half  flex_column_div   avia-builder-el-13  el_after_av_one_half  avia-builder-el-last  column-top-margin\" ><section class=\"av_textblock_section \"  itemscope=\"itemscope\" itemtype=\"https:\/\/schema.org\/CreativeWork\" ><div class='avia_textblock  '   itemprop=\"text\" ><p>Interfoni<\/p>\n<h3>SPOLJA\u0160NJA JEDINICA<\/h3>\n<ul>\n<li>Spolja\u0161nje antivandal aluminijumsko kuci\u0161te<\/li>\n<li>Video senzor CMOS, 380 TV linija, socivo 3,6mm<\/li>\n<li>Infracrvene diode za nocni rad, minimalno osvetljenje 0,01 lux<\/li>\n<li>Domet infracrvenih dioda do 4m<\/li>\n<li>Vidno polje kamere 92 \u00b0<\/li>\n<li>Radna temperatura -15 do 50\u00b0<\/li>\n<\/ul>\n<h3>UNUTRA\u0160NJA JEDINICA<\/h3>\n<ul>\n<li>LCD Monitor \u00a07\u201d Kolor TFT<\/li>\n<li>Potro\u0161nja struje 10W, \u00a0&lt;0.5W \u00a0standby<\/li>\n<li>Rezolucija\u00a0 1440\u00d7234<\/li>\n<li>Dimenzije 255 X 165 X 28 mm<\/li>\n<li>Automatsko iskljucivanje 120 sec<\/li>\n<\/ul>\n<\/div><\/section><\/div><\/p>\n<\/div><\/div><\/div><div id='av_section_1'  class='avia-section main_color avia-section-default avia-no-shadow avia-bg-style-parallax  avia-builder-el-15  el_after_av_layout_row  el_before_av_section   container_wrap sidebar_right' style=' '  ><div class='container' ><div class='template-page content  av-content-small alpha units'><div class='post-entry post-entry-type-page post-entry-963'><div class='entry-content-wrapper clearfix'>\n<div class=\"flex_column av_one_fourth  flex_column_div first  avia-builder-el-16  el_before_av_one_fourth  avia-builder-el-first  \" ><p><div  class='avia-image-container avia_animated_image avia_animate_when_almost_visible pop-up av-styling-  noHover  av-overlay-on-hover   avia-builder-el-17  el_before_av_icon_box  avia-builder-el-first  avia-align-center '  itemprop=\"image\" itemscope=\"itemscope\" itemtype=\"https:\/\/schema.org\/ImageObject\"  ><div class='avia-image-container-inner'><div class='avia-image-overlay-wrap'><div class='av-image-caption-overlay'><div class='av-caption-image-overlay-bg' style='opacity:0.4; background-color:#444444; '><\/div><div class='av-image-caption-overlay-position'><div class='av-image-caption-overlay-center' style='color:#ffffff; font-size:20px; '><p>Op\u0161irnije<\/p>\n<\/div><\/div><\/div><img class='avia_image' src='https:\/\/www.gardenlux.me\/web\/wp-content\/uploads\/2014\/07\/small4-300x243.jpg' alt='' title='small4' height=\"243\" width=\"300\"  itemprop=\"thumbnailUrl\"  \/><\/div><\/div><\/div><br \/>\n<article  class=\"iconbox iconbox_left    avia-builder-el-18  el_after_av_image  avia-builder-el-last  \"  itemscope=\"itemscope\" itemtype=\"https:\/\/schema.org\/CreativeWork\" ><div class=\"iconbox_content\"><header class=\"entry-content-header\"><div class=\"iconbox_icon heading-color \" aria-hidden='true' data-av_icon='\ue912' data-av_iconfont='entypo-fontello'  ><\/div><h3 class='iconbox_content_title  '  itemprop=\"headline\"  >Prodaja rezanog i umjetnog cvije\u0107a<\/h3><\/header><div class='iconbox_content_container  '  itemprop=\"text\"  ><p>Lorem ipsum dolor sit amet, consectetuer adipiscing elit. Aenean commodo ligula eget dolor.<\/p>\n<\/div><\/div><footer class=\"entry-footer\"><\/footer><\/article><\/p><\/div><div class=\"flex_column av_one_fourth  flex_column_div   avia-builder-el-19  el_after_av_one_fourth  el_before_av_one_fourth  \" ><p><div  class='avia-image-container avia_animated_image avia_animate_when_almost_visible pop-up av-styling-  noHover  av-overlay-on-hover   avia-builder-el-20  el_before_av_icon_box  avia-builder-el-first  avia-align-center '  itemprop=\"image\" itemscope=\"itemscope\" itemtype=\"https:\/\/schema.org\/ImageObject\"  ><div class='avia-image-container-inner'><div class='avia-image-overlay-wrap'><div class='av-image-caption-overlay'><div class='av-caption-image-overlay-bg' style='opacity:0.4; background-color:#444444; '><\/div><div class='av-image-caption-overlay-position'><div class='av-image-caption-overlay-center' style='color:#ffffff; font-size:20px; '><p>Op\u0161irnije<\/p>\n<\/div><\/div><\/div><img class='avia_image' src='https:\/\/www.gardenlux.me\/web\/wp-content\/uploads\/2014\/07\/small3-300x243.jpg' alt='' title='small3' height=\"243\" width=\"300\"  itemprop=\"thumbnailUrl\"  \/><\/div><\/div><\/div><br \/>\n<article  class=\"iconbox iconbox_left    avia-builder-el-21  el_after_av_image  avia-builder-el-last  \"  itemscope=\"itemscope\" itemtype=\"https:\/\/schema.org\/CreativeWork\" ><div class=\"iconbox_content\"><header class=\"entry-content-header\"><div class=\"iconbox_icon heading-color \" aria-hidden='true' data-av_icon='\ue912' data-av_iconfont='entypo-fontello'  ><\/div><h3 class='iconbox_content_title  '  itemprop=\"headline\"  >Prodaja stakla, plastike i keramike<\/h3><\/header><div class='iconbox_content_container  '  itemprop=\"text\"  ><p>Lorem ipsum dolor sit amet, consectetuer adipiscing elit. Aenean commodo ligula eget dolor.<\/p>\n<\/div><\/div><footer class=\"entry-footer\"><\/footer><\/article><\/p><\/div><div class=\"flex_column av_one_fourth  flex_column_div   avia-builder-el-22  el_after_av_one_fourth  el_before_av_one_fourth  \" ><p><div  class='avia-image-container avia_animated_image avia_animate_when_almost_visible pop-up av-styling-  noHover  av-overlay-on-hover   avia-builder-el-23  el_before_av_icon_box  avia-builder-el-first  avia-align-center '  itemprop=\"image\" itemscope=\"itemscope\" itemtype=\"https:\/\/schema.org\/ImageObject\"  ><div class='avia-image-container-inner'><div class='avia-image-overlay-wrap'><div class='av-image-caption-overlay'><div class='av-caption-image-overlay-bg' style='opacity:0.4; background-color:#444444; '><\/div><div class='av-image-caption-overlay-position'><div class='av-image-caption-overlay-center' style='color:#ffffff; font-size:20px; '><p>Op\u0161irnije<\/p>\n<\/div><\/div><\/div><img class='avia_image' src='https:\/\/www.gardenlux.me\/web\/wp-content\/uploads\/2014\/07\/small2-300x243.jpg' alt='' title='small2' height=\"243\" width=\"300\"  itemprop=\"thumbnailUrl\"  \/><\/div><\/div><\/div><br \/>\n<article  class=\"iconbox iconbox_left    avia-builder-el-24  el_after_av_image  avia-builder-el-last  \"  itemscope=\"itemscope\" itemtype=\"https:\/\/schema.org\/CreativeWork\" ><div class=\"iconbox_content\"><header class=\"entry-content-header\"><div class=\"iconbox_icon heading-color \" aria-hidden='true' data-av_icon='\ue912' data-av_iconfont='entypo-fontello'  ><\/div><h3 class='iconbox_content_title  '  itemprop=\"headline\"  >Sistemi za zalivanje<\/h3><\/header><div class='iconbox_content_container  '  itemprop=\"text\"  ><p>Lorem ipsum dolor sit amet, consectetuer adipiscing elit. Aenean commodo ligula eget dolor.<\/p>\n<\/div><\/div><footer class=\"entry-footer\"><\/footer><\/article><\/p><\/div><div class=\"flex_column av_one_fourth  flex_column_div   avia-builder-el-25  el_after_av_one_fourth  avia-builder-el-last  \" ><p><div  class='avia-image-container avia_animated_image avia_animate_when_almost_visible pop-up av-styling-  noHover  av-overlay-on-hover   avia-builder-el-26  el_before_av_icon_box  avia-builder-el-first  avia-align-center '  itemprop=\"image\" itemscope=\"itemscope\" itemtype=\"https:\/\/schema.org\/ImageObject\"  ><div class='avia-image-container-inner'><div class='avia-image-overlay-wrap'><div class='av-image-caption-overlay'><div class='av-caption-image-overlay-bg' style='opacity:0.4; background-color:#444444; '><\/div><div class='av-image-caption-overlay-position'><div class='av-image-caption-overlay-center' style='color:#ffffff; font-size:20px; '><p>Op\u0161irnije<\/p>\n<\/div><\/div><\/div><img class='avia_image' src='https:\/\/www.gardenlux.me\/web\/wp-content\/uploads\/2014\/07\/small1-300x243.jpg' alt='' title='small1' height=\"243\" width=\"300\"  itemprop=\"thumbnailUrl\"  \/><\/div><\/div><\/div><br \/>\n<article  class=\"iconbox iconbox_left    avia-builder-el-27  el_after_av_image  avia-builder-el-last  \"  itemscope=\"itemscope\" itemtype=\"https:\/\/schema.org\/CreativeWork\" ><div class=\"iconbox_content\"><header class=\"entry-content-header\"><div class=\"iconbox_icon heading-color \" aria-hidden='true' data-av_icon='\ue912' data-av_iconfont='entypo-fontello'  ><\/div><h3 class='iconbox_content_title  '  itemprop=\"headline\"  >Dekoracija prostora<\/h3><\/header><div class='iconbox_content_container  '  itemprop=\"text\"  ><p>Lorem ipsum dolor sit amet, consectetuer adipiscing elit. Aenean commodo ligula eget dolor.<\/p>\n<\/div><\/div><footer class=\"entry-footer\"><\/footer><\/article><\/p><\/div>\n<\/p>\n<\/div><\/div><\/div><!-- close content main div --><\/div><\/div><div id='av_section_2'  class='avia-section main_color avia-section-small avia-no-shadow avia-full-stretch av-parallax-section avia-bg-style-parallax  avia-builder-el-28  el_after_av_section  avia-builder-el-last   container_wrap sidebar_right' style=' '  data-section-bg-repeat='stretch'><div class='av-parallax' data-avia-parallax-ratio='0.3' ><div class='av-parallax-inner main_color  avia-full-stretch' style = 'background-repeat: no-repeat; background-image: url(https:\/\/www.gardenlux.me\/web\/wp-content\/uploads\/2014\/07\/back2.jpg);background-attachment: scroll; background-position: top center; ' ><\/div><\/div><div class='container' ><div class='template-page content  av-content-small alpha units'><div class='post-entry post-entry-type-page post-entry-963'><div class='entry-content-wrapper clearfix'>\n<div  style='height:250px' class='hr hr-invisible   avia-builder-el-29  el_before_av_heading  avia-builder-el-first '><span class='hr-inner ' ><span class='hr-inner-style'><\/span><\/span><\/div>\n<div  style='padding-bottom:0px; color:#ffffff;font-size:80px;' class='av-special-heading av-special-heading-h1 custom-color-heading blockquote modern-quote  avia-builder-el-30  el_after_av_hr  avia-builder-el-last  av-inherit-size '><h1 class='av-special-heading-tag '  itemprop=\"headline\"  >Reference<\/h1><div class ='av-subheading av-subheading_below av_custom_color ' style='font-size:20px;'><p>Dekoracija enterijera i eksterijera<\/p>\n<\/div><div class='special-heading-border'><div class='special-heading-inner-border' style='border-color:#ffffff'><\/div><\/div><\/div>\n<\/div><\/div><\/div><!-- close content main div --><\/div><\/div><div id='after_section_2'  class='main_color av_default_container_wrap container_wrap sidebar_right' style=' '  ><div class='container' ><div class='template-page content  av-content-small alpha units'><div class='post-entry post-entry-type-page post-entry-963'><div class='entry-content-wrapper clearfix'>\n","protected":false},"excerpt":{"rendered":"","protected":false},"author":1,"featured_media":0,"parent":0,"menu_order":0,"comment_status":"closed","ping_status":"closed","template":"","meta":[],"_links":{"self":[{"href":"https:\/\/www.gardenlux.me\/web\/wp-json\/wp\/v2\/pages\/963"}],"collection":[{"href":"https:\/\/www.gardenlux.me\/web\/wp-json\/wp\/v2\/pages"}],"about":[{"href":"https:\/\/www.gardenlux.me\/web\/wp-json\/wp\/v2\/types\/page"}],"author":[{"embeddable":true,"href":"https:\/\/www.gardenlux.me\/web\/wp-json\/wp\/v2\/users\/1"}],"replies":[{"embeddable":true,"href":"https:\/\/www.gardenlux.me\/web\/wp-json\/wp\/v2\/comments?post=963"}],"version-history":[{"count":6,"href":"https:\/\/www.gardenlux.me\/web\/wp-json\/wp\/v2\/pages\/963\/revisions"}],"predecessor-version":[{"id":1230,"href":"https:\/\/www.gardenlux.me\/web\/wp-json\/wp\/v2\/pages\/963\/revisions\/1230"}],"wp:attachment":[{"href":"https:\/\/www.gardenlux.me\/web\/wp-json\/wp\/v2\/media?parent=963"}],"curies":[{"name":"wp","href":"https:\/\/api.w.org\/{rel}","templated":true}]}}