{"id":861,"date":"2015-05-05T06:18:22","date_gmt":"2015-05-05T05:18:22","guid":{"rendered":"http:\/\/www.gardenlux.me\/web\/?page_id=861"},"modified":"2017-09-21T14:35:27","modified_gmt":"2017-09-21T13:35:27","slug":"rotacioni-rasprskivaci","status":"publish","type":"page","link":"https:\/\/www.gardenlux.me\/web\/rotacioni-rasprskivaci\/","title":{"rendered":"Rotacioni rasprskiva\u010di"},"content":{"rendered":"<div id='layer_slider_1'  class='avia-layerslider main_color avia-shadow  avia-builder-el-0  el_before_av_layout_row  avia-builder-el-first  container_wrap sidebar_right' style='  height: 241px;' ><\/div>\n<div id='unutrasnji_nosac'  class='av-layout-grid-container entry-content-wrapper main_color av-flex-cells     avia-builder-el-1  el_after_av_layerslider  el_before_av_section  submenu-not-first container_wrap sidebar_right' style=' '  >\n<div class=\"flex_cell no_margin av_one_third  avia-builder-el-2  el_before_av_cell_two_third  avia-builder-el-first   \" style='vertical-align:top; padding:30px; '><div class='flex_cell_inner' ><div  class='avia-builder-widget-area clearfix  avia-builder-el-3  avia-builder-el-no-sibling '><div id=\"nav_menu-9\" class=\"widget clearfix widget_nav_menu\"><div class=\"menu-hunter-uopsteno-container\"><ul id=\"menu-hunter-uopsteno\" class=\"menu\"><li id=\"menu-item-501\" class=\"menu-item menu-item-type-custom menu-item-object-custom menu-item-501\"><a href=\"http:\/\/www.gardenlux.me\/web\/?p=499\">UOP\u0160TENO<\/a><\/li>\n<\/ul><\/div><\/div><\/div>\n<\/div><\/div><div class=\"flex_cell no_margin av_two_third  avia-builder-el-4  el_after_av_cell_one_third  avia-builder-el-last   \" style='vertical-align:top; padding:30px; '><div class='flex_cell_inner' ><p><div  style='padding-bottom:30px; font-size:38px;' class='av-special-heading av-special-heading-h2  blockquote modern-quote  avia-builder-el-5  el_before_av_two_third  avia-builder-el-first  av-inherit-size '><h2 class='av-special-heading-tag '  itemprop=\"headline\"  >ROTACIONI RASPRSKIVA\u010cI<\/h2><div class ='av-subheading av-subheading_below  ' style='font-size:15px;'><p>proizvodi<\/p>\n<\/div><div class='special-heading-border'><div class='special-heading-inner-border' ><\/div><\/div><\/div><br \/>\n<div class=\"flex_column av_two_third  flex_column_div first  avia-builder-el-6  el_after_av_heading  el_before_av_one_third  \" ><section class=\"av_textblock_section \"  itemscope=\"itemscope\" itemtype=\"https:\/\/schema.org\/CreativeWork\" ><div class='avia_textblock  '   itemprop=\"text\" ><div class=\"txt\">\n<h3><span style=\"color: #559932;\"><a style=\"color: #559932;\" href=\"http:\/\/www.gardenlux.me\/web\/rotacioni-rasprskivac-pgj\/\">Rotacioni rasprskiva\u010d PGJ<\/a><\/span><\/h3>\n<p>Rotacioni rasprskiva\u010di velikih performansi. Poseduje sve karakteristike i pogodnosti PGP rasprskiva\u010da: izdr\u017eljiv je, udoban i svestran. Redukovanih je dimenzija, mo\u017eemo ga zvati i &#8220;PGP Junior&#8221;. Vrlo je prakti\u010dan u izgradnji sistema za navodnjavanje manjih povr\u0161ina.<\/p>\n<\/div>\n<\/div><\/section><\/div><div class=\"flex_column av_one_third  flex_column_div   avia-builder-el-8  el_after_av_two_third  el_before_av_two_third  \" ><div  class='avia-image-container  av-styling-    avia-builder-el-9  avia-builder-el-no-sibling  avia-align-center '  itemprop=\"image\" itemscope=\"itemscope\" itemtype=\"https:\/\/schema.org\/ImageObject\"  ><div class='avia-image-container-inner'><div class='avia-image-overlay-wrap'><a href='https:\/\/www.gardenlux.me\/web\/rotacioni-rasprskivac-pgj\/' class='avia_image'  ><img class='avia_image ' src='https:\/\/www.gardenlux.me\/web\/wp-content\/uploads\/2015\/05\/slika.jpg' alt='' title='slika'  itemprop=\"thumbnailUrl\"  \/><\/a><\/div><\/div><\/div><\/div><div class=\"flex_column av_two_third  flex_column_div first  avia-builder-el-10  el_after_av_one_third  el_before_av_one_third  column-top-margin\" ><section class=\"av_textblock_section \"  itemscope=\"itemscope\" itemtype=\"https:\/\/schema.org\/CreativeWork\" ><div class='avia_textblock  av_inherit_color '   itemprop=\"text\" ><div class=\"txt\">\n<h3><a href=\"http:\/\/www.gardenlux.me\/web\/rotacioni-rasprskivac-pgp\/\"><span style=\"color: #559932;\">Rotacioni rasprskiva\u010d PGP<\/span><\/a><\/h3>\n<p>Standard i za projektante i za izvo\u0111a\u010de zalivnih sistema. U svetu najpopularniji i najvi\u0161e upotrebljavan rasprskiva\u010d u zalivnim sistemima za ba\u0161te i javne povr\u0161ine.<\/p>\n<\/div>\n<\/div><\/section><\/div><div class=\"flex_column av_one_third  flex_column_div   avia-builder-el-12  el_after_av_two_third  el_before_av_two_third  column-top-margin\" ><div  class='avia-image-container  av-styling-    avia-builder-el-13  avia-builder-el-no-sibling  avia-align-center '  itemprop=\"image\" itemscope=\"itemscope\" itemtype=\"https:\/\/schema.org\/ImageObject\"  ><div class='avia-image-container-inner'><div class='avia-image-overlay-wrap'><a href='https:\/\/www.gardenlux.me\/web\/rotacioni-rasprskivac-pgp\/' class='avia_image'  ><img class='avia_image ' src='https:\/\/www.gardenlux.me\/web\/wp-content\/uploads\/2015\/05\/slika1.jpg' alt='' title='slika'  itemprop=\"thumbnailUrl\"  \/><\/a><\/div><\/div><\/div><\/div><div class=\"flex_column av_two_third  flex_column_div first  avia-builder-el-14  el_after_av_one_third  el_before_av_one_third  column-top-margin\" ><section class=\"av_textblock_section \"  itemscope=\"itemscope\" itemtype=\"https:\/\/schema.org\/CreativeWork\" ><div class='avia_textblock  av_inherit_color '   itemprop=\"text\" ><div class=\"txt\">\n<h3><a href=\"http:\/\/www.gardenlux.me\/web\/rotacioni-rasprskivac-i-20\/\"><span style=\"color: #559932;\">Rotacioni rasprskiva\u010d I-20<\/span><\/a><\/h3>\n<p>Rotacioni rasprskiva\u010di velikih performansi. Poseduje sve karakteristike i pogodnosti PGP rasprskiva\u010da: izdr\u017eljiv je, udoban i svestran. Redukovanih je dimenzija, mo\u017eemo ga zvati i &#8220;PGP Junior&#8221;. Vrlo je prakti\u010dan u izgradnji sistema za navodnjavanje manjih povr\u0161ina.<\/p>\n<\/div>\n<\/div><\/section><\/div><div class=\"flex_column av_one_third  flex_column_div   avia-builder-el-16  el_after_av_two_third  el_before_av_two_third  column-top-margin\" ><div  class='avia-image-container  av-styling-    avia-builder-el-17  avia-builder-el-no-sibling  avia-align-center '  itemprop=\"image\" itemscope=\"itemscope\" itemtype=\"https:\/\/schema.org\/ImageObject\"  ><div class='avia-image-container-inner'><div class='avia-image-overlay-wrap'><a href='https:\/\/www.gardenlux.me\/web\/rotacioni-rasprskivac-i-20\/' class='avia_image'  ><img class='avia_image ' src='https:\/\/www.gardenlux.me\/web\/wp-content\/uploads\/2015\/05\/slika2.jpg' alt='' title='slika'  itemprop=\"thumbnailUrl\"  \/><\/a><\/div><\/div><\/div><\/div><div class=\"flex_column av_two_third  flex_column_div first  avia-builder-el-18  el_after_av_one_third  el_before_av_one_third  column-top-margin\" ><section class=\"av_textblock_section \"  itemscope=\"itemscope\" itemtype=\"https:\/\/schema.org\/CreativeWork\" ><div class='avia_textblock  av_inherit_color '   itemprop=\"text\" ><div class=\"txt\">\n<h3><a href=\"http:\/\/www.gardenlux.me\/web\/rotacioni-rasprskivac-i-25\/\"><span style=\"color: #559932;\">Rotacioni rasprskiva\u010d I-25<\/span><\/a><\/h3>\n<p>Rotacioni rasprskiva\u010d velikih performansi sa velikom raznovrsno\u0161\u0107u i efikasno\u0161\u0107u je pogodan za sve povr\u0161ine. Sa 12 vrste dizni, radijusom od 14,0 do 21,6 m i 2 tipa tela, I-25 je pravi izbor.<\/p>\n<\/div>\n<\/div><\/section><\/div><div class=\"flex_column av_one_third  flex_column_div   avia-builder-el-20  el_after_av_two_third  el_before_av_two_third  column-top-margin\" ><div  class='avia-image-container  av-styling-    avia-builder-el-21  avia-builder-el-no-sibling  avia-align-center '  itemprop=\"image\" itemscope=\"itemscope\" itemtype=\"https:\/\/schema.org\/ImageObject\"  ><div class='avia-image-container-inner'><div class='avia-image-overlay-wrap'><a href='https:\/\/www.gardenlux.me\/web\/rotacioni-rasprskivac-i-25\/' class='avia_image'  ><img class='avia_image ' src='https:\/\/www.gardenlux.me\/web\/wp-content\/uploads\/2015\/05\/slika3.jpg' alt='' title='slika'  itemprop=\"thumbnailUrl\"  \/><\/a><\/div><\/div><\/div><\/div><div class=\"flex_column av_two_third  flex_column_div first  avia-builder-el-22  el_after_av_one_third  el_before_av_one_third  column-top-margin\" ><section class=\"av_textblock_section \"  itemscope=\"itemscope\" itemtype=\"https:\/\/schema.org\/CreativeWork\" ><div class='avia_textblock  av_inherit_color '   itemprop=\"text\" ><div class=\"txt\">\n<h3><a href=\"http:\/\/www.gardenlux.me\/web\/rotacioni-rasprskivac-i-40\/\"><span style=\"color: #559932;\">Rotacioni rasprskiva\u010d I-40<\/span><\/a><\/h3>\n<p>Rotacioni rasprskiva\u010d velikih performansi sa velikom raznovrsno\u0161\u0107u i efikasno\u0161\u0107u je pogodan za sve povr\u0161ine. Sa 12 vrste dizni, radijusom od 13,1 do 23,2 m i 2 tipa tela, I-40 je pravi izbor.<\/p>\n<\/div>\n<\/div><\/section><\/div><div class=\"flex_column av_one_third  flex_column_div   avia-builder-el-24  el_after_av_two_third  el_before_av_two_third  column-top-margin\" ><div  class='avia-image-container  av-styling-    avia-builder-el-25  avia-builder-el-no-sibling  avia-align-center '  itemprop=\"image\" itemscope=\"itemscope\" itemtype=\"https:\/\/schema.org\/ImageObject\"  ><div class='avia-image-container-inner'><div class='avia-image-overlay-wrap'><a href='https:\/\/www.gardenlux.me\/web\/rotacioni-rasprskivac-i-40\/' class='avia_image'  ><img class='avia_image ' src='https:\/\/www.gardenlux.me\/web\/wp-content\/uploads\/2015\/05\/slika4.jpg' alt='' title='slika'  itemprop=\"thumbnailUrl\"  \/><\/a><\/div><\/div><\/div><\/div><div class=\"flex_column av_two_third  flex_column_div first  avia-builder-el-26  el_after_av_one_third  el_before_av_one_third  column-top-margin\" ><section class=\"av_textblock_section \"  itemscope=\"itemscope\" itemtype=\"https:\/\/schema.org\/CreativeWork\" ><div class='avia_textblock  av_inherit_color '   itemprop=\"text\" ><div class=\"txt\">\n<h3><a href=\"http:\/\/www.gardenlux.me\/web\/rotacioni-rasprskivac-i-60\/\"><span style=\"color: #559932;\">Rotacioni rasprskiva\u010d I-60<\/span><\/a><\/h3>\n<p>Rotacioni rasprskiva\u010d velikih performansi sa velikom raznovrsno\u0161\u0107u i efikasno\u0161\u0107u je pogodan za sve povr\u0161ine. Sa 6 vrste dizni, radijusom od 14.9 do 20.4 m i 2 tipa tela, I-60 je pravi izbor.<\/p>\n<\/div>\n<\/div><\/section><\/div><div class=\"flex_column av_one_third  flex_column_div   avia-builder-el-28  el_after_av_two_third  el_before_av_two_third  column-top-margin\" ><div  class='avia-image-container  av-styling-    avia-builder-el-29  avia-builder-el-no-sibling  avia-align-center '  itemprop=\"image\" itemscope=\"itemscope\" itemtype=\"https:\/\/schema.org\/ImageObject\"  ><div class='avia-image-container-inner'><div class='avia-image-overlay-wrap'><a href='https:\/\/www.gardenlux.me\/web\/rotacioni-rasprskivac-i-60\/' class='avia_image'  ><img class='avia_image ' src='https:\/\/www.gardenlux.me\/web\/wp-content\/uploads\/2015\/05\/slika4.jpg' alt='' title='slika'  itemprop=\"thumbnailUrl\"  \/><\/a><\/div><\/div><\/div><\/div><div class=\"flex_column av_two_third  flex_column_div first  avia-builder-el-30  el_after_av_one_third  el_before_av_one_third  column-top-margin\" ><section class=\"av_textblock_section \"  itemscope=\"itemscope\" itemtype=\"https:\/\/schema.org\/CreativeWork\" ><div class='avia_textblock  av_inherit_color '   itemprop=\"text\" ><div class=\"txt\">\n<h3><a href=\"http:\/\/www.gardenlux.me\/web\/rotacioni-rasprskivac-i-90\/\"><span style=\"color: #559932;\">Rotacioni rasprskiva\u010d I-90<\/span><\/a><\/h3>\n<p>Rasprskiva\u010di velikih performansi sa najve\u0107im pre\u010dnikom zalivanja. Vrlo pogodni za velike i otvorenih zelene povr\u0161ine. Koriste se za navodnjavanje parkova, sportskih terena i sli\u010dno.<\/p>\n<\/div>\n<\/div><\/section><\/div><div class=\"flex_column av_one_third  flex_column_div   avia-builder-el-32  el_after_av_two_third  avia-builder-el-last  column-top-margin\" ><div  class='avia-image-container  av-styling-    avia-builder-el-33  avia-builder-el-no-sibling  avia-align-center '  itemprop=\"image\" itemscope=\"itemscope\" itemtype=\"https:\/\/schema.org\/ImageObject\"  ><div class='avia-image-container-inner'><div class='avia-image-overlay-wrap'><a href='https:\/\/www.gardenlux.me\/web\/rotacioni-rasprskivac-i-90\/' class='avia_image'  ><img class='avia_image ' src='https:\/\/www.gardenlux.me\/web\/wp-content\/uploads\/2015\/05\/slika5.jpg' alt='' title='slika'  itemprop=\"thumbnailUrl\"  \/><\/a><\/div><\/div><\/div><\/div><\/p>\n<\/div><\/div>\n<\/div>\n<div id='av_section_1'  class='avia-section main_color avia-section-default avia-no-shadow avia-bg-style-parallax  avia-builder-el-34  el_after_av_layout_row  el_before_av_section   container_wrap sidebar_right' style=' '  ><div class='container' ><div class='template-page content  av-content-small alpha units'><div class='post-entry post-entry-type-page post-entry-861'><div class='entry-content-wrapper clearfix'>\n<div class=\"flex_column av_one_fourth  flex_column_div first  avia-builder-el-35  el_before_av_one_fourth  avia-builder-el-first  \" ><p><div  class='avia-image-container avia_animated_image avia_animate_when_almost_visible pop-up av-styling-  noHover  av-overlay-on-hover   avia-builder-el-36  el_before_av_icon_box  avia-builder-el-first  avia-align-center '  itemprop=\"image\" itemscope=\"itemscope\" itemtype=\"https:\/\/schema.org\/ImageObject\"  ><div class='avia-image-container-inner'><div class='avia-image-overlay-wrap'><a href='https:\/\/www.gardenlux.me\/web\/dekorativni-kamen\/' class='avia_image'  ><div class='av-image-caption-overlay'><div class='av-caption-image-overlay-bg' style='opacity:0.4; background-color:#444444; '><\/div><div class='av-image-caption-overlay-position'><div class='av-image-caption-overlay-center' style='color:#ffffff; font-size:20px; '><p>Op\u0161irnije<\/p>\n<\/div><\/div><\/div><img class='avia_image ' src='https:\/\/www.gardenlux.me\/web\/wp-content\/uploads\/2014\/07\/kamenje.jpg' alt='PEBBLES - WHITE THASOS - Dekorativni kamen' title='kamenje'  itemprop=\"thumbnailUrl\"  \/><\/a><\/div><\/div><\/div><br \/>\n<article  class=\"iconbox iconbox_left    avia-builder-el-37  el_after_av_image  avia-builder-el-last  \"  itemscope=\"itemscope\" itemtype=\"https:\/\/schema.org\/CreativeWork\" ><div class=\"iconbox_content\"><header class=\"entry-content-header\"><a href='https:\/\/www.gardenlux.me\/web\/dekorativni-kamen\/' title='DEKORATIVNI KAMEN'  class=\"iconbox_icon heading-color \" aria-hidden='true' data-av_icon='\ue912' data-av_iconfont='entypo-fontello'  ><\/a><h3 class='iconbox_content_title  '  itemprop=\"headline\"  ><a href='https:\/\/www.gardenlux.me\/web\/dekorativni-kamen\/' title='DEKORATIVNI KAMEN' >DEKORATIVNI KAMEN<\/a><\/h3><\/header><div class='iconbox_content_container  '  itemprop=\"text\"  ><p>Uz malo kreativnosti i ideja mnogi vlasnici ku\u0107a kod nas pronalaze materijal za ostvarivanje svojih zamisli.<\/p>\n<\/div><\/div><footer class=\"entry-footer\"><\/footer><\/article><\/p><\/div><div class=\"flex_column av_one_fourth  flex_column_div   avia-builder-el-38  el_after_av_one_fourth  el_before_av_one_fourth  \" ><p><div  class='avia-image-container avia_animated_image avia_animate_when_almost_visible pop-up av-styling-  noHover  av-overlay-on-hover   avia-builder-el-39  el_before_av_icon_box  avia-builder-el-first  avia-align-center '  itemprop=\"image\" itemscope=\"itemscope\" itemtype=\"https:\/\/schema.org\/ImageObject\"  ><div class='avia-image-container-inner'><div class='avia-image-overlay-wrap'><a href='https:\/\/www.gardenlux.me\/web\/hunter-sistemi-za-navodnjavanje\/' class='avia_image'  ><div class='av-image-caption-overlay'><div class='av-caption-image-overlay-bg' style='opacity:0.4; background-color:#444444; '><\/div><div class='av-image-caption-overlay-position'><div class='av-image-caption-overlay-center' style='color:#ffffff; font-size:20px; '><p>Op\u0161irnije<\/p>\n<\/div><\/div><\/div><img class='avia_image ' src='https:\/\/www.gardenlux.me\/web\/wp-content\/uploads\/2014\/07\/small2-300x243.jpg' alt='' title='small2'  itemprop=\"thumbnailUrl\"  \/><\/a><\/div><\/div><\/div><br \/>\n<article  class=\"iconbox iconbox_left    avia-builder-el-40  el_after_av_image  avia-builder-el-last  \"  itemscope=\"itemscope\" itemtype=\"https:\/\/schema.org\/CreativeWork\" ><div class=\"iconbox_content\"><header class=\"entry-content-header\"><div class=\"iconbox_icon heading-color \" aria-hidden='true' data-av_icon='\ue912' data-av_iconfont='entypo-fontello'  ><\/div><h3 class='iconbox_content_title  '  itemprop=\"headline\"  ><a href='https:\/\/www.gardenlux.me\/web\/hunter-sistemi-za-navodnjavanje\/' title='Sistemi za zalivanje'  >Sistemi za zalivanje<\/a><\/h3><\/header><div class='iconbox_content_container  '  itemprop=\"text\"  ><p>Savjetovanje, projektovanje i ugradnja sistema za navodnjavanje u skladu sa va\u0161im \u017eeljama i zahtjevima.<\/p>\n<\/div><\/div><footer class=\"entry-footer\"><\/footer><\/article><\/p><\/div><div class=\"flex_column av_one_fourth  flex_column_div   avia-builder-el-41  el_after_av_one_fourth  el_before_av_one_fourth  \" ><p><div  class='avia-image-container avia_animated_image avia_animate_when_almost_visible pop-up av-styling-  noHover  av-overlay-on-hover   avia-builder-el-42  el_before_av_icon_box  avia-builder-el-first  avia-align-center '  itemprop=\"image\" itemscope=\"itemscope\" itemtype=\"https:\/\/schema.org\/ImageObject\"  ><div class='avia-image-container-inner'><div class='avia-image-overlay-wrap'><a href='https:\/\/www.gardenlux.me\/web\/poliext-plasticni-raster-sa-ojacanim-zidom\/' class='avia_image'  ><div class='av-image-caption-overlay'><div class='av-caption-image-overlay-bg' style='opacity:0.4; background-color:#444444; '><\/div><div class='av-image-caption-overlay-position'><div class='av-image-caption-overlay-center' style='color:#ffffff; font-size:20px; '><p>Op\u0161irnije<\/p>\n<\/div><\/div><\/div><img class='avia_image ' src='https:\/\/www.gardenlux.me\/web\/wp-content\/uploads\/2014\/07\/poliext.jpg' alt='' title='poliext'  itemprop=\"thumbnailUrl\"  \/><\/a><\/div><\/div><\/div><br \/>\n<article  class=\"iconbox iconbox_left    avia-builder-el-43  el_after_av_image  avia-builder-el-last  \"  itemscope=\"itemscope\" itemtype=\"https:\/\/schema.org\/CreativeWork\" ><div class=\"iconbox_content\"><header class=\"entry-content-header\"><a href='https:\/\/www.gardenlux.me\/web\/poliext-plasticni-raster-sa-ojacanim-zidom\/' title='POLIEXT\u00ae PLASTI\u010cNI RASTER'  class=\"iconbox_icon heading-color \" aria-hidden='true' data-av_icon='\ue912' data-av_iconfont='entypo-fontello'  ><\/a><h3 class='iconbox_content_title  '  itemprop=\"headline\"  ><a href='https:\/\/www.gardenlux.me\/web\/poliext-plasticni-raster-sa-ojacanim-zidom\/' title='POLIEXT\u00ae PLASTI\u010cNI RASTER' >POLIEXT\u00ae PLASTI\u010cNI RASTER<\/a><\/h3><\/header><div class='iconbox_content_container  '  itemprop=\"text\"  ><p>Proizveden od materijala koji \u010duva prirodnu okolinu.\u00a0Mo\u017ee se potpuno reciklirati.\u00a0Otporan na UV zra\u010denje.<\/p>\n<\/div><\/div><footer class=\"entry-footer\"><\/footer><\/article><\/p><\/div><div class=\"flex_column av_one_fourth  flex_column_div   avia-builder-el-44  el_after_av_one_fourth  avia-builder-el-last  \" ><p><div  class='avia-image-container avia_animated_image avia_animate_when_almost_visible pop-up av-styling-  noHover  av-overlay-on-hover   avia-builder-el-45  el_before_av_icon_box  avia-builder-el-first  avia-align-center '  itemprop=\"image\" itemscope=\"itemscope\" itemtype=\"https:\/\/schema.org\/ImageObject\"  ><div class='avia-image-container-inner'><div class='avia-image-overlay-wrap'><a href='https:\/\/www.gardenlux.me\/web\/planiranje-i-projektovanje-zelenih-povrsina\/' class='avia_image'  ><div class='av-image-caption-overlay'><div class='av-caption-image-overlay-bg' style='opacity:0.4; background-color:#444444; '><\/div><div class='av-image-caption-overlay-position'><div class='av-image-caption-overlay-center' style='color:#ffffff; font-size:20px; '><p>Op\u0161irnije<\/p>\n<\/div><\/div><\/div><img class='avia_image ' src='https:\/\/www.gardenlux.me\/web\/wp-content\/uploads\/2014\/07\/landscaping.jpg' alt='' title='landscaping'  itemprop=\"thumbnailUrl\"  \/><\/a><\/div><\/div><\/div><br \/>\n<article  class=\"iconbox iconbox_left    avia-builder-el-46  el_after_av_image  avia-builder-el-last  \"  itemscope=\"itemscope\" itemtype=\"https:\/\/schema.org\/CreativeWork\" ><div class=\"iconbox_content\"><header class=\"entry-content-header\"><a href='https:\/\/www.gardenlux.me\/web\/planiranje-i-projektovanje-zelenih-povrsina\/' title='Projektovanje zelenih povr\u0161ina'  class=\"iconbox_icon heading-color \" aria-hidden='true' data-av_icon='\ue912' data-av_iconfont='entypo-fontello'  ><\/a><h3 class='iconbox_content_title  '  itemprop=\"headline\"  ><a href='https:\/\/www.gardenlux.me\/web\/planiranje-i-projektovanje-zelenih-povrsina\/' title='Projektovanje zelenih povr\u0161ina' >Projektovanje zelenih povr\u0161ina<\/a><\/h3><\/header><div class='iconbox_content_container  '  itemprop=\"text\"  ><p>Garden Lux se bavi projektovanjem i planiranjem zelenih povr\u0161ina svih vrsta i namjena.<\/p>\n<\/div><\/div><footer class=\"entry-footer\"><\/footer><\/article><\/p><\/div><\/div><\/div><\/div><!-- close content main div --><\/div><\/div><div id='av_section_2'  class='avia-section main_color avia-section-small avia-no-shadow avia-full-stretch av-parallax-section avia-bg-style-parallax  avia-builder-el-47  el_after_av_section  avia-builder-el-last   container_wrap sidebar_right' style=' '  data-section-bg-repeat='stretch'><div class='av-parallax' data-avia-parallax-ratio='0.3' ><div class='av-parallax-inner main_color  avia-full-stretch' style = 'background-repeat: no-repeat; background-image: url(https:\/\/www.gardenlux.me\/web\/wp-content\/uploads\/2014\/07\/back2.jpg);background-attachment: scroll; background-position: top center; ' ><\/div><\/div><div class='container' ><div class='template-page content  av-content-small alpha units'><div class='post-entry post-entry-type-page post-entry-861'><div class='entry-content-wrapper clearfix'>\n<div  style='height:250px' class='hr hr-invisible   avia-builder-el-48  el_before_av_heading  avia-builder-el-first '><span class='hr-inner ' ><span class='hr-inner-style'><\/span><\/span><\/div>\n<div  style='padding-bottom:0px; color:#ffffff;font-size:80px;' class='av-special-heading av-special-heading-h1 custom-color-heading blockquote modern-quote  avia-builder-el-49  el_after_av_hr  avia-builder-el-last  av-inherit-size '><h1 class='av-special-heading-tag '  itemprop=\"headline\"  >Reference<\/h1><div class ='av-subheading av-subheading_below av_custom_color ' style='font-size:20px;'><p>Dekoracija enterijera i eksterijera<\/p>\n<\/div><div class='special-heading-border'><div class='special-heading-inner-border' style='border-color:#ffffff'><\/div><\/div><\/div>\n<\/div><\/div><\/div><!-- close content main div --><\/div><\/div><div id='after_section_2'  class='main_color av_default_container_wrap container_wrap sidebar_right' style=' '  ><div class='container' ><div class='template-page content  av-content-small alpha units'><div class='post-entry post-entry-type-page post-entry-861'><div class='entry-content-wrapper clearfix'><\/p>\n","protected":false},"excerpt":{"rendered":"","protected":false},"author":1,"featured_media":0,"parent":0,"menu_order":0,"comment_status":"closed","ping_status":"closed","template":"","meta":[],"_links":{"self":[{"href":"https:\/\/www.gardenlux.me\/web\/wp-json\/wp\/v2\/pages\/861"}],"collection":[{"href":"https:\/\/www.gardenlux.me\/web\/wp-json\/wp\/v2\/pages"}],"about":[{"href":"https:\/\/www.gardenlux.me\/web\/wp-json\/wp\/v2\/types\/page"}],"author":[{"embeddable":true,"href":"https:\/\/www.gardenlux.me\/web\/wp-json\/wp\/v2\/users\/1"}],"replies":[{"embeddable":true,"href":"https:\/\/www.gardenlux.me\/web\/wp-json\/wp\/v2\/comments?post=861"}],"version-history":[{"count":17,"href":"https:\/\/www.gardenlux.me\/web\/wp-json\/wp\/v2\/pages\/861\/revisions"}],"predecessor-version":[{"id":1396,"href":"https:\/\/www.gardenlux.me\/web\/wp-json\/wp\/v2\/pages\/861\/revisions\/1396"}],"wp:attachment":[{"href":"https:\/\/www.gardenlux.me\/web\/wp-json\/wp\/v2\/media?parent=861"}],"curies":[{"name":"wp","href":"https:\/\/api.w.org\/{rel}","templated":true}]}}