{"id":807,"date":"2015-04-29T10:46:23","date_gmt":"2015-04-29T09:46:23","guid":{"rendered":"http:\/\/www.gardenlux.me\/web\/?page_id=807"},"modified":"2015-06-26T09:09:56","modified_gmt":"2015-06-26T08:09:56","slug":"poliext-plasticni-raster-sa-ojacanim-zidom","status":"publish","type":"page","link":"https:\/\/www.gardenlux.me\/web\/poliext-plasticni-raster-sa-ojacanim-zidom\/","title":{"rendered":"POLIEXT PLASTI\u010cNI RASTER"},"content":{"rendered":"<div id='layer_slider_1'  class='avia-layerslider main_color avia-shadow  avia-builder-el-0  el_before_av_layout_row  avia-builder-el-first  container_wrap sidebar_right' style='  height: 241px;' ><\/div>\n<div id='unutrasnji_nosac'  class='av-layout-grid-container entry-content-wrapper main_color av-flex-cells     avia-builder-el-1  el_after_av_layerslider  el_before_av_section  submenu-not-first container_wrap sidebar_right' style=' '  >\n<div class=\"flex_cell no_margin av_one_third  avia-builder-el-2  el_before_av_cell_two_third  avia-builder-el-first   \" style='vertical-align:top; padding:30px; '><div class='flex_cell_inner' ><div  class='avia-builder-widget-area clearfix  avia-builder-el-3  avia-builder-el-no-sibling '><div id=\"nav_menu-9\" class=\"widget clearfix widget_nav_menu\"><div class=\"menu-hunter-uopsteno-container\"><ul id=\"menu-hunter-uopsteno\" class=\"menu\"><li id=\"menu-item-501\" class=\"menu-item menu-item-type-custom menu-item-object-custom menu-item-501\"><a href=\"http:\/\/www.gardenlux.me\/web\/?p=499\">UOP\u0160TENO<\/a><\/li>\n<\/ul><\/div><\/div><\/div>\n<\/div><\/div><div class=\"flex_cell no_margin av_two_third  avia-builder-el-4  el_after_av_cell_one_third  avia-builder-el-last   \" style='vertical-align:top; padding:30px; '><div class='flex_cell_inner' ><div class=\"flex_column av_one_full  flex_column_div first  avia-builder-el-5  avia-builder-el-no-sibling  \" ><p><div  style='padding-bottom:0px; font-size:30px;' class='av-special-heading av-special-heading-h2  blockquote modern-quote  avia-builder-el-6  el_before_av_textblock  avia-builder-el-first  av-inherit-size '><h2 class='av-special-heading-tag '  itemprop=\"headline\"  >POLIEXT\u00ae PLASTI\u010cNI RASTER SA OJA\u010cANIM ZIDOM<\/h2><div class ='av-subheading av-subheading_below  ' style='font-size:15px;'><p>opis<\/p>\n<\/div><div class='special-heading-border'><div class='special-heading-inner-border' ><\/div><\/div><\/div><br \/>\n<section class=\"av_textblock_section \"  itemscope=\"itemscope\" itemtype=\"https:\/\/schema.org\/CreativeWork\" ><div class='avia_textblock  '   itemprop=\"text\" ><p>Poliext plasti\u010dni raster \u010duva busen trave od ga\u017eenja.<\/p>\n<h3><span style=\"color: #7ca84f;\"><u>Opis i namjena rastera za travu<\/u><\/span><\/h3>\n<ul>\n<li>Proizveden od materijala koji \u010duva prirodnu okolinu<\/li>\n<li>Mo\u017ee se potpuno reciklirati<\/li>\n<li>Otporan na UV zra\u010denje<\/li>\n<li>Otporan na ekstremne uticaje godi\u0161njih doba<\/li>\n<li>Kvalitetno i efikasno re\u0161enje za za\u0161titu busena trave kod parking travnjaka<\/li>\n<li>Kvalitetno i efikasno re\u0161enje protiv erozije tla<\/li>\n<\/ul>\n<h3><span style=\"color: #7ca84f;\"><u>Mogu\u0107nost primJene<\/u><\/span><\/h3>\n<ul>\n<li>formiranje parkinga (ispuna: trava ili sitno kamenje)<\/li>\n<li>oblikovanje drugih travnatih povr\u0161ina (trotoari, stabilizovanje travnjaka pored asfalta)<\/li>\n<li>oblikovanje i u\u010dvr\u0161\u0107avanje parkovskih pje\u0161a\u010dkih staza<\/li>\n<li>formiranje kosih travnatih zidova jaraka, kanala i obalnih povr\u0161ina<\/li>\n<li>stabilizovanje prilaza priobalnim povr\u0161inama<\/li>\n<li>dizajn besprekornih i lako odr\u017eivih travnatih povr\u0161ina bilo kog izgleda i veli\u010dine<\/li>\n<\/ul>\n<h3><span style=\"color: #7ca84f;\"><u>Tehni\u010dke karakteristike<\/u><\/span><\/h3>\n<ul>\n<li>Materijal: polietilen<\/li>\n<li>Vanjske dimenzije: 480 x 480 x 48 mm<\/li>\n<li>Te\u017eina po m\u00b2: 7,5 kg<\/li>\n<li>Mogu\u0107nost vertikalnog optere\u0107enja: do 10 t (samo ako je pravilno postavljen)<\/li>\n<\/ul>\n<h3><span style=\"color: #7ca84f;\">Na\u010din postavljanja i podizanje travnjaka u plasti\u010dnom rasteru<\/span><\/h3>\n<p>Smje\u0161a za ispunu plasti\u010dnog rastera sastoji se od: plodne zemlje, treseta i pijeska u razmjeri 3:2:1. Plodnu zemlju dobro o\u010distiti od raznih ne\u010disto\u0107a kao \u0161to su korenje, gran\u010dice, veliko grumenje. Plodnu zemlju, treset i pijesak treba dobro izmije\u0161ati u odgovarajucoj razmjeri pomo\u0107u lopate ili betonske me\u0161alice, a zatim izvrsiti ispunu plasti\u010dnog rastera do visine od 4 cm. Ravnomjerno razastiranje unutar rastera posti\u017ee se pomo\u0107u lopate, grabulja i metle.<\/p>\n<p>Nakon toga, potrebno je obilno zaliti cijelu povr\u0161inu ru\u010dno (upotrebiti raspr\u0161eni \u00a0mlaz vode) ili pomo\u0107u sistema za navodnjavanje. Naredni korak je sjetva sjemena. Sjetvu semena izvr\u0161iti oma\u0161kom, vode\u0107i pri tome ra\u010duna da seme bude ravnomerno raspore\u0111eno u svakoj kocki rastera. Posijano sjeme prekriti fino prosijanom plodnom zemljom u tankom sloju, a zatim zaliti.<\/p>\n<p>U po\u010detku, dok ne nikne trava, zalivati otprilike 2-4 puta u toku dana, tako da zemlja bude uvijek vla\u017ena. Broj zalivanja zavisi od vremena sjetve (prolje\u0107e, jesen ili ljeto), ali i od samih vremenskih prilika.<\/p>\n<h3><span style=\"color: #7ca84f;\">Odr\u017eavanje<\/span><\/h3>\n<p>Prihranu travnjaka u plasticnom rasteru vrsiti 2 puta godisnje<\/p>\n<p>Travnjak zalivati jedan do dva puta u toku dana u zavisnostosti od godisnjeg doba. Za optimalne rezultate preporu\u010dujemo kori\u0161\u0107enje automatizovanog pop-up sistema za navodnjavanje firme HUNTER. Ko\u0161enje vr\u0161iti jedanput nedeljno. Visinu noza na kosilici podesiti na visinu od 3-4 cm.<\/p>\n<\/div><\/section><br \/>\n<div  class='avia-gallery  avia-gallery-1 avia_lazyload avia-gallery-animate avia_animate_when_visible  avia-builder-el-8  el_after_av_textblock  el_before_av_gallery '  itemprop=\"image\" itemscope=\"itemscope\" itemtype=\"https:\/\/schema.org\/ImageObject\" ><div class='avia-gallery-thumb'> <a href='https:\/\/www.gardenlux.me\/web\/wp-content\/uploads\/2015\/04\/00128.jpg' data-rel='gallery-1' data-prev-img='https:\/\/www.gardenlux.me\/web\/wp-content\/uploads\/2015\/04\/00128-495x400.jpg' class='first_thumb lightbox ' data-onclick='1' title=''  itemprop=\"thumbnailUrl\" ><img  src='https:\/\/www.gardenlux.me\/web\/wp-content\/uploads\/2015\/04\/00128.jpg' width='800' height='600'  title='001' alt='' \/><\/a> <a href='https:\/\/www.gardenlux.me\/web\/wp-content\/uploads\/2015\/04\/00227.jpg' data-rel='gallery-1' data-prev-img='https:\/\/www.gardenlux.me\/web\/wp-content\/uploads\/2015\/04\/00227-495x400.jpg' class='lightbox ' data-onclick='2' title=''  itemprop=\"thumbnailUrl\" ><img  src='https:\/\/www.gardenlux.me\/web\/wp-content\/uploads\/2015\/04\/00227.jpg' width='800' height='600'  title='002' alt='' \/><\/a> <a href='https:\/\/www.gardenlux.me\/web\/wp-content\/uploads\/2015\/04\/00325.jpg' data-rel='gallery-1' data-prev-img='https:\/\/www.gardenlux.me\/web\/wp-content\/uploads\/2015\/04\/00325-495x400.jpg' class='lightbox ' data-onclick='3' title=''  itemprop=\"thumbnailUrl\" ><img  src='https:\/\/www.gardenlux.me\/web\/wp-content\/uploads\/2015\/04\/00325.jpg' width='800' height='600'  title='003' alt='' \/><\/a> <a href='https:\/\/www.gardenlux.me\/web\/wp-content\/uploads\/2015\/04\/00419.jpg' data-rel='gallery-1' data-prev-img='https:\/\/www.gardenlux.me\/web\/wp-content\/uploads\/2015\/04\/00419-495x400.jpg' class='lightbox ' data-onclick='4' title=''  itemprop=\"thumbnailUrl\" ><img  src='https:\/\/www.gardenlux.me\/web\/wp-content\/uploads\/2015\/04\/00419.jpg' width='800' height='600'  title='004' alt='' \/><\/a><\/div><\/div><br \/>\n<div  class='avia-gallery  avia-gallery-2 deactivate_avia_lazyload avia-gallery-animate avia_animate_when_visible  avia-builder-el-9  el_after_av_gallery  el_before_av_hr '  itemprop=\"image\" itemscope=\"itemscope\" itemtype=\"https:\/\/schema.org\/ImageObject\" ><div class='avia-gallery-thumb'> <a href='https:\/\/www.gardenlux.me\/web\/wp-content\/uploads\/2015\/04\/00512.jpg' data-rel='gallery-2' data-prev-img='https:\/\/www.gardenlux.me\/web\/wp-content\/uploads\/2015\/04\/00512-495x400.jpg' class='first_thumb lightbox ' data-onclick='1' title=''  itemprop=\"thumbnailUrl\" ><img  src='https:\/\/www.gardenlux.me\/web\/wp-content\/uploads\/2015\/04\/00512.jpg' width='800' height='600'  title='005' alt='' \/><\/a> <a href='https:\/\/www.gardenlux.me\/web\/wp-content\/uploads\/2015\/04\/0066.jpg' data-rel='gallery-2' data-prev-img='https:\/\/www.gardenlux.me\/web\/wp-content\/uploads\/2015\/04\/0066-495x400.jpg' class='lightbox ' data-onclick='2' title=''  itemprop=\"thumbnailUrl\" ><img  src='https:\/\/www.gardenlux.me\/web\/wp-content\/uploads\/2015\/04\/0066.jpg' width='800' height='600'  title='006' alt='' \/><\/a> <a href='https:\/\/www.gardenlux.me\/web\/wp-content\/uploads\/2015\/04\/0074.jpg' data-rel='gallery-2' data-prev-img='https:\/\/www.gardenlux.me\/web\/wp-content\/uploads\/2015\/04\/0074-495x400.jpg' class='lightbox ' data-onclick='3' title=''  itemprop=\"thumbnailUrl\" ><img  src='https:\/\/www.gardenlux.me\/web\/wp-content\/uploads\/2015\/04\/0074.jpg' width='800' height='600'  title='007' alt='' \/><\/a> <a href='https:\/\/www.gardenlux.me\/web\/wp-content\/uploads\/2015\/04\/0083.jpg' data-rel='gallery-2' data-prev-img='https:\/\/www.gardenlux.me\/web\/wp-content\/uploads\/2015\/04\/0083-495x400.jpg' class='lightbox ' data-onclick='4' title=''  itemprop=\"thumbnailUrl\" ><img  src='https:\/\/www.gardenlux.me\/web\/wp-content\/uploads\/2015\/04\/0083.jpg' width='800' height='600'  title='008' alt='' \/><\/a> <a href='https:\/\/www.gardenlux.me\/web\/wp-content\/uploads\/2015\/04\/0093.jpg' data-rel='gallery-2' data-prev-img='https:\/\/www.gardenlux.me\/web\/wp-content\/uploads\/2015\/04\/0093-495x400.jpg' class='lightbox ' data-onclick='5' title=''  itemprop=\"thumbnailUrl\" ><img  src='https:\/\/www.gardenlux.me\/web\/wp-content\/uploads\/2015\/04\/0093.jpg' width='800' height='600'  title='009' alt='' \/><\/a><\/div><\/div><br \/>\n<div  style='height:20px' class='hr hr-invisible   avia-builder-el-10  el_after_av_gallery  avia-builder-el-last '><span class='hr-inner ' ><span class='hr-inner-style'><\/span><\/span><\/div><\/p><\/div>\n<\/div><\/div><\/div><div id='av_section_1'  class='avia-section main_color avia-section-default avia-no-shadow avia-bg-style-parallax  avia-builder-el-11  el_after_av_layout_row  el_before_av_section   container_wrap sidebar_right' style=' '  ><div class='container' ><div class='template-page content  av-content-small alpha units'><div class='post-entry post-entry-type-page post-entry-807'><div class='entry-content-wrapper clearfix'>\n<div class=\"flex_column av_one_fourth  flex_column_div first  avia-builder-el-12  el_before_av_one_fourth  avia-builder-el-first  \" ><p><div  class='avia-image-container avia_animated_image avia_animate_when_almost_visible pop-up av-styling-  noHover  av-overlay-on-hover   avia-builder-el-13  el_before_av_icon_box  avia-builder-el-first  avia-align-center '  itemprop=\"image\" itemscope=\"itemscope\" itemtype=\"https:\/\/schema.org\/ImageObject\"  ><div class='avia-image-container-inner'><div class='avia-image-overlay-wrap'><div class='av-image-caption-overlay'><div class='av-caption-image-overlay-bg' style='opacity:0.4; background-color:#444444; '><\/div><div class='av-image-caption-overlay-position'><div class='av-image-caption-overlay-center' style='color:#ffffff; font-size:20px; '><p>Op\u0161irnije<\/p>\n<\/div><\/div><\/div><img class='avia_image' src='https:\/\/www.gardenlux.me\/web\/wp-content\/uploads\/2014\/07\/small4-300x243.jpg' alt='' title='small4' height=\"243\" width=\"300\"  itemprop=\"thumbnailUrl\"  \/><\/div><\/div><\/div><br \/>\n<article  class=\"iconbox iconbox_left    avia-builder-el-14  el_after_av_image  avia-builder-el-last  \"  itemscope=\"itemscope\" itemtype=\"https:\/\/schema.org\/CreativeWork\" ><div class=\"iconbox_content\"><header class=\"entry-content-header\"><div class=\"iconbox_icon heading-color \" aria-hidden='true' data-av_icon='\ue912' data-av_iconfont='entypo-fontello'  ><\/div><h3 class='iconbox_content_title  '  itemprop=\"headline\"  >Prodaja rezanog i umjetnog cvije\u0107a<\/h3><\/header><div class='iconbox_content_container  '  itemprop=\"text\"  ><p>Lorem ipsum dolor sit amet, consectetuer adipiscing elit. Aenean commodo ligula eget dolor.<\/p>\n<\/div><\/div><footer class=\"entry-footer\"><\/footer><\/article><\/p><\/div><div class=\"flex_column av_one_fourth  flex_column_div   avia-builder-el-15  el_after_av_one_fourth  el_before_av_one_fourth  \" ><p><div  class='avia-image-container avia_animated_image avia_animate_when_almost_visible pop-up av-styling-  noHover  av-overlay-on-hover   avia-builder-el-16  el_before_av_icon_box  avia-builder-el-first  avia-align-center '  itemprop=\"image\" itemscope=\"itemscope\" itemtype=\"https:\/\/schema.org\/ImageObject\"  ><div class='avia-image-container-inner'><div class='avia-image-overlay-wrap'><div class='av-image-caption-overlay'><div class='av-caption-image-overlay-bg' style='opacity:0.4; background-color:#444444; '><\/div><div class='av-image-caption-overlay-position'><div class='av-image-caption-overlay-center' style='color:#ffffff; font-size:20px; '><p>Op\u0161irnije<\/p>\n<\/div><\/div><\/div><img class='avia_image' src='https:\/\/www.gardenlux.me\/web\/wp-content\/uploads\/2014\/07\/small3-300x243.jpg' alt='' title='small3' height=\"243\" width=\"300\"  itemprop=\"thumbnailUrl\"  \/><\/div><\/div><\/div><br \/>\n<article  class=\"iconbox iconbox_left    avia-builder-el-17  el_after_av_image  avia-builder-el-last  \"  itemscope=\"itemscope\" itemtype=\"https:\/\/schema.org\/CreativeWork\" ><div class=\"iconbox_content\"><header class=\"entry-content-header\"><div class=\"iconbox_icon heading-color \" aria-hidden='true' data-av_icon='\ue912' data-av_iconfont='entypo-fontello'  ><\/div><h3 class='iconbox_content_title  '  itemprop=\"headline\"  >Prodaja stakla, plastike i keramike<\/h3><\/header><div class='iconbox_content_container  '  itemprop=\"text\"  ><p>Lorem ipsum dolor sit amet, consectetuer adipiscing elit. Aenean commodo ligula eget dolor.<\/p>\n<\/div><\/div><footer class=\"entry-footer\"><\/footer><\/article><\/p><\/div><div class=\"flex_column av_one_fourth  flex_column_div   avia-builder-el-18  el_after_av_one_fourth  el_before_av_one_fourth  \" ><p><div  class='avia-image-container avia_animated_image avia_animate_when_almost_visible pop-up av-styling-  noHover  av-overlay-on-hover   avia-builder-el-19  el_before_av_icon_box  avia-builder-el-first  avia-align-center '  itemprop=\"image\" itemscope=\"itemscope\" itemtype=\"https:\/\/schema.org\/ImageObject\"  ><div class='avia-image-container-inner'><div class='avia-image-overlay-wrap'><div class='av-image-caption-overlay'><div class='av-caption-image-overlay-bg' style='opacity:0.4; background-color:#444444; '><\/div><div class='av-image-caption-overlay-position'><div class='av-image-caption-overlay-center' style='color:#ffffff; font-size:20px; '><p>Op\u0161irnije<\/p>\n<\/div><\/div><\/div><img class='avia_image' src='https:\/\/www.gardenlux.me\/web\/wp-content\/uploads\/2014\/07\/small2-300x243.jpg' alt='' title='small2' height=\"243\" width=\"300\"  itemprop=\"thumbnailUrl\"  \/><\/div><\/div><\/div><br \/>\n<article  class=\"iconbox iconbox_left    avia-builder-el-20  el_after_av_image  avia-builder-el-last  \"  itemscope=\"itemscope\" itemtype=\"https:\/\/schema.org\/CreativeWork\" ><div class=\"iconbox_content\"><header class=\"entry-content-header\"><div class=\"iconbox_icon heading-color \" aria-hidden='true' data-av_icon='\ue912' data-av_iconfont='entypo-fontello'  ><\/div><h3 class='iconbox_content_title  '  itemprop=\"headline\"  >Sistemi za zalivanje<\/h3><\/header><div class='iconbox_content_container  '  itemprop=\"text\"  ><p>Lorem ipsum dolor sit amet, consectetuer adipiscing elit. Aenean commodo ligula eget dolor.<\/p>\n<\/div><\/div><footer class=\"entry-footer\"><\/footer><\/article><\/p><\/div><div class=\"flex_column av_one_fourth  flex_column_div   avia-builder-el-21  el_after_av_one_fourth  avia-builder-el-last  \" ><p><div  class='avia-image-container avia_animated_image avia_animate_when_almost_visible pop-up av-styling-  noHover  av-overlay-on-hover   avia-builder-el-22  el_before_av_icon_box  avia-builder-el-first  avia-align-center '  itemprop=\"image\" itemscope=\"itemscope\" itemtype=\"https:\/\/schema.org\/ImageObject\"  ><div class='avia-image-container-inner'><div class='avia-image-overlay-wrap'><div class='av-image-caption-overlay'><div class='av-caption-image-overlay-bg' style='opacity:0.4; background-color:#444444; '><\/div><div class='av-image-caption-overlay-position'><div class='av-image-caption-overlay-center' style='color:#ffffff; font-size:20px; '><p>Op\u0161irnije<\/p>\n<\/div><\/div><\/div><img class='avia_image' src='https:\/\/www.gardenlux.me\/web\/wp-content\/uploads\/2014\/07\/small1-300x243.jpg' alt='' title='small1' height=\"243\" width=\"300\"  itemprop=\"thumbnailUrl\"  \/><\/div><\/div><\/div><br \/>\n<article  class=\"iconbox iconbox_left    avia-builder-el-23  el_after_av_image  avia-builder-el-last  \"  itemscope=\"itemscope\" itemtype=\"https:\/\/schema.org\/CreativeWork\" ><div class=\"iconbox_content\"><header class=\"entry-content-header\"><div class=\"iconbox_icon heading-color \" aria-hidden='true' data-av_icon='\ue912' data-av_iconfont='entypo-fontello'  ><\/div><h3 class='iconbox_content_title  '  itemprop=\"headline\"  >Dekoracija prostora<\/h3><\/header><div class='iconbox_content_container  '  itemprop=\"text\"  ><p>Lorem ipsum dolor sit amet, consectetuer adipiscing elit. Aenean commodo ligula eget dolor.<\/p>\n<\/div><\/div><footer class=\"entry-footer\"><\/footer><\/article><\/p><\/div>\n<\/p>\n<\/div><\/div><\/div><!-- close content main div --><\/div><\/div><div id='av_section_2'  class='avia-section main_color avia-section-small avia-no-shadow avia-full-stretch av-parallax-section avia-bg-style-parallax  avia-builder-el-24  el_after_av_section  avia-builder-el-last   container_wrap sidebar_right' style=' '  data-section-bg-repeat='stretch'><div class='av-parallax' data-avia-parallax-ratio='0.3' ><div class='av-parallax-inner main_color  avia-full-stretch' style = 'background-repeat: no-repeat; background-image: url(https:\/\/www.gardenlux.me\/web\/wp-content\/uploads\/2014\/07\/back2.jpg);background-attachment: scroll; background-position: top center; ' ><\/div><\/div><div class='container' ><div class='template-page content  av-content-small alpha units'><div class='post-entry post-entry-type-page post-entry-807'><div class='entry-content-wrapper clearfix'>\n<div  style='height:250px' class='hr hr-invisible   avia-builder-el-25  el_before_av_heading  avia-builder-el-first '><span class='hr-inner ' ><span class='hr-inner-style'><\/span><\/span><\/div>\n<div  style='padding-bottom:0px; color:#ffffff;font-size:80px;' class='av-special-heading av-special-heading-h1 custom-color-heading blockquote modern-quote  avia-builder-el-26  el_after_av_hr  avia-builder-el-last  av-inherit-size '><h1 class='av-special-heading-tag '  itemprop=\"headline\"  >Reference<\/h1><div class ='av-subheading av-subheading_below av_custom_color ' style='font-size:20px;'><p>Dekoracija enterijera i eksterijera<\/p>\n<\/div><div class='special-heading-border'><div class='special-heading-inner-border' style='border-color:#ffffff'><\/div><\/div><\/div>\n<\/div><\/div><\/div><!-- close content main div --><\/div><\/div><div id='after_section_2'  class='main_color av_default_container_wrap container_wrap sidebar_right' style=' '  ><div class='container' ><div class='template-page content  av-content-small alpha units'><div class='post-entry post-entry-type-page post-entry-807'><div class='entry-content-wrapper clearfix'>\n","protected":false},"excerpt":{"rendered":"","protected":false},"author":1,"featured_media":0,"parent":0,"menu_order":0,"comment_status":"closed","ping_status":"closed","template":"","meta":[],"_links":{"self":[{"href":"https:\/\/www.gardenlux.me\/web\/wp-json\/wp\/v2\/pages\/807"}],"collection":[{"href":"https:\/\/www.gardenlux.me\/web\/wp-json\/wp\/v2\/pages"}],"about":[{"href":"https:\/\/www.gardenlux.me\/web\/wp-json\/wp\/v2\/types\/page"}],"author":[{"embeddable":true,"href":"https:\/\/www.gardenlux.me\/web\/wp-json\/wp\/v2\/users\/1"}],"replies":[{"embeddable":true,"href":"https:\/\/www.gardenlux.me\/web\/wp-json\/wp\/v2\/comments?post=807"}],"version-history":[{"count":6,"href":"https:\/\/www.gardenlux.me\/web\/wp-json\/wp\/v2\/pages\/807\/revisions"}],"predecessor-version":[{"id":1331,"href":"https:\/\/www.gardenlux.me\/web\/wp-json\/wp\/v2\/pages\/807\/revisions\/1331"}],"wp:attachment":[{"href":"https:\/\/www.gardenlux.me\/web\/wp-json\/wp\/v2\/media?parent=807"}],"curies":[{"name":"wp","href":"https:\/\/api.w.org\/{rel}","templated":true}]}}