{"id":790,"date":"2015-04-29T10:32:47","date_gmt":"2015-04-29T09:32:47","guid":{"rendered":"http:\/\/www.gardenlux.me\/web\/?page_id=790"},"modified":"2015-04-29T10:32:47","modified_gmt":"2015-04-29T09:32:47","slug":"pp-kompresione-spojnice-10-bara","status":"publish","type":"page","link":"https:\/\/www.gardenlux.me\/web\/pp-kompresione-spojnice-10-bara\/","title":{"rendered":"PP KOMPRESIONE SPOJNICE &#8211; 10 BARA"},"content":{"rendered":"<div id='layer_slider_1'  class='avia-layerslider main_color avia-shadow  avia-builder-el-0  el_before_av_layout_row  avia-builder-el-first  container_wrap sidebar_right' style='  height: 241px;' ><\/div>\n<div id='unutrasnji_nosac'  class='av-layout-grid-container entry-content-wrapper main_color av-flex-cells     avia-builder-el-1  el_after_av_layerslider  el_before_av_section  submenu-not-first container_wrap sidebar_right' style=' '  >\n<div class=\"flex_cell no_margin av_one_third  avia-builder-el-2  el_before_av_cell_two_third  avia-builder-el-first   \" style='vertical-align:top; padding:30px; '><div class='flex_cell_inner' ><div  class='avia-builder-widget-area clearfix  avia-builder-el-3  avia-builder-el-no-sibling '><div id=\"nav_menu-9\" class=\"widget clearfix widget_nav_menu\"><div class=\"menu-hunter-uopsteno-container\"><ul id=\"menu-hunter-uopsteno\" class=\"menu\"><li id=\"menu-item-501\" class=\"menu-item menu-item-type-custom menu-item-object-custom menu-item-501\"><a href=\"http:\/\/www.gardenlux.me\/web\/?p=499\">UOP\u0160TENO<\/a><\/li>\n<\/ul><\/div><\/div><\/div>\n<\/div><\/div><div class=\"flex_cell no_margin av_two_third  avia-builder-el-4  el_after_av_cell_one_third  avia-builder-el-last   \" style='vertical-align:top; padding:30px; '><div class='flex_cell_inner' ><p><div class=\"flex_column av_two_third  flex_column_div first  avia-builder-el-5  el_before_av_one_third  avia-builder-el-first  \" ><p><div  style='padding-bottom:0px; font-size:30px;' class='av-special-heading av-special-heading-h2  blockquote modern-quote  avia-builder-el-6  el_before_av_textblock  avia-builder-el-first  av-inherit-size '><h2 class='av-special-heading-tag '  itemprop=\"headline\"  >PP KOMPRESIONE SPOJNICE &#8211; 10 BARA<\/h2><div class ='av-subheading av-subheading_below  ' style='font-size:15px;'><p>opis<\/p>\n<\/div><div class='special-heading-border'><div class='special-heading-inner-border' ><\/div><\/div><\/div><br \/>\n<section class=\"av_textblock_section \"  itemscope=\"itemscope\" itemtype=\"https:\/\/schema.org\/CreativeWork\" ><div class='avia_textblock  '   itemprop=\"text\" ><p>PP KOMPRESIONE SPOJNICE &#8211; 10 BARA<\/p>\n<h3>Pre\u010dnik \u00d820 &#8211; \u00d8110 mm &#8211; Pritisak PN 10 bar<\/h3>\n<p><strong>PODRU\u010cJE UPOTREBE<\/strong><br \/>\nNavodnjavanje &#8211; uspostavlja mehani\u010dki spoj izme\u0111u polietilen (PE) cevi pod zemljom.<\/p>\n<p><strong>MATERIJALI<\/strong><br \/>\nTelo: crni Polipropilen (PP)<br \/>\nKapa: zeleni polipropilen (PP)<br \/>\nSigurnosni prsten: poliacetal (POM)<br \/>\nUvodnik: crni polipropilen (PP)<br \/>\nZaptivak: guma (NBR)<br \/>\nMetalni prsten: ner\u0111aju\u0107i \u010delik (AISI 430)<\/p>\n<p><strong>DOSTUPNI PRE\u010cNICI<\/strong><br \/>\n\u00d820 &#8211; \u00d863 mm<\/p>\n<p><strong>DOZVOLJENI RADNI PRITISAK<\/strong><br \/>\n10 bara<\/p>\n<\/div><\/section><br \/>\n<div  class='avia-gallery  avia-gallery-1 deactivate_avia_lazyload avia-gallery-animate avia_animate_when_visible  avia-builder-el-8  el_after_av_textblock  el_before_av_image '  itemprop=\"image\" itemscope=\"itemscope\" itemtype=\"https:\/\/schema.org\/ImageObject\" ><div class='avia-gallery-thumb'> <a href='https:\/\/www.gardenlux.me\/web\/wp-content\/uploads\/2015\/04\/00127.jpg' data-rel='gallery-1' data-prev-img='https:\/\/www.gardenlux.me\/web\/wp-content\/uploads\/2015\/04\/00127-495x400.jpg' class='first_thumb lightbox ' data-onclick='1' title=''  itemprop=\"thumbnailUrl\" ><img  src='https:\/\/www.gardenlux.me\/web\/wp-content\/uploads\/2015\/04\/00127.jpg' width='900' height='600'  title='001' alt='' \/><\/a> <a href='https:\/\/www.gardenlux.me\/web\/wp-content\/uploads\/2015\/04\/00226.jpg' data-rel='gallery-1' data-prev-img='https:\/\/www.gardenlux.me\/web\/wp-content\/uploads\/2015\/04\/00226-495x400.jpg' class='lightbox ' data-onclick='2' title=''  itemprop=\"thumbnailUrl\" ><img  src='https:\/\/www.gardenlux.me\/web\/wp-content\/uploads\/2015\/04\/00226.jpg' width='900' height='600'  title='002' alt='' \/><\/a> <a href='https:\/\/www.gardenlux.me\/web\/wp-content\/uploads\/2015\/04\/00324.jpg' data-rel='gallery-1' data-prev-img='https:\/\/www.gardenlux.me\/web\/wp-content\/uploads\/2015\/04\/00324-495x400.jpg' class='lightbox ' data-onclick='3' title=''  itemprop=\"thumbnailUrl\" ><img  src='https:\/\/www.gardenlux.me\/web\/wp-content\/uploads\/2015\/04\/00324.jpg' width='900' height='600'  title='003' alt='' \/><\/a> <a href='https:\/\/www.gardenlux.me\/web\/wp-content\/uploads\/2015\/04\/00418.jpg' data-rel='gallery-1' data-prev-img='https:\/\/www.gardenlux.me\/web\/wp-content\/uploads\/2015\/04\/00418-495x400.jpg' class='first_thumb lightbox ' data-onclick='4' title=''  itemprop=\"thumbnailUrl\" ><img  src='https:\/\/www.gardenlux.me\/web\/wp-content\/uploads\/2015\/04\/00418.jpg' width='900' height='600'  title='004' alt='' \/><\/a> <a href='https:\/\/www.gardenlux.me\/web\/wp-content\/uploads\/2015\/04\/00510.jpg' data-rel='gallery-1' data-prev-img='https:\/\/www.gardenlux.me\/web\/wp-content\/uploads\/2015\/04\/00510-495x400.jpg' class='lightbox ' data-onclick='5' title=''  itemprop=\"thumbnailUrl\" ><img  src='https:\/\/www.gardenlux.me\/web\/wp-content\/uploads\/2015\/04\/00510.jpg' width='900' height='600'  title='005' alt='' \/><\/a> <a href='https:\/\/www.gardenlux.me\/web\/wp-content\/uploads\/2015\/04\/0064.jpg' data-rel='gallery-1' data-prev-img='https:\/\/www.gardenlux.me\/web\/wp-content\/uploads\/2015\/04\/0064-495x400.jpg' class='lightbox ' data-onclick='6' title=''  itemprop=\"thumbnailUrl\" ><img  src='https:\/\/www.gardenlux.me\/web\/wp-content\/uploads\/2015\/04\/0064.jpg' width='900' height='600'  title='006' alt='' \/><\/a> <a href='https:\/\/www.gardenlux.me\/web\/wp-content\/uploads\/2015\/04\/0072.jpg' data-rel='gallery-1' data-prev-img='https:\/\/www.gardenlux.me\/web\/wp-content\/uploads\/2015\/04\/0072-495x400.jpg' class='first_thumb lightbox ' data-onclick='7' title=''  itemprop=\"thumbnailUrl\" ><img  src='https:\/\/www.gardenlux.me\/web\/wp-content\/uploads\/2015\/04\/0072.jpg' width='900' height='600'  title='007' alt='' \/><\/a> <a href='https:\/\/www.gardenlux.me\/web\/wp-content\/uploads\/2015\/04\/0081.jpg' data-rel='gallery-1' data-prev-img='https:\/\/www.gardenlux.me\/web\/wp-content\/uploads\/2015\/04\/0081-495x400.jpg' class='lightbox ' data-onclick='8' title=''  itemprop=\"thumbnailUrl\" ><img  src='https:\/\/www.gardenlux.me\/web\/wp-content\/uploads\/2015\/04\/0081.jpg' width='900' height='600'  title='008' alt='' \/><\/a> <a href='https:\/\/www.gardenlux.me\/web\/wp-content\/uploads\/2015\/04\/0091.jpg' data-rel='gallery-1' data-prev-img='https:\/\/www.gardenlux.me\/web\/wp-content\/uploads\/2015\/04\/0091-495x400.jpg' class='lightbox ' data-onclick='9' title=''  itemprop=\"thumbnailUrl\" ><img  src='https:\/\/www.gardenlux.me\/web\/wp-content\/uploads\/2015\/04\/0091.jpg' width='900' height='600'  title='009' alt='' \/><\/a> <a href='https:\/\/www.gardenlux.me\/web\/wp-content\/uploads\/2015\/04\/0102.jpg' data-rel='gallery-1' data-prev-img='https:\/\/www.gardenlux.me\/web\/wp-content\/uploads\/2015\/04\/0102-495x400.jpg' class='first_thumb lightbox ' data-onclick='10' title=''  itemprop=\"thumbnailUrl\" ><img  src='https:\/\/www.gardenlux.me\/web\/wp-content\/uploads\/2015\/04\/0102.jpg' width='900' height='600'  title='010' alt='' \/><\/a> <a href='https:\/\/www.gardenlux.me\/web\/wp-content\/uploads\/2015\/04\/0111.jpg' data-rel='gallery-1' data-prev-img='https:\/\/www.gardenlux.me\/web\/wp-content\/uploads\/2015\/04\/0111-495x400.jpg' class='lightbox ' data-onclick='11' title=''  itemprop=\"thumbnailUrl\" ><img  src='https:\/\/www.gardenlux.me\/web\/wp-content\/uploads\/2015\/04\/0111.jpg' width='900' height='600'  title='011' alt='' \/><\/a> <a href='https:\/\/www.gardenlux.me\/web\/wp-content\/uploads\/2015\/04\/0121.jpg' data-rel='gallery-1' data-prev-img='https:\/\/www.gardenlux.me\/web\/wp-content\/uploads\/2015\/04\/0121-495x400.jpg' class='lightbox ' data-onclick='12' title=''  itemprop=\"thumbnailUrl\" ><img  src='https:\/\/www.gardenlux.me\/web\/wp-content\/uploads\/2015\/04\/0121.jpg' width='900' height='600'  title='012' alt='' \/><\/a><\/div><\/div><br \/>\n<div  class='avia-image-container  av-styling-    avia-builder-el-9  el_after_av_gallery  el_before_av_hr  avia-align-left '  itemprop=\"image\" itemscope=\"itemscope\" itemtype=\"https:\/\/schema.org\/ImageObject\"  ><div class='avia-image-container-inner'><div class='avia-image-overlay-wrap'><a href='https:\/\/www.gardenlux.me\/web\/wp-content\/uploads\/2015\/04\/uputstvo1.png' class='avia_image'  ><img class='avia_image ' src='https:\/\/www.gardenlux.me\/web\/wp-content\/uploads\/2015\/04\/uputstvo1.png' alt='' title='uputstvo'  itemprop=\"thumbnailUrl\"  \/><\/a><\/div><\/div><\/div><br \/>\n<div  style='height:20px' class='hr hr-invisible   avia-builder-el-10  el_after_av_image  avia-builder-el-last '><span class='hr-inner ' ><span class='hr-inner-style'><\/span><\/span><\/div><\/p><\/div><div class=\"flex_column av_one_third  flex_column_div   avia-builder-el-11  el_after_av_two_third  avia-builder-el-last  \" ><p><div  class='avia-image-container  av-styling-    avia-builder-el-12  el_before_av_hr  avia-builder-el-first  avia-align-center '  itemprop=\"image\" itemscope=\"itemscope\" itemtype=\"https:\/\/schema.org\/ImageObject\"  ><div class='avia-image-container-inner'><div class='avia-image-overlay-wrap'><img class='avia_image' src='https:\/\/www.gardenlux.me\/web\/wp-content\/uploads\/2015\/04\/poliext_21.png' alt='' title='poliext_2' height=\"84\" width=\"142\"  itemprop=\"thumbnailUrl\"  \/><\/div><\/div><\/div><br \/>\n<div  style='height:20px' class='hr hr-invisible   avia-builder-el-13  el_after_av_image  avia-builder-el-last '><span class='hr-inner ' ><span class='hr-inner-style'><\/span><\/span><\/div><\/p><\/div><\/p>\n<\/div><\/div><\/div><div id='av_section_1'  class='avia-section main_color avia-section-default avia-no-shadow avia-bg-style-parallax  avia-builder-el-14  el_after_av_layout_row  el_before_av_section   container_wrap sidebar_right' style=' '  ><div class='container' ><div class='template-page content  av-content-small alpha units'><div class='post-entry post-entry-type-page post-entry-790'><div class='entry-content-wrapper clearfix'>\n<div class=\"flex_column av_one_fourth  flex_column_div first  avia-builder-el-15  el_before_av_one_fourth  avia-builder-el-first  \" ><p><div  class='avia-image-container avia_animated_image avia_animate_when_almost_visible pop-up av-styling-  noHover  av-overlay-on-hover   avia-builder-el-16  el_before_av_icon_box  avia-builder-el-first  avia-align-center '  itemprop=\"image\" itemscope=\"itemscope\" itemtype=\"https:\/\/schema.org\/ImageObject\"  ><div class='avia-image-container-inner'><div class='avia-image-overlay-wrap'><div class='av-image-caption-overlay'><div class='av-caption-image-overlay-bg' style='opacity:0.4; background-color:#444444; '><\/div><div class='av-image-caption-overlay-position'><div class='av-image-caption-overlay-center' style='color:#ffffff; font-size:20px; '><p>Op\u0161irnije<\/p>\n<\/div><\/div><\/div><img class='avia_image' src='https:\/\/www.gardenlux.me\/web\/wp-content\/uploads\/2014\/07\/small4-300x243.jpg' alt='' title='small4' height=\"243\" width=\"300\"  itemprop=\"thumbnailUrl\"  \/><\/div><\/div><\/div><br \/>\n<article  class=\"iconbox iconbox_left    avia-builder-el-17  el_after_av_image  avia-builder-el-last  \"  itemscope=\"itemscope\" itemtype=\"https:\/\/schema.org\/CreativeWork\" ><div class=\"iconbox_content\"><header class=\"entry-content-header\"><div class=\"iconbox_icon heading-color \" aria-hidden='true' data-av_icon='\ue912' data-av_iconfont='entypo-fontello'  ><\/div><h3 class='iconbox_content_title  '  itemprop=\"headline\"  >Prodaja rezanog i umjetnog cvije\u0107a<\/h3><\/header><div class='iconbox_content_container  '  itemprop=\"text\"  ><p>Lorem ipsum dolor sit amet, consectetuer adipiscing elit. Aenean commodo ligula eget dolor.<\/p>\n<\/div><\/div><footer class=\"entry-footer\"><\/footer><\/article><\/p><\/div><div class=\"flex_column av_one_fourth  flex_column_div   avia-builder-el-18  el_after_av_one_fourth  el_before_av_one_fourth  \" ><p><div  class='avia-image-container avia_animated_image avia_animate_when_almost_visible pop-up av-styling-  noHover  av-overlay-on-hover   avia-builder-el-19  el_before_av_icon_box  avia-builder-el-first  avia-align-center '  itemprop=\"image\" itemscope=\"itemscope\" itemtype=\"https:\/\/schema.org\/ImageObject\"  ><div class='avia-image-container-inner'><div class='avia-image-overlay-wrap'><div class='av-image-caption-overlay'><div class='av-caption-image-overlay-bg' style='opacity:0.4; background-color:#444444; '><\/div><div class='av-image-caption-overlay-position'><div class='av-image-caption-overlay-center' style='color:#ffffff; font-size:20px; '><p>Op\u0161irnije<\/p>\n<\/div><\/div><\/div><img class='avia_image' src='https:\/\/www.gardenlux.me\/web\/wp-content\/uploads\/2014\/07\/small3-300x243.jpg' alt='' title='small3' height=\"243\" width=\"300\"  itemprop=\"thumbnailUrl\"  \/><\/div><\/div><\/div><br \/>\n<article  class=\"iconbox iconbox_left    avia-builder-el-20  el_after_av_image  avia-builder-el-last  \"  itemscope=\"itemscope\" itemtype=\"https:\/\/schema.org\/CreativeWork\" ><div class=\"iconbox_content\"><header class=\"entry-content-header\"><div class=\"iconbox_icon heading-color \" aria-hidden='true' data-av_icon='\ue912' data-av_iconfont='entypo-fontello'  ><\/div><h3 class='iconbox_content_title  '  itemprop=\"headline\"  >Prodaja stakla, plastike i keramike<\/h3><\/header><div class='iconbox_content_container  '  itemprop=\"text\"  ><p>Lorem ipsum dolor sit amet, consectetuer adipiscing elit. Aenean commodo ligula eget dolor.<\/p>\n<\/div><\/div><footer class=\"entry-footer\"><\/footer><\/article><\/p><\/div><div class=\"flex_column av_one_fourth  flex_column_div   avia-builder-el-21  el_after_av_one_fourth  el_before_av_one_fourth  \" ><p><div  class='avia-image-container avia_animated_image avia_animate_when_almost_visible pop-up av-styling-  noHover  av-overlay-on-hover   avia-builder-el-22  el_before_av_icon_box  avia-builder-el-first  avia-align-center '  itemprop=\"image\" itemscope=\"itemscope\" itemtype=\"https:\/\/schema.org\/ImageObject\"  ><div class='avia-image-container-inner'><div class='avia-image-overlay-wrap'><div class='av-image-caption-overlay'><div class='av-caption-image-overlay-bg' style='opacity:0.4; background-color:#444444; '><\/div><div class='av-image-caption-overlay-position'><div class='av-image-caption-overlay-center' style='color:#ffffff; font-size:20px; '><p>Op\u0161irnije<\/p>\n<\/div><\/div><\/div><img class='avia_image' src='https:\/\/www.gardenlux.me\/web\/wp-content\/uploads\/2014\/07\/small2-300x243.jpg' alt='' title='small2' height=\"243\" width=\"300\"  itemprop=\"thumbnailUrl\"  \/><\/div><\/div><\/div><br \/>\n<article  class=\"iconbox iconbox_left    avia-builder-el-23  el_after_av_image  avia-builder-el-last  \"  itemscope=\"itemscope\" itemtype=\"https:\/\/schema.org\/CreativeWork\" ><div class=\"iconbox_content\"><header class=\"entry-content-header\"><div class=\"iconbox_icon heading-color \" aria-hidden='true' data-av_icon='\ue912' data-av_iconfont='entypo-fontello'  ><\/div><h3 class='iconbox_content_title  '  itemprop=\"headline\"  >Sistemi za zalivanje<\/h3><\/header><div class='iconbox_content_container  '  itemprop=\"text\"  ><p>Lorem ipsum dolor sit amet, consectetuer adipiscing elit. Aenean commodo ligula eget dolor.<\/p>\n<\/div><\/div><footer class=\"entry-footer\"><\/footer><\/article><\/p><\/div><div class=\"flex_column av_one_fourth  flex_column_div   avia-builder-el-24  el_after_av_one_fourth  avia-builder-el-last  \" ><p><div  class='avia-image-container avia_animated_image avia_animate_when_almost_visible pop-up av-styling-  noHover  av-overlay-on-hover   avia-builder-el-25  el_before_av_icon_box  avia-builder-el-first  avia-align-center '  itemprop=\"image\" itemscope=\"itemscope\" itemtype=\"https:\/\/schema.org\/ImageObject\"  ><div class='avia-image-container-inner'><div class='avia-image-overlay-wrap'><div class='av-image-caption-overlay'><div class='av-caption-image-overlay-bg' style='opacity:0.4; background-color:#444444; '><\/div><div class='av-image-caption-overlay-position'><div class='av-image-caption-overlay-center' style='color:#ffffff; font-size:20px; '><p>Op\u0161irnije<\/p>\n<\/div><\/div><\/div><img class='avia_image' src='https:\/\/www.gardenlux.me\/web\/wp-content\/uploads\/2014\/07\/small1-300x243.jpg' alt='' title='small1' height=\"243\" width=\"300\"  itemprop=\"thumbnailUrl\"  \/><\/div><\/div><\/div><br \/>\n<article  class=\"iconbox iconbox_left    avia-builder-el-26  el_after_av_image  avia-builder-el-last  \"  itemscope=\"itemscope\" itemtype=\"https:\/\/schema.org\/CreativeWork\" ><div class=\"iconbox_content\"><header class=\"entry-content-header\"><div class=\"iconbox_icon heading-color \" aria-hidden='true' data-av_icon='\ue912' data-av_iconfont='entypo-fontello'  ><\/div><h3 class='iconbox_content_title  '  itemprop=\"headline\"  >Dekoracija prostora<\/h3><\/header><div class='iconbox_content_container  '  itemprop=\"text\"  ><p>Lorem ipsum dolor sit amet, consectetuer adipiscing elit. Aenean commodo ligula eget dolor.<\/p>\n<\/div><\/div><footer class=\"entry-footer\"><\/footer><\/article><\/p><\/div>\n<\/p>\n<\/div><\/div><\/div><!-- close content main div --><\/div><\/div><div id='av_section_2'  class='avia-section main_color avia-section-small avia-no-shadow avia-full-stretch av-parallax-section avia-bg-style-parallax  avia-builder-el-27  el_after_av_section  avia-builder-el-last   container_wrap sidebar_right' style=' '  data-section-bg-repeat='stretch'><div class='av-parallax' data-avia-parallax-ratio='0.3' ><div class='av-parallax-inner main_color  avia-full-stretch' style = 'background-repeat: no-repeat; background-image: url(https:\/\/www.gardenlux.me\/web\/wp-content\/uploads\/2014\/07\/back2.jpg);background-attachment: scroll; background-position: top center; ' ><\/div><\/div><div class='container' ><div class='template-page content  av-content-small alpha units'><div class='post-entry post-entry-type-page post-entry-790'><div class='entry-content-wrapper clearfix'>\n<div  style='height:250px' class='hr hr-invisible   avia-builder-el-28  el_before_av_heading  avia-builder-el-first '><span class='hr-inner ' ><span class='hr-inner-style'><\/span><\/span><\/div>\n<div  style='padding-bottom:0px; color:#ffffff;font-size:80px;' class='av-special-heading av-special-heading-h1 custom-color-heading blockquote modern-quote  avia-builder-el-29  el_after_av_hr  avia-builder-el-last  av-inherit-size '><h1 class='av-special-heading-tag '  itemprop=\"headline\"  >Reference<\/h1><div class ='av-subheading av-subheading_below av_custom_color ' style='font-size:20px;'><p>Dekoracija enterijera i eksterijera<\/p>\n<\/div><div class='special-heading-border'><div class='special-heading-inner-border' style='border-color:#ffffff'><\/div><\/div><\/div>\n<\/div><\/div><\/div><!-- close content main div --><\/div><\/div><div id='after_section_2'  class='main_color av_default_container_wrap container_wrap sidebar_right' style=' '  ><div class='container' ><div class='template-page content  av-content-small alpha units'><div class='post-entry post-entry-type-page post-entry-790'><div class='entry-content-wrapper clearfix'>\n","protected":false},"excerpt":{"rendered":"","protected":false},"author":1,"featured_media":0,"parent":0,"menu_order":0,"comment_status":"closed","ping_status":"closed","template":"","meta":[],"_links":{"self":[{"href":"https:\/\/www.gardenlux.me\/web\/wp-json\/wp\/v2\/pages\/790"}],"collection":[{"href":"https:\/\/www.gardenlux.me\/web\/wp-json\/wp\/v2\/pages"}],"about":[{"href":"https:\/\/www.gardenlux.me\/web\/wp-json\/wp\/v2\/types\/page"}],"author":[{"embeddable":true,"href":"https:\/\/www.gardenlux.me\/web\/wp-json\/wp\/v2\/users\/1"}],"replies":[{"embeddable":true,"href":"https:\/\/www.gardenlux.me\/web\/wp-json\/wp\/v2\/comments?post=790"}],"version-history":[{"count":1,"href":"https:\/\/www.gardenlux.me\/web\/wp-json\/wp\/v2\/pages\/790\/revisions"}],"predecessor-version":[{"id":805,"href":"https:\/\/www.gardenlux.me\/web\/wp-json\/wp\/v2\/pages\/790\/revisions\/805"}],"wp:attachment":[{"href":"https:\/\/www.gardenlux.me\/web\/wp-json\/wp\/v2\/media?parent=790"}],"curies":[{"name":"wp","href":"https:\/\/api.w.org\/{rel}","templated":true}]}}