{"id":733,"date":"2015-04-29T09:53:44","date_gmt":"2015-04-29T08:53:44","guid":{"rendered":"http:\/\/www.gardenlux.me\/web\/?page_id=733"},"modified":"2015-04-29T09:53:44","modified_gmt":"2015-04-29T08:53:44","slug":"upravljacka-jedinica-xc-hybrid","status":"publish","type":"page","link":"https:\/\/www.gardenlux.me\/web\/upravljacka-jedinica-xc-hybrid\/","title":{"rendered":"UPRAVLJA\u010cKA JEDINICA XC HYBRID"},"content":{"rendered":"<div id='layer_slider_1'  class='avia-layerslider main_color avia-shadow  avia-builder-el-0  el_before_av_layout_row  avia-builder-el-first  container_wrap sidebar_right' style='  height: 241px;' ><\/div>\n<div id='unutrasnji_nosac'  class='av-layout-grid-container entry-content-wrapper main_color av-flex-cells     avia-builder-el-1  el_after_av_layerslider  el_before_av_section  submenu-not-first container_wrap sidebar_right' style=' '  >\n<div class=\"flex_cell no_margin av_one_third  avia-builder-el-2  el_before_av_cell_two_third  avia-builder-el-first   \" style='vertical-align:top; padding:30px; '><div class='flex_cell_inner' ><div  class='avia-builder-widget-area clearfix  avia-builder-el-3  avia-builder-el-no-sibling '><div id=\"nav_menu-9\" class=\"widget clearfix widget_nav_menu\"><div class=\"menu-hunter-uopsteno-container\"><ul id=\"menu-hunter-uopsteno\" class=\"menu\"><li id=\"menu-item-501\" class=\"menu-item menu-item-type-custom menu-item-object-custom menu-item-501\"><a href=\"http:\/\/www.gardenlux.me\/web\/?p=499\">UOP\u0160TENO<\/a><\/li>\n<\/ul><\/div><\/div><\/div>\n<\/div><\/div><div class=\"flex_cell no_margin av_two_third  avia-builder-el-4  el_after_av_cell_one_third  avia-builder-el-last   \" style='vertical-align:top; padding:30px; '><div class='flex_cell_inner' ><p><div class=\"flex_column av_two_third  flex_column_div first  avia-builder-el-5  el_before_av_one_third  avia-builder-el-first  \" ><p><div  style='padding-bottom:0px; font-size:30px;' class='av-special-heading av-special-heading-h2  blockquote modern-quote  avia-builder-el-6  el_before_av_textblock  avia-builder-el-first  av-inherit-size '><h2 class='av-special-heading-tag '  itemprop=\"headline\"  >UPRAVLJA\u010cKA JEDINICA XC HYBRID<\/h2><div class ='av-subheading av-subheading_below  ' style='font-size:15px;'><p>opis<\/p>\n<\/div><div class='special-heading-border'><div class='special-heading-inner-border' ><\/div><\/div><\/div><br \/>\n<section class=\"av_textblock_section \"  itemscope=\"itemscope\" itemtype=\"https:\/\/schema.org\/CreativeWork\" ><div class='avia_textblock  '   itemprop=\"text\" ><p>UPRAVLJA\u010cKA JEDINICA XC HYBRID<\/p>\n<div class=\"txt left\"><\/div>\n<h3>Karatkeristike i prednosti<\/h3>\n<ul>\n<li><strong>Jednostavno rukovanje <\/strong><br \/>\nUz pomo\u0107 glavnog kontrolnog dugmeta i vrlo preglednog displeja, lice koje vr\u0161i instalaciju, a i korisnik-vlasnik veoma lako mogu podesiti (programirati) rad upravlja\u010da.<\/li>\n<li><strong>Prilago\u0111enje godi\u0161njem dobu (izme\u0111u, 10% i 150%) <\/strong><br \/>\nJednostavno, prate\u0107i prikaz na displeju, u koracima od po 10%, mogu\u0107e je prilagoditi programiranu koli\u010dinu zalivanja, prema okolnostima teku\u0107eg godi\u0161njeg doba.<\/li>\n<li><strong>Tri nezavisna programa, sa najvi\u0161e 4 starta zalivanja dnevno po programu <\/strong><br \/>\nU bilo koje doba dana se mo\u017ee predvideti zalivanje, uz odgovaraju\u0107u u\u010destalost.<\/li>\n<li><strong>Veliki displej sa te\u010dnim kristalima<\/strong><br \/>\nInteraktivne ikonice \u0107e nam u trenutku pokazati sve podatke koje \u017eelimo videti ili podesiti, a programiranje je jednostavno jer nema jezi\u010dkih barijera.<\/li>\n<li><strong>Dani u kojima \u0107e biti zalivanja, mogu slobodno da se odrede <\/strong><br \/>\nNema ograni\u010denja &#8211; slobodno se mogu odrediti dani u kojima treba biti zalivanja: to mo\u017ee biti bilo koji dan (ili dani) u sedmici, ili bilo koji period u intervalu izme\u0111u 1 i 31 dana.<\/li>\n<li><strong>Mogu\u0107nost priklju\u010denja senzora za ki\u0161u <\/strong><br \/>\nNa rednoj spojnici u ku\u0107i\u0161tu tajmera, postoji mesto za priklju\u010denje raznih senzora: za ki\u0161u, za vla\u017enost, za temperaturu ili za vetar.<\/li>\n<li><strong>Ugra\u0111ena trajna memorija <\/strong><br \/>\nObezbe\u0111uje sigurnost za slu\u010daj prekida u elektri\u010dnom napajanju. Bi\u0107e sa\u010duvano ta\u010dno vreme, pode\u0161eni datum i svi uneti programi zalivanja.<\/li>\n<\/ul>\n<h3>Modeli<\/h3>\n<ul>\n<li><strong>XCH-400<\/strong><br \/>\n&#8211; upravlja\u010d za 4 zone<br \/>\n&#8211; unutra\u0161nji\/spolja\u0161nji model<\/li>\n<li><strong>XCH-600<\/strong><br \/>\n&#8211; upravlja\u010d za 6 zona<br \/>\n&#8211; unutra\u0161nji\/spolja\u0161nji model<\/li>\n<li><strong>XCH-600-SS <\/strong><br \/>\n&#8211; upravlja\u010d za 6 zona<br \/>\n&#8211; spolja\u0161nji model<br \/>\n&#8211; ku\u0107i\u0161te od ner\u0111aju\u0107eg \u010delika<\/li>\n<li><strong>XCH-800 <\/strong><br \/>\n&#8211; upravlja\u010d za 8 zona<br \/>\n&#8211; unutra\u0161nji\/spolja\u0161nji model<\/li>\n<li><strong>XCH-1000 <\/strong><br \/>\n&#8211; upravlja\u010d za 10 zona<br \/>\n&#8211; unutra\u0161nji\/spolja\u0161nji model<\/li>\n<li><strong>XCH-1200 <\/strong><br \/>\n&#8211; upravlja\u010d za 12 zona<br \/>\n&#8211; unutra\u0161nji\/spolja\u0161nji model<\/li>\n<li><strong>XCH-1200-SS <\/strong><br \/>\n&#8211; upravlja\u010d za 12 zona<br \/>\n&#8211; spolja\u0161nji model<br \/>\n&#8211; ku\u0107i\u0161te od ner\u0111aju\u0107eg \u010delika<\/li>\n<\/ul>\n<h3>Dimenzije<\/h3>\n<ul>\n<li><strong>Plasti\u010dni model za unutra\u0161nju i spolja\u0161nju monta\u017eu:<\/strong><br \/>\n&#8211; 22,00 cm \u0161irina<br \/>\n&#8211; 17,80 cm visina<br \/>\n&#8211; 9,50 cm dubina<\/li>\n<li><strong>Model za vanjsku monta\u017eu od ner\u0111aju\u0107eg \u010delika:<\/strong><br \/>\n&#8211; 25,00 cm \u0161irina<br \/>\n&#8211; 19,00 cm visina<br \/>\n&#8211; 11,00 cm dubina<\/li>\n<li><strong>\u0160ipka-dr\u017ea\u010d za model od ner\u0111aju\u0107eg \u010delika: <\/strong><br \/>\n&#8211; 1,20 m<\/li>\n<li><strong>Opciono solarni panel: <\/strong><br \/>\n&#8211; 8,30 cm \u0161irina<br \/>\n&#8211; 6,00 cm visina<br \/>\n&#8211; 1,60 cm dubina<\/li>\n<\/ul>\n<h3>Radni parametri<\/h3>\n<ul>\n<li><strong>Radi na baterije ili elektri\u010dnu energiju<\/strong><\/li>\n<li><strong>Broj zona:<\/strong><br \/>\n4, 6, 8, 10, 12 (plasti\u010dno ku\u0107i\u0161te);<br \/>\n6, 12 (ku\u0107i\u0161te od ner\u0111aju\u0107eg \u010delika)<\/li>\n<li><strong>Tip:<\/strong> fiksni<\/li>\n<li><strong>Ku\u0107i\u0161ta:<\/strong><br \/>\nunutra\u0161nja i spolja\u0161nja plasti\u010dna;<br \/>\nspolja\u0161nja od ner\u0111aju\u0107eg \u010delika<\/li>\n<li><strong>Nezavisni programi:<\/strong> 3<\/li>\n<li><strong>Startna vremena zalivanja po program:<\/strong> 4<\/li>\n<li><strong>Maksimalno trajanje zalivanja po zoni:<\/strong> 4 sata<\/li>\n<li><strong>Radi samo sa DC solenoidima<\/strong><\/li>\n<li><strong>Opciono solarni panel SPXCH omogu\u0107uje neometani rad bez odr\u017eavanja<\/strong><\/li>\n<li><strong>Garancija:<\/strong> 2 godine<\/li>\n<li><strong>Memorija Easy Retrieve\u00ae<\/strong><\/li>\n<li><strong>Manualno pokretanje programa i napredovanje kroz programe jednim dodirom<\/strong><\/li>\n<li><strong>Zaobila\u017eenje senzora za ki\u0161u<\/strong><\/li>\n<li><strong>Programirano zadr\u017eavanje zalivanja zbog ki\u0161e<\/strong><\/li>\n<li><strong>Trajna memorija<\/strong><\/li>\n<li><strong>Automatska za\u0161tita od strujnog udara<\/strong><\/li>\n<li><strong>Globalna sezonska pode\u0161enja<\/strong><\/li>\n<li><strong>Zadr\u017eavanje zalivanja izme\u0111u zona<\/strong><\/li>\n<li><strong>Mogu\u0107nost programiranja senzora<\/strong><\/li>\n<\/ul>\n<\/div><\/section><br \/>\n<div  style='height:20px' class='hr hr-invisible   avia-builder-el-8  el_after_av_textblock  avia-builder-el-last '><span class='hr-inner ' ><span class='hr-inner-style'><\/span><\/span><\/div><\/p><\/div><div class=\"flex_column av_one_third  flex_column_div   avia-builder-el-9  el_after_av_two_third  avia-builder-el-last  \" ><p><div  class='avia-image-container  av-styling-    avia-builder-el-10  el_before_av_image  avia-builder-el-first  avia-align-center '  itemprop=\"image\" itemscope=\"itemscope\" itemtype=\"https:\/\/schema.org\/ImageObject\"  ><div class='avia-image-container-inner'><div class='avia-image-overlay-wrap'><img class='avia_image' src='https:\/\/www.gardenlux.me\/web\/wp-content\/uploads\/2015\/04\/hunter.png' alt='' title='hunter' height=\"66\" width=\"175\"  itemprop=\"thumbnailUrl\"  \/><\/div><\/div><\/div><br \/>\n<div  class='avia-image-container  av-styling-    avia-builder-el-11  el_after_av_image  el_before_av_image  avia-align-center '  itemprop=\"image\" itemscope=\"itemscope\" itemtype=\"https:\/\/schema.org\/ImageObject\"  ><div class='avia-image-container-inner'><div class='avia-image-overlay-wrap'><a href='http:\/\/www.gardenlux.me\/download\/Upravljacka jedinica - XC HYBRID.pdf' class='avia_image' target=\"_blank\" rel=\"noopener noreferrer\"><img class='avia_image ' src='https:\/\/www.gardenlux.me\/web\/wp-content\/uploads\/2015\/04\/pdf.png' alt='' title='pdf'  itemprop=\"thumbnailUrl\"  \/><\/a><\/div><\/div><\/div><br \/>\n<div  class='avia-image-container  av-styling-    avia-builder-el-12  el_after_av_image  el_before_av_image  avia-align-center '  itemprop=\"image\" itemscope=\"itemscope\" itemtype=\"https:\/\/schema.org\/ImageObject\"  ><div class='avia-image-container-inner'><div class='avia-image-overlay-wrap'><img class='avia_image' src='https:\/\/www.gardenlux.me\/web\/wp-content\/uploads\/2015\/04\/00119.jpg' alt='' title='001' height=\"180\" width=\"195\"  itemprop=\"thumbnailUrl\"  \/><\/div><\/div><\/div><br \/>\n<div  class='avia-image-container  av-styling-    avia-builder-el-13  el_after_av_image  el_before_av_image  avia-align-center '  itemprop=\"image\" itemscope=\"itemscope\" itemtype=\"https:\/\/schema.org\/ImageObject\"  ><div class='avia-image-container-inner'><div class='avia-image-overlay-wrap'><img class='avia_image' src='https:\/\/www.gardenlux.me\/web\/wp-content\/uploads\/2015\/04\/00219.jpg' alt='' title='002' height=\"162\" width=\"195\"  itemprop=\"thumbnailUrl\"  \/><\/div><\/div><\/div><br \/>\n<div  class='avia-image-container  av-styling-    avia-builder-el-14  el_after_av_image  el_before_av_image  avia-align-center '  itemprop=\"image\" itemscope=\"itemscope\" itemtype=\"https:\/\/schema.org\/ImageObject\"  ><div class='avia-image-container-inner'><div class='avia-image-overlay-wrap'><img class='avia_image' src='https:\/\/www.gardenlux.me\/web\/wp-content\/uploads\/2015\/04\/00318.jpg' alt='' title='003' height=\"104\" width=\"195\"  itemprop=\"thumbnailUrl\"  \/><\/div><\/div><\/div><br \/>\n<div  class='avia-image-container  av-styling-    avia-builder-el-15  el_after_av_image  el_before_av_hr  avia-align-center '  itemprop=\"image\" itemscope=\"itemscope\" itemtype=\"https:\/\/schema.org\/ImageObject\"  ><div class='avia-image-container-inner'><div class='avia-image-overlay-wrap'><img class='avia_image' src='https:\/\/www.gardenlux.me\/web\/wp-content\/uploads\/2015\/04\/00413.jpg' alt='' title='004' height=\"216\" width=\"195\"  itemprop=\"thumbnailUrl\"  \/><\/div><\/div><\/div><br \/>\n<div  style='height:20px' class='hr hr-invisible   avia-builder-el-16  el_after_av_image  avia-builder-el-last '><span class='hr-inner ' ><span class='hr-inner-style'><\/span><\/span><\/div><\/p><\/div><\/p>\n<\/div><\/div><\/div><div id='av_section_1'  class='avia-section main_color avia-section-default avia-no-shadow avia-bg-style-parallax  avia-builder-el-17  el_after_av_layout_row  el_before_av_section   container_wrap sidebar_right' style=' '  ><div class='container' ><div class='template-page content  av-content-small alpha units'><div class='post-entry post-entry-type-page post-entry-733'><div class='entry-content-wrapper clearfix'>\n<div class=\"flex_column av_one_fourth  flex_column_div first  avia-builder-el-18  el_before_av_one_fourth  avia-builder-el-first  \" ><p><div  class='avia-image-container avia_animated_image avia_animate_when_almost_visible pop-up av-styling-  noHover  av-overlay-on-hover   avia-builder-el-19  el_before_av_icon_box  avia-builder-el-first  avia-align-center '  itemprop=\"image\" itemscope=\"itemscope\" itemtype=\"https:\/\/schema.org\/ImageObject\"  ><div class='avia-image-container-inner'><div class='avia-image-overlay-wrap'><div class='av-image-caption-overlay'><div class='av-caption-image-overlay-bg' style='opacity:0.4; background-color:#444444; '><\/div><div class='av-image-caption-overlay-position'><div class='av-image-caption-overlay-center' style='color:#ffffff; font-size:20px; '><p>Op\u0161irnije<\/p>\n<\/div><\/div><\/div><img class='avia_image' src='https:\/\/www.gardenlux.me\/web\/wp-content\/uploads\/2014\/07\/small4-300x243.jpg' alt='' title='small4' height=\"243\" width=\"300\"  itemprop=\"thumbnailUrl\"  \/><\/div><\/div><\/div><br \/>\n<article  class=\"iconbox iconbox_left    avia-builder-el-20  el_after_av_image  avia-builder-el-last  \"  itemscope=\"itemscope\" itemtype=\"https:\/\/schema.org\/CreativeWork\" ><div class=\"iconbox_content\"><header class=\"entry-content-header\"><div class=\"iconbox_icon heading-color \" aria-hidden='true' data-av_icon='\ue912' data-av_iconfont='entypo-fontello'  ><\/div><h3 class='iconbox_content_title  '  itemprop=\"headline\"  >Prodaja rezanog i umjetnog cvije\u0107a<\/h3><\/header><div class='iconbox_content_container  '  itemprop=\"text\"  ><p>Lorem ipsum dolor sit amet, consectetuer adipiscing elit. Aenean commodo ligula eget dolor.<\/p>\n<\/div><\/div><footer class=\"entry-footer\"><\/footer><\/article><\/p><\/div><div class=\"flex_column av_one_fourth  flex_column_div   avia-builder-el-21  el_after_av_one_fourth  el_before_av_one_fourth  \" ><p><div  class='avia-image-container avia_animated_image avia_animate_when_almost_visible pop-up av-styling-  noHover  av-overlay-on-hover   avia-builder-el-22  el_before_av_icon_box  avia-builder-el-first  avia-align-center '  itemprop=\"image\" itemscope=\"itemscope\" itemtype=\"https:\/\/schema.org\/ImageObject\"  ><div class='avia-image-container-inner'><div class='avia-image-overlay-wrap'><div class='av-image-caption-overlay'><div class='av-caption-image-overlay-bg' style='opacity:0.4; background-color:#444444; '><\/div><div class='av-image-caption-overlay-position'><div class='av-image-caption-overlay-center' style='color:#ffffff; font-size:20px; '><p>Op\u0161irnije<\/p>\n<\/div><\/div><\/div><img class='avia_image' src='https:\/\/www.gardenlux.me\/web\/wp-content\/uploads\/2014\/07\/small3-300x243.jpg' alt='' title='small3' height=\"243\" width=\"300\"  itemprop=\"thumbnailUrl\"  \/><\/div><\/div><\/div><br \/>\n<article  class=\"iconbox iconbox_left    avia-builder-el-23  el_after_av_image  avia-builder-el-last  \"  itemscope=\"itemscope\" itemtype=\"https:\/\/schema.org\/CreativeWork\" ><div class=\"iconbox_content\"><header class=\"entry-content-header\"><div class=\"iconbox_icon heading-color \" aria-hidden='true' data-av_icon='\ue912' data-av_iconfont='entypo-fontello'  ><\/div><h3 class='iconbox_content_title  '  itemprop=\"headline\"  >Prodaja stakla, plastike i keramike<\/h3><\/header><div class='iconbox_content_container  '  itemprop=\"text\"  ><p>Lorem ipsum dolor sit amet, consectetuer adipiscing elit. Aenean commodo ligula eget dolor.<\/p>\n<\/div><\/div><footer class=\"entry-footer\"><\/footer><\/article><\/p><\/div><div class=\"flex_column av_one_fourth  flex_column_div   avia-builder-el-24  el_after_av_one_fourth  el_before_av_one_fourth  \" ><p><div  class='avia-image-container avia_animated_image avia_animate_when_almost_visible pop-up av-styling-  noHover  av-overlay-on-hover   avia-builder-el-25  el_before_av_icon_box  avia-builder-el-first  avia-align-center '  itemprop=\"image\" itemscope=\"itemscope\" itemtype=\"https:\/\/schema.org\/ImageObject\"  ><div class='avia-image-container-inner'><div class='avia-image-overlay-wrap'><div class='av-image-caption-overlay'><div class='av-caption-image-overlay-bg' style='opacity:0.4; background-color:#444444; '><\/div><div class='av-image-caption-overlay-position'><div class='av-image-caption-overlay-center' style='color:#ffffff; font-size:20px; '><p>Op\u0161irnije<\/p>\n<\/div><\/div><\/div><img class='avia_image' src='https:\/\/www.gardenlux.me\/web\/wp-content\/uploads\/2014\/07\/small2-300x243.jpg' alt='' title='small2' height=\"243\" width=\"300\"  itemprop=\"thumbnailUrl\"  \/><\/div><\/div><\/div><br \/>\n<article  class=\"iconbox iconbox_left    avia-builder-el-26  el_after_av_image  avia-builder-el-last  \"  itemscope=\"itemscope\" itemtype=\"https:\/\/schema.org\/CreativeWork\" ><div class=\"iconbox_content\"><header class=\"entry-content-header\"><div class=\"iconbox_icon heading-color \" aria-hidden='true' data-av_icon='\ue912' data-av_iconfont='entypo-fontello'  ><\/div><h3 class='iconbox_content_title  '  itemprop=\"headline\"  >Sistemi za zalivanje<\/h3><\/header><div class='iconbox_content_container  '  itemprop=\"text\"  ><p>Lorem ipsum dolor sit amet, consectetuer adipiscing elit. Aenean commodo ligula eget dolor.<\/p>\n<\/div><\/div><footer class=\"entry-footer\"><\/footer><\/article><\/p><\/div><div class=\"flex_column av_one_fourth  flex_column_div   avia-builder-el-27  el_after_av_one_fourth  avia-builder-el-last  \" ><p><div  class='avia-image-container avia_animated_image avia_animate_when_almost_visible pop-up av-styling-  noHover  av-overlay-on-hover   avia-builder-el-28  el_before_av_icon_box  avia-builder-el-first  avia-align-center '  itemprop=\"image\" itemscope=\"itemscope\" itemtype=\"https:\/\/schema.org\/ImageObject\"  ><div class='avia-image-container-inner'><div class='avia-image-overlay-wrap'><div class='av-image-caption-overlay'><div class='av-caption-image-overlay-bg' style='opacity:0.4; background-color:#444444; '><\/div><div class='av-image-caption-overlay-position'><div class='av-image-caption-overlay-center' style='color:#ffffff; font-size:20px; '><p>Op\u0161irnije<\/p>\n<\/div><\/div><\/div><img class='avia_image' src='https:\/\/www.gardenlux.me\/web\/wp-content\/uploads\/2014\/07\/small1-300x243.jpg' alt='' title='small1' height=\"243\" width=\"300\"  itemprop=\"thumbnailUrl\"  \/><\/div><\/div><\/div><br \/>\n<article  class=\"iconbox iconbox_left    avia-builder-el-29  el_after_av_image  avia-builder-el-last  \"  itemscope=\"itemscope\" itemtype=\"https:\/\/schema.org\/CreativeWork\" ><div class=\"iconbox_content\"><header class=\"entry-content-header\"><div class=\"iconbox_icon heading-color \" aria-hidden='true' data-av_icon='\ue912' data-av_iconfont='entypo-fontello'  ><\/div><h3 class='iconbox_content_title  '  itemprop=\"headline\"  >Dekoracija prostora<\/h3><\/header><div class='iconbox_content_container  '  itemprop=\"text\"  ><p>Lorem ipsum dolor sit amet, consectetuer adipiscing elit. Aenean commodo ligula eget dolor.<\/p>\n<\/div><\/div><footer class=\"entry-footer\"><\/footer><\/article><\/p><\/div>\n<\/p>\n<\/div><\/div><\/div><!-- close content main div --><\/div><\/div><div id='av_section_2'  class='avia-section main_color avia-section-small avia-no-shadow avia-full-stretch av-parallax-section avia-bg-style-parallax  avia-builder-el-30  el_after_av_section  avia-builder-el-last   container_wrap sidebar_right' style=' '  data-section-bg-repeat='stretch'><div class='av-parallax' data-avia-parallax-ratio='0.3' ><div class='av-parallax-inner main_color  avia-full-stretch' style = 'background-repeat: no-repeat; background-image: url(https:\/\/www.gardenlux.me\/web\/wp-content\/uploads\/2014\/07\/back2.jpg);background-attachment: scroll; background-position: top center; ' ><\/div><\/div><div class='container' ><div class='template-page content  av-content-small alpha units'><div class='post-entry post-entry-type-page post-entry-733'><div class='entry-content-wrapper clearfix'>\n<div  style='height:250px' class='hr hr-invisible   avia-builder-el-31  el_before_av_heading  avia-builder-el-first '><span class='hr-inner ' ><span class='hr-inner-style'><\/span><\/span><\/div>\n<div  style='padding-bottom:0px; color:#ffffff;font-size:80px;' class='av-special-heading av-special-heading-h1 custom-color-heading blockquote modern-quote  avia-builder-el-32  el_after_av_hr  avia-builder-el-last  av-inherit-size '><h1 class='av-special-heading-tag '  itemprop=\"headline\"  >Reference<\/h1><div class ='av-subheading av-subheading_below av_custom_color ' style='font-size:20px;'><p>Dekoracija enterijera i eksterijera<\/p>\n<\/div><div class='special-heading-border'><div class='special-heading-inner-border' style='border-color:#ffffff'><\/div><\/div><\/div>\n<\/div><\/div><\/div><!-- close content main div --><\/div><\/div><div id='after_section_2'  class='main_color av_default_container_wrap container_wrap sidebar_right' style=' '  ><div class='container' ><div class='template-page content  av-content-small alpha units'><div class='post-entry post-entry-type-page post-entry-733'><div class='entry-content-wrapper clearfix'>\n","protected":false},"excerpt":{"rendered":"","protected":false},"author":1,"featured_media":0,"parent":0,"menu_order":0,"comment_status":"closed","ping_status":"closed","template":"","meta":[],"_links":{"self":[{"href":"https:\/\/www.gardenlux.me\/web\/wp-json\/wp\/v2\/pages\/733"}],"collection":[{"href":"https:\/\/www.gardenlux.me\/web\/wp-json\/wp\/v2\/pages"}],"about":[{"href":"https:\/\/www.gardenlux.me\/web\/wp-json\/wp\/v2\/types\/page"}],"author":[{"embeddable":true,"href":"https:\/\/www.gardenlux.me\/web\/wp-json\/wp\/v2\/users\/1"}],"replies":[{"embeddable":true,"href":"https:\/\/www.gardenlux.me\/web\/wp-json\/wp\/v2\/comments?post=733"}],"version-history":[{"count":1,"href":"https:\/\/www.gardenlux.me\/web\/wp-json\/wp\/v2\/pages\/733\/revisions"}],"predecessor-version":[{"id":738,"href":"https:\/\/www.gardenlux.me\/web\/wp-json\/wp\/v2\/pages\/733\/revisions\/738"}],"wp:attachment":[{"href":"https:\/\/www.gardenlux.me\/web\/wp-json\/wp\/v2\/media?parent=733"}],"curies":[{"name":"wp","href":"https:\/\/api.w.org\/{rel}","templated":true}]}}