{"id":707,"date":"2015-04-29T09:34:16","date_gmt":"2015-04-29T08:34:16","guid":{"rendered":"http:\/\/www.gardenlux.me\/web\/?page_id=707"},"modified":"2015-04-29T09:34:16","modified_gmt":"2015-04-29T08:34:16","slug":"upravljacka-jedinica-i-core","status":"publish","type":"page","link":"https:\/\/www.gardenlux.me\/web\/upravljacka-jedinica-i-core\/","title":{"rendered":"UPRAVLJA\u010cKA JEDINICA I-CORE"},"content":{"rendered":"<div id='layer_slider_1'  class='avia-layerslider main_color avia-shadow  avia-builder-el-0  el_before_av_layout_row  avia-builder-el-first  container_wrap sidebar_right' style='  height: 241px;' ><\/div>\n<div id='unutrasnji_nosac'  class='av-layout-grid-container entry-content-wrapper main_color av-flex-cells     avia-builder-el-1  el_after_av_layerslider  el_before_av_section  submenu-not-first container_wrap sidebar_right' style=' '  >\n<div class=\"flex_cell no_margin av_one_third  avia-builder-el-2  el_before_av_cell_two_third  avia-builder-el-first   \" style='vertical-align:top; padding:30px; '><div class='flex_cell_inner' ><div  class='avia-builder-widget-area clearfix  avia-builder-el-3  avia-builder-el-no-sibling '><div id=\"nav_menu-9\" class=\"widget clearfix widget_nav_menu\"><div class=\"menu-hunter-uopsteno-container\"><ul id=\"menu-hunter-uopsteno\" class=\"menu\"><li id=\"menu-item-501\" class=\"menu-item menu-item-type-custom menu-item-object-custom menu-item-501\"><a href=\"http:\/\/www.gardenlux.me\/web\/?p=499\">UOP\u0160TENO<\/a><\/li>\n<\/ul><\/div><\/div><\/div>\n<\/div><\/div><div class=\"flex_cell no_margin av_two_third  avia-builder-el-4  el_after_av_cell_one_third  avia-builder-el-last   \" style='vertical-align:top; padding:30px; '><div class='flex_cell_inner' ><p><div class=\"flex_column av_two_third  flex_column_div first  avia-builder-el-5  el_before_av_one_third  avia-builder-el-first  \" ><p><div  style='padding-bottom:0px; font-size:30px;' class='av-special-heading av-special-heading-h2  blockquote modern-quote  avia-builder-el-6  el_before_av_textblock  avia-builder-el-first  av-inherit-size '><h2 class='av-special-heading-tag '  itemprop=\"headline\"  >UPRAVLJA\u010cKA JEDINICA I-CORE<\/h2><div class ='av-subheading av-subheading_below  ' style='font-size:15px;'><p>opis<\/p>\n<\/div><div class='special-heading-border'><div class='special-heading-inner-border' ><\/div><\/div><\/div><br \/>\n<section class=\"av_textblock_section \"  itemscope=\"itemscope\" itemtype=\"https:\/\/schema.org\/CreativeWork\" ><div class='avia_textblock  '   itemprop=\"text\" ><p>UPRAVLJA\u010cKA JEDINICA I-CORE<\/p>\n<div class=\"txt left\"><\/div>\n<h3>Karatkeristike i prednosti<\/h3>\n<ul>\n<li><strong>Vi\u0161estrani modularni dizajn <\/strong><br \/>\nOmogu\u0107uje lako dodavanje novih zalivnih zona i jednostavno upravljanje resursima<\/li>\n<li><strong>4 potpuno nezavisna programa <\/strong><br \/>\nSvaki sa odvojenim dnevnim ciklusima i 8 startnih vremena zalivanja, pru\u017ea potpunu prilagodivost i za kompleksne zalivne povr\u0161ine<\/li>\n<li><strong>Izbor nezavisnih termina za zalivanje u svakom programu <\/strong><br \/>\nMaksimalne opcije za termine zalivanja (mogu\u0107 izbor dana u sedmici, parnih ili neparnih dani, ili izostavljanje pojedinih dana ili intervala u toku perioda od 31-og dana)<\/li>\n<li><strong>Trajna memorija <\/strong><br \/>\nProgramirani podaci se trajno \u010duvaju u memoriji ure\u0111aja i u slu\u010daju prekida napajanja, bez potrebe za baterijom<\/li>\n<li><strong>Programabilna upotreba pumpe u zalivnoj zoni <\/strong><br \/>\nPumpa se koristi samo kada je to neophodno; prilagodljivo za upotrebu vode za zalivanje iz dva izvora<\/li>\n<li><strong>Mogu\u0107nost cikli\u010dnog i natapaju\u0107eg zalivanja u zalivnoj zoni <\/strong><br \/>\nOmogu\u0107uje da se odabrani ciklus zalivanja podeli u male ponavljaju\u0107e cikluse, radi minimiziranja vremena \u010dekanja da tlo upije dodatu vlagu<\/li>\n<li><strong>Spreman za daljinsku komandu <\/strong><br \/>\nMogu\u0107nost upravljanja daljinskim priklju\u010dkom SRR, ROAM ili ICR.<\/li>\n<\/ul>\n<h3>Modeli<\/h3>\n<ul>\n<li><strong>IC-600-PL <\/strong><br \/>\n&#8211; upravlja\u010d za 6 zalivnih zona<br \/>\n&#8211; mogu\u0107nost pro\u0161irenja do 30 zona<br \/>\n&#8211; unutra\u0161nji\/spolja\u0161nji<br \/>\n&#8211; u plasti\u010dnom ku\u0107i\u0161tu<\/li>\n<li><strong>IC-601-PL <\/strong><br \/>\n&#8211; upravlja\u010d za 6 zalivnih zona<br \/>\n&#8211; internacionalni model<br \/>\n&#8211; unutra\u0161nji\/spolja\u0161nji<br \/>\n&#8211; mogu\u0107nost pro\u0161irenja do 30 zona<\/li>\n<li><strong>IC-600-M <\/strong><br \/>\n&#8211; upravlja\u010d za 6 zalivnih zona<br \/>\n&#8211; mogu\u0107nost pro\u0161irenja do 42 zona<br \/>\n&#8211; unutra\u0161nji\/spolja\u0161nji<br \/>\n&#8211; u metalnom ku\u0107i\u0161tu<\/li>\n<li><strong>IC-600-PP <\/strong><br \/>\n&#8211; upravlja\u010d za 6 zalivnih zona<br \/>\n&#8211; mogu\u0107nost pro\u0161irenja do 42 zona<br \/>\n&#8211; unutra\u0161nji\/spolja\u0161nji<br \/>\n&#8211; plasti\u010dno postolje<\/li>\n<li><strong>ICM-600 <\/strong><br \/>\n&#8211; dodatni modul za kontrolu do 6 zalivnih zona<\/li>\n<li><strong>IC-600-SS <\/strong><br \/>\n&#8211; upravlja\u010d za 6 zalivnih zona<br \/>\n&#8211; mogu\u0107nost pro\u0161irenja do 42 zona<br \/>\n&#8211; unutra\u0161nji\/spolja\u0161nji<br \/>\n&#8211; postolje od ner\u0111aju\u0107eg \u010delika<\/li>\n<li><strong>ACC-PED <\/strong><br \/>\n&#8211; metalno postolje<br \/>\n&#8211; sive boje<br \/>\n&#8211; koristi se sa I-Core i ACC metalnim upravlja\u010dima<\/li>\n<li><strong>PED<\/strong><br \/>\n&#8211; postolje od ner\u0111aju\u0107eg \u010delika<br \/>\n&#8211; koristi se sa I-Core i ACC upravlja\u010dima od ner\u0111aju\u0107eg \u010delika<\/li>\n<\/ul>\n<h3>Dimenzije<\/h3>\n<ul>\n<li><strong>Plasti\u010dno ku\u0107i\u0161te, montira se na zid:<\/strong><br \/>\n&#8211; 12,10 cm visina<br \/>\n&#8211; 33,70 cm \u0161irina<br \/>\n&#8211; 22,00 cm dubina<\/li>\n<li><strong>Metalno ku\u0107i\u0161te koje se montira na zid: <\/strong><br \/>\n&#8211; 29,50 cm visina<br \/>\n&#8211; 43,0 cm \u0161irina<br \/>\n&#8211; 15,20 cm dubina<\/li>\n<li><strong>Metalno postolje: <\/strong><br \/>\n&#8211; 94 cm visina<br \/>\n&#8211; 39 cm \u0161irina<br \/>\n&#8211; 12,70 cm dubina<\/li>\n<li><strong>Plasti\u010dno postolje: <\/strong><br \/>\n&#8211; 97 cm visina<br \/>\n&#8211; 54 cm \u0161irina<br \/>\n&#8211; 40 cm dubina<\/li>\n<\/ul>\n<h3>Radni parametri<\/h3>\n<ul>\n<li><strong>Broj zalivnih zona:<\/strong><br \/>\nod 6 do 42 (48 zona sa DUAL dekoderima)<\/li>\n<li><strong>Tip: <\/strong>Modularni<\/li>\n<li><strong>Ku\u0107i\u0161te: <\/strong>Spolja\u0161nje-plasti\u010dno ili metalno<\/li>\n<li><strong>Nezavisni programi: <\/strong>4<\/li>\n<li><strong>Startna vremena za zalivanje: <\/strong>8 (A, B i C); 16 (D)<\/li>\n<li><strong>Maksimalno trajanje zalivanja po zoni: <\/strong>12 sati<\/li>\n<li><strong>Garancija: <\/strong>5 godina<\/li>\n<li><strong>Stvarno vreme kontrole protoka<\/strong><\/li>\n<li><strong>Memorija Easy Retrieve\u00ae<\/strong><\/li>\n<li><strong>Manualno pokretanje programa i napredovanje kroz programe jednim dodirom<\/strong><\/li>\n<li><strong>Zaobila\u017eenje senzora za ki\u0161u<\/strong><\/li>\n<li><strong>Programirano zadr\u017eavanje zalivanja zbog ki\u0161e<\/strong><\/li>\n<li><strong>Brza provera<\/strong><\/li>\n<li><strong>Trajna memorija<\/strong><\/li>\n<li><strong>Automatska za\u0161tita od strujnog udara<\/strong><\/li>\n<li><strong>Sezonska pode\u0161enja:<\/strong><br \/>\n&#8211; Globalno, pode\u0161ava korisnik<br \/>\n&#8211; Mese\u010dno, pode\u0161ava program<br \/>\n&#8211; Automatski, a\u017euriranje sa senzorom Solar Sync\u2122<\/li>\n<li><strong>Zadr\u017eavanje zalivanja izme\u0111u zona<\/strong><\/li>\n<li><strong>Mogu\u0107nost programiranja senzora<\/strong><\/li>\n<li><strong>Kalkulator ukupno vreme rada<\/strong><\/li>\n<li><strong>Ciklus i natapanje<\/strong><\/li>\n<li><strong>Period bez zalivanja<\/strong><\/li>\n<li><strong>Dani bez zalivanja<\/strong><\/li>\n<li><strong>Programiranje na vi\u0161e jezika: <\/strong><br \/>\nengleski, \u0161panski, francuski, italijanski, nema\u010dki i portugalski<\/li>\n<\/ul>\n<\/div><\/section><br \/>\n<div  style='height:20px' class='hr hr-invisible   avia-builder-el-8  el_after_av_textblock  avia-builder-el-last '><span class='hr-inner ' ><span class='hr-inner-style'><\/span><\/span><\/div><\/p><\/div><div class=\"flex_column av_one_third  flex_column_div   avia-builder-el-9  el_after_av_two_third  avia-builder-el-last  \" ><p><div  class='avia-image-container  av-styling-    avia-builder-el-10  el_before_av_image  avia-builder-el-first  avia-align-center '  itemprop=\"image\" itemscope=\"itemscope\" itemtype=\"https:\/\/schema.org\/ImageObject\"  ><div class='avia-image-container-inner'><div class='avia-image-overlay-wrap'><img class='avia_image' src='https:\/\/www.gardenlux.me\/web\/wp-content\/uploads\/2015\/04\/hunter.png' alt='' title='hunter' height=\"66\" width=\"175\"  itemprop=\"thumbnailUrl\"  \/><\/div><\/div><\/div><br \/>\n<div  class='avia-image-container  av-styling-    avia-builder-el-11  el_after_av_image  el_before_av_image  avia-align-center '  itemprop=\"image\" itemscope=\"itemscope\" itemtype=\"https:\/\/schema.org\/ImageObject\"  ><div class='avia-image-container-inner'><div class='avia-image-overlay-wrap'><a href='http:\/\/www.gardenlux.me\/download\/Upravljacka jedinica - I-CORE.pdf' class='avia_image' target=\"_blank\" rel=\"noopener noreferrer\"><img class='avia_image ' src='https:\/\/www.gardenlux.me\/web\/wp-content\/uploads\/2015\/04\/pdf.png' alt='' title='pdf'  itemprop=\"thumbnailUrl\"  \/><\/a><\/div><\/div><\/div><br \/>\n<div  class='avia-image-container  av-styling-    avia-builder-el-12  el_after_av_image  el_before_av_image  avia-align-center '  itemprop=\"image\" itemscope=\"itemscope\" itemtype=\"https:\/\/schema.org\/ImageObject\"  ><div class='avia-image-container-inner'><div class='avia-image-overlay-wrap'><img class='avia_image' src='https:\/\/www.gardenlux.me\/web\/wp-content\/uploads\/2015\/04\/00115.jpg' alt='' title='001' height=\"121\" width=\"195\"  itemprop=\"thumbnailUrl\"  \/><\/div><\/div><\/div><br \/>\n<div  class='avia-image-container  av-styling-    avia-builder-el-13  el_after_av_image  el_before_av_image  avia-align-center '  itemprop=\"image\" itemscope=\"itemscope\" itemtype=\"https:\/\/schema.org\/ImageObject\"  ><div class='avia-image-container-inner'><div class='avia-image-overlay-wrap'><img class='avia_image' src='https:\/\/www.gardenlux.me\/web\/wp-content\/uploads\/2015\/04\/00215.jpg' alt='' title='002' height=\"131\" width=\"195\"  itemprop=\"thumbnailUrl\"  \/><\/div><\/div><\/div><br \/>\n<div  class='avia-image-container  av-styling-    avia-builder-el-14  el_after_av_image  el_before_av_hr  avia-align-center '  itemprop=\"image\" itemscope=\"itemscope\" itemtype=\"https:\/\/schema.org\/ImageObject\"  ><div class='avia-image-container-inner'><div class='avia-image-overlay-wrap'><img class='avia_image' src='https:\/\/www.gardenlux.me\/web\/wp-content\/uploads\/2015\/04\/00314.jpg' alt='' title='003' height=\"146\" width=\"195\"  itemprop=\"thumbnailUrl\"  \/><\/div><\/div><\/div><br \/>\n<div  style='height:20px' class='hr hr-invisible   avia-builder-el-15  el_after_av_image  avia-builder-el-last '><span class='hr-inner ' ><span class='hr-inner-style'><\/span><\/span><\/div><\/p><\/div><\/p>\n<\/div><\/div><\/div><div id='av_section_1'  class='avia-section main_color avia-section-default avia-no-shadow avia-bg-style-parallax  avia-builder-el-16  el_after_av_layout_row  el_before_av_section   container_wrap sidebar_right' style=' '  ><div class='container' ><div class='template-page content  av-content-small alpha units'><div class='post-entry post-entry-type-page post-entry-707'><div class='entry-content-wrapper clearfix'>\n<div class=\"flex_column av_one_fourth  flex_column_div first  avia-builder-el-17  el_before_av_one_fourth  avia-builder-el-first  \" ><p><div  class='avia-image-container avia_animated_image avia_animate_when_almost_visible pop-up av-styling-  noHover  av-overlay-on-hover   avia-builder-el-18  el_before_av_icon_box  avia-builder-el-first  avia-align-center '  itemprop=\"image\" itemscope=\"itemscope\" itemtype=\"https:\/\/schema.org\/ImageObject\"  ><div class='avia-image-container-inner'><div class='avia-image-overlay-wrap'><div class='av-image-caption-overlay'><div class='av-caption-image-overlay-bg' style='opacity:0.4; background-color:#444444; '><\/div><div class='av-image-caption-overlay-position'><div class='av-image-caption-overlay-center' style='color:#ffffff; font-size:20px; '><p>Op\u0161irnije<\/p>\n<\/div><\/div><\/div><img class='avia_image' src='https:\/\/www.gardenlux.me\/web\/wp-content\/uploads\/2014\/07\/small4-300x243.jpg' alt='' title='small4' height=\"243\" width=\"300\"  itemprop=\"thumbnailUrl\"  \/><\/div><\/div><\/div><br \/>\n<article  class=\"iconbox iconbox_left    avia-builder-el-19  el_after_av_image  avia-builder-el-last  \"  itemscope=\"itemscope\" itemtype=\"https:\/\/schema.org\/CreativeWork\" ><div class=\"iconbox_content\"><header class=\"entry-content-header\"><div class=\"iconbox_icon heading-color \" aria-hidden='true' data-av_icon='\ue912' data-av_iconfont='entypo-fontello'  ><\/div><h3 class='iconbox_content_title  '  itemprop=\"headline\"  >Prodaja rezanog i umjetnog cvije\u0107a<\/h3><\/header><div class='iconbox_content_container  '  itemprop=\"text\"  ><p>Lorem ipsum dolor sit amet, consectetuer adipiscing elit. Aenean commodo ligula eget dolor.<\/p>\n<\/div><\/div><footer class=\"entry-footer\"><\/footer><\/article><\/p><\/div><div class=\"flex_column av_one_fourth  flex_column_div   avia-builder-el-20  el_after_av_one_fourth  el_before_av_one_fourth  \" ><p><div  class='avia-image-container avia_animated_image avia_animate_when_almost_visible pop-up av-styling-  noHover  av-overlay-on-hover   avia-builder-el-21  el_before_av_icon_box  avia-builder-el-first  avia-align-center '  itemprop=\"image\" itemscope=\"itemscope\" itemtype=\"https:\/\/schema.org\/ImageObject\"  ><div class='avia-image-container-inner'><div class='avia-image-overlay-wrap'><div class='av-image-caption-overlay'><div class='av-caption-image-overlay-bg' style='opacity:0.4; background-color:#444444; '><\/div><div class='av-image-caption-overlay-position'><div class='av-image-caption-overlay-center' style='color:#ffffff; font-size:20px; '><p>Op\u0161irnije<\/p>\n<\/div><\/div><\/div><img class='avia_image' src='https:\/\/www.gardenlux.me\/web\/wp-content\/uploads\/2014\/07\/small3-300x243.jpg' alt='' title='small3' height=\"243\" width=\"300\"  itemprop=\"thumbnailUrl\"  \/><\/div><\/div><\/div><br \/>\n<article  class=\"iconbox iconbox_left    avia-builder-el-22  el_after_av_image  avia-builder-el-last  \"  itemscope=\"itemscope\" itemtype=\"https:\/\/schema.org\/CreativeWork\" ><div class=\"iconbox_content\"><header class=\"entry-content-header\"><div class=\"iconbox_icon heading-color \" aria-hidden='true' data-av_icon='\ue912' data-av_iconfont='entypo-fontello'  ><\/div><h3 class='iconbox_content_title  '  itemprop=\"headline\"  >Prodaja stakla, plastike i keramike<\/h3><\/header><div class='iconbox_content_container  '  itemprop=\"text\"  ><p>Lorem ipsum dolor sit amet, consectetuer adipiscing elit. Aenean commodo ligula eget dolor.<\/p>\n<\/div><\/div><footer class=\"entry-footer\"><\/footer><\/article><\/p><\/div><div class=\"flex_column av_one_fourth  flex_column_div   avia-builder-el-23  el_after_av_one_fourth  el_before_av_one_fourth  \" ><p><div  class='avia-image-container avia_animated_image avia_animate_when_almost_visible pop-up av-styling-  noHover  av-overlay-on-hover   avia-builder-el-24  el_before_av_icon_box  avia-builder-el-first  avia-align-center '  itemprop=\"image\" itemscope=\"itemscope\" itemtype=\"https:\/\/schema.org\/ImageObject\"  ><div class='avia-image-container-inner'><div class='avia-image-overlay-wrap'><div class='av-image-caption-overlay'><div class='av-caption-image-overlay-bg' style='opacity:0.4; background-color:#444444; '><\/div><div class='av-image-caption-overlay-position'><div class='av-image-caption-overlay-center' style='color:#ffffff; font-size:20px; '><p>Op\u0161irnije<\/p>\n<\/div><\/div><\/div><img class='avia_image' src='https:\/\/www.gardenlux.me\/web\/wp-content\/uploads\/2014\/07\/small2-300x243.jpg' alt='' title='small2' height=\"243\" width=\"300\"  itemprop=\"thumbnailUrl\"  \/><\/div><\/div><\/div><br \/>\n<article  class=\"iconbox iconbox_left    avia-builder-el-25  el_after_av_image  avia-builder-el-last  \"  itemscope=\"itemscope\" itemtype=\"https:\/\/schema.org\/CreativeWork\" ><div class=\"iconbox_content\"><header class=\"entry-content-header\"><div class=\"iconbox_icon heading-color \" aria-hidden='true' data-av_icon='\ue912' data-av_iconfont='entypo-fontello'  ><\/div><h3 class='iconbox_content_title  '  itemprop=\"headline\"  >Sistemi za zalivanje<\/h3><\/header><div class='iconbox_content_container  '  itemprop=\"text\"  ><p>Lorem ipsum dolor sit amet, consectetuer adipiscing elit. Aenean commodo ligula eget dolor.<\/p>\n<\/div><\/div><footer class=\"entry-footer\"><\/footer><\/article><\/p><\/div><div class=\"flex_column av_one_fourth  flex_column_div   avia-builder-el-26  el_after_av_one_fourth  avia-builder-el-last  \" ><p><div  class='avia-image-container avia_animated_image avia_animate_when_almost_visible pop-up av-styling-  noHover  av-overlay-on-hover   avia-builder-el-27  el_before_av_icon_box  avia-builder-el-first  avia-align-center '  itemprop=\"image\" itemscope=\"itemscope\" itemtype=\"https:\/\/schema.org\/ImageObject\"  ><div class='avia-image-container-inner'><div class='avia-image-overlay-wrap'><div class='av-image-caption-overlay'><div class='av-caption-image-overlay-bg' style='opacity:0.4; background-color:#444444; '><\/div><div class='av-image-caption-overlay-position'><div class='av-image-caption-overlay-center' style='color:#ffffff; font-size:20px; '><p>Op\u0161irnije<\/p>\n<\/div><\/div><\/div><img class='avia_image' src='https:\/\/www.gardenlux.me\/web\/wp-content\/uploads\/2014\/07\/small1-300x243.jpg' alt='' title='small1' height=\"243\" width=\"300\"  itemprop=\"thumbnailUrl\"  \/><\/div><\/div><\/div><br \/>\n<article  class=\"iconbox iconbox_left    avia-builder-el-28  el_after_av_image  avia-builder-el-last  \"  itemscope=\"itemscope\" itemtype=\"https:\/\/schema.org\/CreativeWork\" ><div class=\"iconbox_content\"><header class=\"entry-content-header\"><div class=\"iconbox_icon heading-color \" aria-hidden='true' data-av_icon='\ue912' data-av_iconfont='entypo-fontello'  ><\/div><h3 class='iconbox_content_title  '  itemprop=\"headline\"  >Dekoracija prostora<\/h3><\/header><div class='iconbox_content_container  '  itemprop=\"text\"  ><p>Lorem ipsum dolor sit amet, consectetuer adipiscing elit. Aenean commodo ligula eget dolor.<\/p>\n<\/div><\/div><footer class=\"entry-footer\"><\/footer><\/article><\/p><\/div>\n<\/p>\n<\/div><\/div><\/div><!-- close content main div --><\/div><\/div><div id='av_section_2'  class='avia-section main_color avia-section-small avia-no-shadow avia-full-stretch av-parallax-section avia-bg-style-parallax  avia-builder-el-29  el_after_av_section  avia-builder-el-last   container_wrap sidebar_right' style=' '  data-section-bg-repeat='stretch'><div class='av-parallax' data-avia-parallax-ratio='0.3' ><div class='av-parallax-inner main_color  avia-full-stretch' style = 'background-repeat: no-repeat; background-image: url(https:\/\/www.gardenlux.me\/web\/wp-content\/uploads\/2014\/07\/back2.jpg);background-attachment: scroll; background-position: top center; ' ><\/div><\/div><div class='container' ><div class='template-page content  av-content-small alpha units'><div class='post-entry post-entry-type-page post-entry-707'><div class='entry-content-wrapper clearfix'>\n<div  style='height:250px' class='hr hr-invisible   avia-builder-el-30  el_before_av_heading  avia-builder-el-first '><span class='hr-inner ' ><span class='hr-inner-style'><\/span><\/span><\/div>\n<div  style='padding-bottom:0px; color:#ffffff;font-size:80px;' class='av-special-heading av-special-heading-h1 custom-color-heading blockquote modern-quote  avia-builder-el-31  el_after_av_hr  avia-builder-el-last  av-inherit-size '><h1 class='av-special-heading-tag '  itemprop=\"headline\"  >Reference<\/h1><div class ='av-subheading av-subheading_below av_custom_color ' style='font-size:20px;'><p>Dekoracija enterijera i eksterijera<\/p>\n<\/div><div class='special-heading-border'><div class='special-heading-inner-border' style='border-color:#ffffff'><\/div><\/div><\/div>\n<\/div><\/div><\/div><!-- close content main div --><\/div><\/div><div id='after_section_2'  class='main_color av_default_container_wrap container_wrap sidebar_right' style=' '  ><div class='container' ><div class='template-page content  av-content-small alpha units'><div class='post-entry post-entry-type-page post-entry-707'><div class='entry-content-wrapper clearfix'>\n","protected":false},"excerpt":{"rendered":"","protected":false},"author":1,"featured_media":0,"parent":0,"menu_order":0,"comment_status":"closed","ping_status":"closed","template":"","meta":[],"_links":{"self":[{"href":"https:\/\/www.gardenlux.me\/web\/wp-json\/wp\/v2\/pages\/707"}],"collection":[{"href":"https:\/\/www.gardenlux.me\/web\/wp-json\/wp\/v2\/pages"}],"about":[{"href":"https:\/\/www.gardenlux.me\/web\/wp-json\/wp\/v2\/types\/page"}],"author":[{"embeddable":true,"href":"https:\/\/www.gardenlux.me\/web\/wp-json\/wp\/v2\/users\/1"}],"replies":[{"embeddable":true,"href":"https:\/\/www.gardenlux.me\/web\/wp-json\/wp\/v2\/comments?post=707"}],"version-history":[{"count":1,"href":"https:\/\/www.gardenlux.me\/web\/wp-json\/wp\/v2\/pages\/707\/revisions"}],"predecessor-version":[{"id":711,"href":"https:\/\/www.gardenlux.me\/web\/wp-json\/wp\/v2\/pages\/707\/revisions\/711"}],"wp:attachment":[{"href":"https:\/\/www.gardenlux.me\/web\/wp-json\/wp\/v2\/media?parent=707"}],"curies":[{"name":"wp","href":"https:\/\/api.w.org\/{rel}","templated":true}]}}