{"id":634,"date":"2015-04-29T08:43:13","date_gmt":"2015-04-29T07:43:13","guid":{"rendered":"http:\/\/www.gardenlux.me\/web\/?page_id=634"},"modified":"2017-09-21T14:37:25","modified_gmt":"2017-09-21T13:37:25","slug":"mp-rotator","status":"publish","type":"page","link":"https:\/\/www.gardenlux.me\/web\/mp-rotator\/","title":{"rendered":"MP ROTATOR"},"content":{"rendered":"<div id='layer_slider_1'  class='avia-layerslider main_color avia-shadow  avia-builder-el-0  el_before_av_layout_row  avia-builder-el-first  container_wrap sidebar_right' style='  height: 241px;' ><\/div>\n<div id='unutrasnji_nosac'  class='av-layout-grid-container entry-content-wrapper main_color av-flex-cells     avia-builder-el-1  el_after_av_layerslider  el_before_av_section  submenu-not-first container_wrap sidebar_right' style=' '  >\n<div class=\"flex_cell no_margin av_one_third  avia-builder-el-2  el_before_av_cell_two_third  avia-builder-el-first   \" style='vertical-align:top; padding:30px; '><div class='flex_cell_inner' ><div  class='avia-builder-widget-area clearfix  avia-builder-el-3  avia-builder-el-no-sibling '><div id=\"nav_menu-9\" class=\"widget clearfix widget_nav_menu\"><div class=\"menu-hunter-uopsteno-container\"><ul id=\"menu-hunter-uopsteno\" class=\"menu\"><li id=\"menu-item-501\" class=\"menu-item menu-item-type-custom menu-item-object-custom menu-item-501\"><a href=\"http:\/\/www.gardenlux.me\/web\/?p=499\">UOP\u0160TENO<\/a><\/li>\n<\/ul><\/div><\/div><\/div>\n<\/div><\/div><div class=\"flex_cell no_margin av_two_third  avia-builder-el-4  el_after_av_cell_one_third  avia-builder-el-last   \" style='vertical-align:top; padding:30px; '><div class='flex_cell_inner' ><p><div class=\"flex_column av_two_third  flex_column_div first  avia-builder-el-5  el_before_av_one_third  avia-builder-el-first  \" ><p><div  style='padding-bottom:0px; font-size:30px;' class='av-special-heading av-special-heading-h2  blockquote modern-quote  avia-builder-el-6  el_before_av_textblock  avia-builder-el-first  av-inherit-size '><h2 class='av-special-heading-tag '  itemprop=\"headline\"  >MP ROTATOR<\/h2><div class ='av-subheading av-subheading_below  ' style='font-size:15px;'><p>opis<\/p>\n<\/div><div class='special-heading-border'><div class='special-heading-inner-border' ><\/div><\/div><\/div><br \/>\n<section class=\"av_textblock_section \"  itemscope=\"itemscope\" itemtype=\"https:\/\/schema.org\/CreativeWork\" ><div class='avia_textblock  '   itemprop=\"text\" ><p>MP ROTATOR<\/p>\n<p>Vi\u0161estruki rotiraju\u0107i mlazevi koriste manje vode i pru\u017eaju zdraviji rast biljaka.<\/p>\n<h3>Karatkeristike i prednosti<\/h3>\n<ul>\n<li><strong>Potpun izbor raznih izmenljivih dizni <\/strong><br \/>\nsa 14 raznovrsnih dizni, mogu\u0107e je re\u0161iti i zadovoljiti svaki zadatak zalivanja<\/li>\n<li><strong>Podesivi ugao i radijus vodenih mlaznica <\/strong><br \/>\npru\u017eaju pravovremeno i precizno pode\u0161enje vodenih mlaznica<\/li>\n<li><strong>Pru\u017eaju veliku u\u0161tedu vode <\/strong><br \/>\n\u010dak do 30% manje vode koriste u pore\u0111enju sa tradicionalnim sprejevima<\/li>\n<\/ul>\n<\/div><\/section><br \/>\n<section class=\"av_textblock_section \"  itemscope=\"itemscope\" itemtype=\"https:\/\/schema.org\/CreativeWork\" ><div class='avia_textblock  '   itemprop=\"text\" ><h3>Modeli<\/h3>\n<ul>\n<li><strong>MP-100090<\/strong><br \/>\n&#8211; dizna MP1000<br \/>\n&#8211; radijus od 2,5 do 4,5 m<br \/>\n&#8211; podesiva od 90\u00b0 do 210\u00b0<\/li>\n<li><strong>MP-1000210 <\/strong><br \/>\n&#8211; dizna MP1000<br \/>\n&#8211; radijus od 2,5 do 4,5 m<br \/>\n&#8211; podesiva od 210\u00b0 do 270\u00b0<\/li>\n<li><strong>MP-1000360<\/strong><br \/>\n&#8211; dizna MP1000<br \/>\n&#8211; radijus od 2,5 do 4,5 m,<br \/>\n&#8211; 360\u00b0<\/li>\n<li><strong>MP-200090 <\/strong><br \/>\n&#8211; dizna MP2000<br \/>\n&#8211; radijus od 4 do 6,4 m<br \/>\n&#8211; podesiva od 90\u00b0 do 210\u00b0<\/li>\n<li><strong>MP-2000210 <\/strong><br \/>\n&#8211; dizna MP2000<br \/>\n&#8211; radijus od 4 do 6,4 m<br \/>\n&#8211; podesiva od 210\u00b0 do 270\u00b0<\/li>\n<li><strong>MP-2000360 <\/strong><br \/>\n&#8211; dizna MP2000<br \/>\n&#8211; radijus od 4 do 6,4 m<br \/>\n&#8211; 360\u00b0<\/li>\n<li><strong>MP-300090 <\/strong><br \/>\n&#8211; dizna MP3000<br \/>\n&#8211; radijus od 6,7 do 9,1 m<br \/>\n&#8211; podesiva od 90\u00b0 do 210\u00b0<\/li>\n<li><strong>MP-3000210 <\/strong><br \/>\n&#8211; dizna MP3000<br \/>\n&#8211; radijus od 6,7 do 9,1 m<br \/>\n&#8211; podesiva od 210\u00b0 do 270\u00b0<\/li>\n<li><strong>MP-3000360 <\/strong><br \/>\n&#8211; dizna MP3000<br \/>\n&#8211; radijus od 6,7 do 9,1 m<br \/>\n&#8211; 360\u00b0<\/li>\n<li><strong>MP-3500 <\/strong><br \/>\n&#8211; dizna MP3500<br \/>\n&#8211; radijus od 9,1 do 10,7 m<br \/>\n&#8211; podesiva od 210\u00b0 do 270\u00b0<\/li>\n<li><strong>MPLCS <\/strong><br \/>\n&#8211; dizna za levi ugao<br \/>\n&#8211; radijus 1.5 x 4.6 m<\/li>\n<li><strong>MPRCS <\/strong><br \/>\n&#8211; dizna za desni ugao<br \/>\n&#8211; radijus 1.5 x 4.6 m<\/li>\n<li><strong>MPSS530 <\/strong><br \/>\n&#8211; dizna za uske povr\u0161ine<br \/>\n&#8211; radijus 1.5 x 9.1 m<\/li>\n<li><strong>MP CORNER <\/strong><br \/>\n&#8211; dizna za uglove<br \/>\n&#8211; radijus od 2.4 do 4.5 m<\/li>\n<\/ul>\n<h3>Dimenzije<\/h3>\n<ul>\n<li><strong>Ukupna visina:<\/strong> 19,0 cm<\/li>\n<li><strong>1\/2&#8243; unutra\u0161nji navoj<\/strong><\/li>\n<li><strong>Vidljiva povr\u0161ina glave:<\/strong> \u00d8 3,0 cm<\/li>\n<\/ul>\n<h3>Radni parametri<\/h3>\n<ul>\n<li><strong>Izbor dizni:<\/strong><br \/>\n14 vrsta<\/li>\n<li><strong>Propusna mo\u0107 (protok vode):<\/strong><br \/>\nod 0,61 do 16,07 lit\/min<\/li>\n<li><strong>Pre\u010dnik zalivanja: <\/strong><br \/>\nod 2,5 do 10,6 m<\/li>\n<li><strong>Radni pritisak: <\/strong><br \/>\nod 1,75 do 3,75 bara (175-375 kPa)<\/li>\n<li><strong>Koli\u010dina padavina: <\/strong><br \/>\npribli\u017eno 10 mm\/\u010das<\/li>\n<\/ul>\n<\/div><\/section><br \/>\n<div  style='height:20px' class='hr hr-invisible   avia-builder-el-9  el_after_av_textblock  avia-builder-el-last '><span class='hr-inner ' ><span class='hr-inner-style'><\/span><\/span><\/div><\/p><\/div><div class=\"flex_column av_one_third  flex_column_div   avia-builder-el-10  el_after_av_two_third  avia-builder-el-last  \" ><p><div  class='avia-image-container  av-styling-    avia-builder-el-11  el_before_av_image  avia-builder-el-first  avia-align-center '  itemprop=\"image\" itemscope=\"itemscope\" itemtype=\"https:\/\/schema.org\/ImageObject\"  ><div class='avia-image-container-inner'><div class='avia-image-overlay-wrap'><img class='avia_image' src='https:\/\/www.gardenlux.me\/web\/wp-content\/uploads\/2015\/04\/hunter.png' alt='' title='hunter' height=\"66\" width=\"175\"  itemprop=\"thumbnailUrl\"  \/><\/div><\/div><\/div><br \/>\n<div  class='avia-image-container  av-styling-    avia-builder-el-12  el_after_av_image  el_before_av_image  avia-align-center '  itemprop=\"image\" itemscope=\"itemscope\" itemtype=\"https:\/\/schema.org\/ImageObject\"  ><div class='avia-image-container-inner'><div class='avia-image-overlay-wrap'><a href='http:\/\/www.gardenlux.me\/download\/Rotacioni rasprskivac - MP ROTATOR.pdf' class='avia_image' target=\"_blank\" rel=\"noopener noreferrer\"><img class='avia_image ' src='https:\/\/www.gardenlux.me\/web\/wp-content\/uploads\/2015\/04\/pdf.png' alt='' title='pdf'  itemprop=\"thumbnailUrl\"  \/><\/a><\/div><\/div><\/div><br \/>\n<div  class='avia-image-container  av-styling-    avia-builder-el-13  el_after_av_image  el_before_av_image  avia-align-center '  itemprop=\"image\" itemscope=\"itemscope\" itemtype=\"https:\/\/schema.org\/ImageObject\"  ><div class='avia-image-container-inner'><div class='avia-image-overlay-wrap'><img class='avia_image' src='https:\/\/www.gardenlux.me\/web\/wp-content\/uploads\/2015\/04\/0018.jpg' alt='' title='001' height=\"236\" width=\"195\"  itemprop=\"thumbnailUrl\"  \/><\/div><\/div><\/div><br \/>\n<div  class='avia-image-container  av-styling-    avia-builder-el-14  el_after_av_image  el_before_av_image  avia-align-center '  itemprop=\"image\" itemscope=\"itemscope\" itemtype=\"https:\/\/schema.org\/ImageObject\"  ><div class='avia-image-container-inner'><div class='avia-image-overlay-wrap'><img class='avia_image' src='https:\/\/www.gardenlux.me\/web\/wp-content\/uploads\/2015\/04\/0028.jpg' alt='' title='002' height=\"445\" width=\"195\"  itemprop=\"thumbnailUrl\"  \/><\/div><\/div><\/div><br \/>\n<div  class='avia-image-container  av-styling-    avia-builder-el-15  el_after_av_image  el_before_av_image  avia-align-center '  itemprop=\"image\" itemscope=\"itemscope\" itemtype=\"https:\/\/schema.org\/ImageObject\"  ><div class='avia-image-container-inner'><div class='avia-image-overlay-wrap'><img class='avia_image' src='https:\/\/www.gardenlux.me\/web\/wp-content\/uploads\/2015\/04\/0038.jpg' alt='' title='003' height=\"118\" width=\"195\"  itemprop=\"thumbnailUrl\"  \/><\/div><\/div><\/div><br \/>\n<div  class='avia-image-container  av-styling-    avia-builder-el-16  el_after_av_image  el_before_av_hr  avia-align-center '  itemprop=\"image\" itemscope=\"itemscope\" itemtype=\"https:\/\/schema.org\/ImageObject\"  ><div class='avia-image-container-inner'><div class='avia-image-overlay-wrap'><img class='avia_image' src='https:\/\/www.gardenlux.me\/web\/wp-content\/uploads\/2015\/04\/0045.jpg' alt='' title='004' height=\"118\" width=\"195\"  itemprop=\"thumbnailUrl\"  \/><\/div><\/div><\/div><br \/>\n<div  style='height:20px' class='hr hr-invisible   avia-builder-el-17  el_after_av_image  avia-builder-el-last '><span class='hr-inner ' ><span class='hr-inner-style'><\/span><\/span><\/div><\/p><\/div><\/p>\n<\/div><\/div>\n<\/div>\n<div id='av_section_1'  class='avia-section main_color avia-section-default avia-no-shadow avia-bg-style-parallax  avia-builder-el-18  el_after_av_layout_row  el_before_av_section   container_wrap sidebar_right' style=' '  ><div class='container' ><div class='template-page content  av-content-small alpha units'><div class='post-entry post-entry-type-page post-entry-634'><div class='entry-content-wrapper clearfix'>\n<div class=\"flex_column av_one_fourth  flex_column_div first  avia-builder-el-19  el_before_av_one_fourth  avia-builder-el-first  \" ><p><div  class='avia-image-container avia_animated_image avia_animate_when_almost_visible pop-up av-styling-  noHover  av-overlay-on-hover   avia-builder-el-20  el_before_av_icon_box  avia-builder-el-first  avia-align-center '  itemprop=\"image\" itemscope=\"itemscope\" itemtype=\"https:\/\/schema.org\/ImageObject\"  ><div class='avia-image-container-inner'><div class='avia-image-overlay-wrap'><a href='https:\/\/www.gardenlux.me\/web\/dekorativni-kamen\/' class='avia_image'  ><div class='av-image-caption-overlay'><div class='av-caption-image-overlay-bg' style='opacity:0.4; background-color:#444444; '><\/div><div class='av-image-caption-overlay-position'><div class='av-image-caption-overlay-center' style='color:#ffffff; font-size:20px; '><p>Op\u0161irnije<\/p>\n<\/div><\/div><\/div><img class='avia_image ' src='https:\/\/www.gardenlux.me\/web\/wp-content\/uploads\/2014\/07\/kamenje.jpg' alt='PEBBLES - WHITE THASOS - Dekorativni kamen' title='kamenje'  itemprop=\"thumbnailUrl\"  \/><\/a><\/div><\/div><\/div><br \/>\n<article  class=\"iconbox iconbox_left    avia-builder-el-21  el_after_av_image  avia-builder-el-last  \"  itemscope=\"itemscope\" itemtype=\"https:\/\/schema.org\/CreativeWork\" ><div class=\"iconbox_content\"><header class=\"entry-content-header\"><a href='https:\/\/www.gardenlux.me\/web\/dekorativni-kamen\/' title='DEKORATIVNI KAMEN'  class=\"iconbox_icon heading-color \" aria-hidden='true' data-av_icon='\ue912' data-av_iconfont='entypo-fontello'  ><\/a><h3 class='iconbox_content_title  '  itemprop=\"headline\"  ><a href='https:\/\/www.gardenlux.me\/web\/dekorativni-kamen\/' title='DEKORATIVNI KAMEN' >DEKORATIVNI KAMEN<\/a><\/h3><\/header><div class='iconbox_content_container  '  itemprop=\"text\"  ><p>Uz malo kreativnosti i ideja mnogi vlasnici ku\u0107a kod nas pronalaze materijal za ostvarivanje svojih zamisli.<\/p>\n<\/div><\/div><footer class=\"entry-footer\"><\/footer><\/article><\/p><\/div><div class=\"flex_column av_one_fourth  flex_column_div   avia-builder-el-22  el_after_av_one_fourth  el_before_av_one_fourth  \" ><p><div  class='avia-image-container avia_animated_image avia_animate_when_almost_visible pop-up av-styling-  noHover  av-overlay-on-hover   avia-builder-el-23  el_before_av_icon_box  avia-builder-el-first  avia-align-center '  itemprop=\"image\" itemscope=\"itemscope\" itemtype=\"https:\/\/schema.org\/ImageObject\"  ><div class='avia-image-container-inner'><div class='avia-image-overlay-wrap'><a href='https:\/\/www.gardenlux.me\/web\/hunter-sistemi-za-navodnjavanje\/' class='avia_image'  ><div class='av-image-caption-overlay'><div class='av-caption-image-overlay-bg' style='opacity:0.4; background-color:#444444; '><\/div><div class='av-image-caption-overlay-position'><div class='av-image-caption-overlay-center' style='color:#ffffff; font-size:20px; '><p>Op\u0161irnije<\/p>\n<\/div><\/div><\/div><img class='avia_image ' src='https:\/\/www.gardenlux.me\/web\/wp-content\/uploads\/2014\/07\/small2-300x243.jpg' alt='' title='small2'  itemprop=\"thumbnailUrl\"  \/><\/a><\/div><\/div><\/div><br \/>\n<article  class=\"iconbox iconbox_left    avia-builder-el-24  el_after_av_image  avia-builder-el-last  \"  itemscope=\"itemscope\" itemtype=\"https:\/\/schema.org\/CreativeWork\" ><div class=\"iconbox_content\"><header class=\"entry-content-header\"><div class=\"iconbox_icon heading-color \" aria-hidden='true' data-av_icon='\ue912' data-av_iconfont='entypo-fontello'  ><\/div><h3 class='iconbox_content_title  '  itemprop=\"headline\"  ><a href='https:\/\/www.gardenlux.me\/web\/hunter-sistemi-za-navodnjavanje\/' title='Sistemi za zalivanje'  >Sistemi za zalivanje<\/a><\/h3><\/header><div class='iconbox_content_container  '  itemprop=\"text\"  ><p>Savjetovanje, projektovanje i ugradnja sistema za navodnjavanje u skladu sa va\u0161im \u017eeljama i zahtjevima.<\/p>\n<\/div><\/div><footer class=\"entry-footer\"><\/footer><\/article><\/p><\/div><div class=\"flex_column av_one_fourth  flex_column_div   avia-builder-el-25  el_after_av_one_fourth  el_before_av_one_fourth  \" ><p><div  class='avia-image-container avia_animated_image avia_animate_when_almost_visible pop-up av-styling-  noHover  av-overlay-on-hover   avia-builder-el-26  el_before_av_icon_box  avia-builder-el-first  avia-align-center '  itemprop=\"image\" itemscope=\"itemscope\" itemtype=\"https:\/\/schema.org\/ImageObject\"  ><div class='avia-image-container-inner'><div class='avia-image-overlay-wrap'><a href='https:\/\/www.gardenlux.me\/web\/poliext-plasticni-raster-sa-ojacanim-zidom\/' class='avia_image'  ><div class='av-image-caption-overlay'><div class='av-caption-image-overlay-bg' style='opacity:0.4; background-color:#444444; '><\/div><div class='av-image-caption-overlay-position'><div class='av-image-caption-overlay-center' style='color:#ffffff; font-size:20px; '><p>Op\u0161irnije<\/p>\n<\/div><\/div><\/div><img class='avia_image ' src='https:\/\/www.gardenlux.me\/web\/wp-content\/uploads\/2014\/07\/poliext.jpg' alt='' title='poliext'  itemprop=\"thumbnailUrl\"  \/><\/a><\/div><\/div><\/div><br \/>\n<article  class=\"iconbox iconbox_left    avia-builder-el-27  el_after_av_image  avia-builder-el-last  \"  itemscope=\"itemscope\" itemtype=\"https:\/\/schema.org\/CreativeWork\" ><div class=\"iconbox_content\"><header class=\"entry-content-header\"><a href='https:\/\/www.gardenlux.me\/web\/poliext-plasticni-raster-sa-ojacanim-zidom\/' title='POLIEXT\u00ae PLASTI\u010cNI RASTER'  class=\"iconbox_icon heading-color \" aria-hidden='true' data-av_icon='\ue912' data-av_iconfont='entypo-fontello'  ><\/a><h3 class='iconbox_content_title  '  itemprop=\"headline\"  ><a href='https:\/\/www.gardenlux.me\/web\/poliext-plasticni-raster-sa-ojacanim-zidom\/' title='POLIEXT\u00ae PLASTI\u010cNI RASTER' >POLIEXT\u00ae PLASTI\u010cNI RASTER<\/a><\/h3><\/header><div class='iconbox_content_container  '  itemprop=\"text\"  ><p>Proizveden od materijala koji \u010duva prirodnu okolinu.\u00a0Mo\u017ee se potpuno reciklirati.\u00a0Otporan na UV zra\u010denje.<\/p>\n<\/div><\/div><footer class=\"entry-footer\"><\/footer><\/article><\/p><\/div><div class=\"flex_column av_one_fourth  flex_column_div   avia-builder-el-28  el_after_av_one_fourth  avia-builder-el-last  \" ><p><div  class='avia-image-container avia_animated_image avia_animate_when_almost_visible pop-up av-styling-  noHover  av-overlay-on-hover   avia-builder-el-29  el_before_av_icon_box  avia-builder-el-first  avia-align-center '  itemprop=\"image\" itemscope=\"itemscope\" itemtype=\"https:\/\/schema.org\/ImageObject\"  ><div class='avia-image-container-inner'><div class='avia-image-overlay-wrap'><a href='https:\/\/www.gardenlux.me\/web\/planiranje-i-projektovanje-zelenih-povrsina\/' class='avia_image'  ><div class='av-image-caption-overlay'><div class='av-caption-image-overlay-bg' style='opacity:0.4; background-color:#444444; '><\/div><div class='av-image-caption-overlay-position'><div class='av-image-caption-overlay-center' style='color:#ffffff; font-size:20px; '><p>Op\u0161irnije<\/p>\n<\/div><\/div><\/div><img class='avia_image ' src='https:\/\/www.gardenlux.me\/web\/wp-content\/uploads\/2014\/07\/landscaping.jpg' alt='' title='landscaping'  itemprop=\"thumbnailUrl\"  \/><\/a><\/div><\/div><\/div><br \/>\n<article  class=\"iconbox iconbox_left    avia-builder-el-30  el_after_av_image  avia-builder-el-last  \"  itemscope=\"itemscope\" itemtype=\"https:\/\/schema.org\/CreativeWork\" ><div class=\"iconbox_content\"><header class=\"entry-content-header\"><a href='https:\/\/www.gardenlux.me\/web\/planiranje-i-projektovanje-zelenih-povrsina\/' title='Projektovanje zelenih povr\u0161ina'  class=\"iconbox_icon heading-color \" aria-hidden='true' data-av_icon='\ue912' data-av_iconfont='entypo-fontello'  ><\/a><h3 class='iconbox_content_title  '  itemprop=\"headline\"  ><a href='https:\/\/www.gardenlux.me\/web\/planiranje-i-projektovanje-zelenih-povrsina\/' title='Projektovanje zelenih povr\u0161ina' >Projektovanje zelenih povr\u0161ina<\/a><\/h3><\/header><div class='iconbox_content_container  '  itemprop=\"text\"  ><p>Garden Lux se bavi projektovanjem i planiranjem zelenih povr\u0161ina svih vrsta i namjena.<\/p>\n<\/div><\/div><footer class=\"entry-footer\"><\/footer><\/article><\/p><\/div><\/div><\/div><\/div><!-- close content main div --><\/div><\/div><div id='av_section_2'  class='avia-section main_color avia-section-small avia-no-shadow avia-full-stretch av-parallax-section avia-bg-style-parallax  avia-builder-el-31  el_after_av_section  avia-builder-el-last   container_wrap sidebar_right' style=' '  data-section-bg-repeat='stretch'><div class='av-parallax' data-avia-parallax-ratio='0.3' ><div class='av-parallax-inner main_color  avia-full-stretch' style = 'background-repeat: no-repeat; background-image: url(https:\/\/www.gardenlux.me\/web\/wp-content\/uploads\/2014\/07\/back2.jpg);background-attachment: scroll; background-position: top center; ' ><\/div><\/div><div class='container' ><div class='template-page content  av-content-small alpha units'><div class='post-entry post-entry-type-page post-entry-634'><div class='entry-content-wrapper clearfix'>\n<div  style='height:250px' class='hr hr-invisible   avia-builder-el-32  el_before_av_heading  avia-builder-el-first '><span class='hr-inner ' ><span class='hr-inner-style'><\/span><\/span><\/div>\n<div  style='padding-bottom:0px; color:#ffffff;font-size:80px;' class='av-special-heading av-special-heading-h1 custom-color-heading blockquote modern-quote  avia-builder-el-33  el_after_av_hr  avia-builder-el-last  av-inherit-size '><h1 class='av-special-heading-tag '  itemprop=\"headline\"  >Reference<\/h1><div class ='av-subheading av-subheading_below av_custom_color ' style='font-size:20px;'><p>Dekoracija enterijera i eksterijera<\/p>\n<\/div><div class='special-heading-border'><div class='special-heading-inner-border' style='border-color:#ffffff'><\/div><\/div><\/div>\n<\/div><\/div><\/div><!-- close content main div --><\/div><\/div><div id='after_section_2'  class='main_color av_default_container_wrap container_wrap sidebar_right' style=' '  ><div class='container' ><div class='template-page content  av-content-small alpha units'><div class='post-entry post-entry-type-page post-entry-634'><div class='entry-content-wrapper clearfix'><\/p>\n","protected":false},"excerpt":{"rendered":"","protected":false},"author":1,"featured_media":0,"parent":0,"menu_order":0,"comment_status":"closed","ping_status":"closed","template":"","meta":[],"_links":{"self":[{"href":"https:\/\/www.gardenlux.me\/web\/wp-json\/wp\/v2\/pages\/634"}],"collection":[{"href":"https:\/\/www.gardenlux.me\/web\/wp-json\/wp\/v2\/pages"}],"about":[{"href":"https:\/\/www.gardenlux.me\/web\/wp-json\/wp\/v2\/types\/page"}],"author":[{"embeddable":true,"href":"https:\/\/www.gardenlux.me\/web\/wp-json\/wp\/v2\/users\/1"}],"replies":[{"embeddable":true,"href":"https:\/\/www.gardenlux.me\/web\/wp-json\/wp\/v2\/comments?post=634"}],"version-history":[{"count":4,"href":"https:\/\/www.gardenlux.me\/web\/wp-json\/wp\/v2\/pages\/634\/revisions"}],"predecessor-version":[{"id":1397,"href":"https:\/\/www.gardenlux.me\/web\/wp-json\/wp\/v2\/pages\/634\/revisions\/1397"}],"wp:attachment":[{"href":"https:\/\/www.gardenlux.me\/web\/wp-json\/wp\/v2\/media?parent=634"}],"curies":[{"name":"wp","href":"https:\/\/api.w.org\/{rel}","templated":true}]}}