{"id":551,"date":"2015-04-29T07:26:22","date_gmt":"2015-04-29T06:26:22","guid":{"rendered":"http:\/\/www.gardenlux.me\/web\/?page_id=551"},"modified":"2017-09-21T14:42:20","modified_gmt":"2017-09-21T13:42:20","slug":"navodnjavanje-teniskih-terena","status":"publish","type":"page","link":"https:\/\/www.gardenlux.me\/web\/navodnjavanje-teniskih-terena\/","title":{"rendered":"Navodnjavanje teniskih terena"},"content":{"rendered":"<div id='layer_slider_1'  class='avia-layerslider main_color avia-shadow  avia-builder-el-0  el_before_av_layout_row  avia-builder-el-first  container_wrap sidebar_right' style='  height: 241px;' ><\/div>\n<div id='unutrasnji_nosac'  class='av-layout-grid-container entry-content-wrapper main_color av-flex-cells     avia-builder-el-1  el_after_av_layerslider  el_before_av_section  submenu-not-first container_wrap sidebar_right' style=' '  >\n<div class=\"flex_cell no_margin av_one_third  avia-builder-el-2  el_before_av_cell_two_third  avia-builder-el-first   \" style='vertical-align:top; padding:30px; '><div class='flex_cell_inner' ><div  class='avia-builder-widget-area clearfix  avia-builder-el-3  avia-builder-el-no-sibling '><div id=\"nav_menu-9\" class=\"widget clearfix widget_nav_menu\"><div class=\"menu-hunter-uopsteno-container\"><ul id=\"menu-hunter-uopsteno\" class=\"menu\"><li id=\"menu-item-501\" class=\"menu-item menu-item-type-custom menu-item-object-custom menu-item-501\"><a href=\"http:\/\/www.gardenlux.me\/web\/?p=499\">UOP\u0160TENO<\/a><\/li>\n<\/ul><\/div><\/div><\/div>\n<\/div><\/div><div class=\"flex_cell no_margin av_two_third  avia-builder-el-4  el_after_av_cell_one_third  avia-builder-el-last   \" style='vertical-align:top; padding:30px; '><div class='flex_cell_inner' ><p><div  style='padding-bottom:0px; font-size:38px;' class='av-special-heading av-special-heading-h2  blockquote modern-quote  avia-builder-el-5  el_before_av_one_full  avia-builder-el-first  av-inherit-size '><h2 class='av-special-heading-tag '  itemprop=\"headline\"  >NAVODNJAVANJE TENISKIH TERENA<\/h2><div class ='av-subheading av-subheading_below  ' style='font-size:15px;'><p>uop\u0161teno<\/p>\n<\/div><div class='special-heading-border'><div class='special-heading-inner-border' ><\/div><\/div><\/div><br \/>\n<div class=\"flex_column av_one_full  flex_column_div first  avia-builder-el-6  el_after_av_heading  avia-builder-el-last  \" ><p><section class=\"av_textblock_section \"  itemscope=\"itemscope\" itemtype=\"https:\/\/schema.org\/CreativeWork\" ><div class='avia_textblock  '   itemprop=\"text\" ><p>Navodnjavanje teniskih terena<\/p>\n<p>Pored ravnomjernosti, navodnjavanje teniskih terena\u00a0treba da bude veoma intenzivno kako bi se nakon zavr\u0161enog me\u010da teren \u0161to prije osposobio za naredni me\u010d. Kako bi odgovorili na ovaj zahtjev projektujemo zalivanje teniskih terena, standardnih dimenzija, sa 6 raspr\u0161iva\u010da <strong>HUNTER tip I-20<\/strong> sa metalnom glavom.<\/p>\n<p>Obzirom da je neophodno posti\u0107i \u0161to kra\u0107e vrijeme zalivanja, u zavisnosti od izvora vode, te\u017eimo da svih \u0161est raspr\u0161iva\u010da postavimo na jednu zonu, tj. da svi raspr\u0161iva\u010di rade istovremeno. Na ovaj nacin teren se poliva sa nekoliko stotina litara za par minuta.<\/p>\n<p>Za\u0161titna gumena kapa na vrhu raspr\u0161iva\u010da se postavljaja u ravan terena tako da raspr\u0161iva\u010di nijesu prepreka niti smetnja igracima. Raspr\u0161iva\u010di su van nivoa terena samo za vreme polivanja terena a nakon prestanka zalivanja, opruga vra\u0107a tijelo raspr\u010diva\u010da u kuci\u0161te koje je ugra\u0111eno u podlogu.<\/p>\n<p>Upravlja\u010dka jedinica omogu\u0107ava da se tokom no\u0107i teren automatski obilno zalije a koristi nam i da aktivira program koji \u0107e zaliti samo povr\u0161inski sloj \u0161ljake izme\u0111u dva me\u010da a da se nemora saginjati i ru\u010dno otvarati ventil u \u0161ahti.<\/p>\n<p>Ukoliko je bilo padavina senzor za ki\u0161u \u0107e stopirati automatsko zalivanje, tako da teren ne\u0107e biti prezaliven.<\/p>\n<\/div><\/section><br \/>\n<div  class='avia-image-container  av-styling-    avia-builder-el-8  el_after_av_textblock  el_before_av_textblock  avia-align-center '  itemprop=\"image\" itemscope=\"itemscope\" itemtype=\"https:\/\/schema.org\/ImageObject\"  ><div class='avia-image-container-inner'><div class='avia-image-overlay-wrap'><a href='https:\/\/www.gardenlux.me\/web\/wp-content\/uploads\/2015\/04\/teniski.jpg' class='avia_image'  ><img class='avia_image ' src='https:\/\/www.gardenlux.me\/web\/wp-content\/uploads\/2015\/04\/teniski.jpg' alt='' title='teniski'  itemprop=\"thumbnailUrl\"  \/><\/a><\/div><\/div><\/div><br \/>\n<section class=\"av_textblock_section \"  itemscope=\"itemscope\" itemtype=\"https:\/\/schema.org\/CreativeWork\" ><div class='avia_textblock  '   itemprop=\"text\" ><p>Pored ravnomjernosti,zalivanje teniskih terena treba da bude veoma intenzivno kako bi se nakon zavr\u0161enog me\u010da teren \u0161to prije osposobio za naredni me\u010d. Kako bi odgovorili na ovaj zahtjev projektujemo zalivanje teniskih terena, standardnih dimenzija, sa 6 raspr\u0161iva\u010da <strong>HUNTER tip I-20<\/strong> sa metalnom glavom.<\/p>\n<p>Obzirom da je neophodno posti\u0107i \u0161to kra\u0107e vrijeme zalivanja, u zavisnosti od izvora vode, te\u017eimo da svih \u0161est raspr\u0161iva\u010da postavimo na jednu zonu, tj. da svi raspr\u0161iva\u010di rade istovremeno. Na ovaj nacin teren se poliva sa nekoliko stotina litara za par minuta.<\/p>\n<p>Za\u0161titna gumena kapa na vrhu raspr\u0161iva\u010da se postavljaja u ravan terena tako da raspr\u0161iva\u010di nijesu prepreka niti smetnja igracima. Raspr\u0161iva\u010di su van nivoa terena samo za vreme polivanja terena a nakon prestanka zalivanja, opruga vra\u0107a tijelo raspr\u010diva\u010da u kuci\u0161te koje je ugra\u0111eno u podlogu.<\/p>\n<p>Upravlja\u010dka jedinica omogu\u0107ava da se tokom no\u0107i teren automatski obilno zalije a koristi nam i da aktivira program koji \u0107e zaliti samo povr\u0161inski sloj \u0161ljake izme\u0111u dva me\u010da a da se nemora saginjati i ru\u010dno otvarati ventil u \u0161ahti.<\/p>\n<p>Ukoliko je bilo padavina senzor za ki\u0161u \u0107e stopirati automatsko zalivanje, tako da teren ne\u0107e biti prezaliven.<\/p>\n<\/div><\/section><br \/>\n<div  style='height:20px' class='hr hr-invisible   avia-builder-el-10  el_after_av_textblock  avia-builder-el-last '><span class='hr-inner ' ><span class='hr-inner-style'><\/span><\/span><\/div><\/p><\/div><\/p>\n<\/div><\/div>\n<\/div>\n<div id='av_section_1'  class='avia-section main_color avia-section-default avia-no-shadow avia-bg-style-parallax  avia-builder-el-11  el_after_av_layout_row  el_before_av_section   container_wrap sidebar_right' style=' '  ><div class='container' ><div class='template-page content  av-content-small alpha units'><div class='post-entry post-entry-type-page post-entry-551'><div class='entry-content-wrapper clearfix'>\n<div class=\"flex_column av_one_fourth  flex_column_div first  avia-builder-el-12  el_before_av_one_fourth  avia-builder-el-first  \" ><p><div  class='avia-image-container avia_animated_image avia_animate_when_almost_visible pop-up av-styling-  noHover  av-overlay-on-hover   avia-builder-el-13  el_before_av_icon_box  avia-builder-el-first  avia-align-center '  itemprop=\"image\" itemscope=\"itemscope\" itemtype=\"https:\/\/schema.org\/ImageObject\"  ><div class='avia-image-container-inner'><div class='avia-image-overlay-wrap'><a href='https:\/\/www.gardenlux.me\/web\/dekorativni-kamen\/' class='avia_image'  ><div class='av-image-caption-overlay'><div class='av-caption-image-overlay-bg' style='opacity:0.4; background-color:#444444; '><\/div><div class='av-image-caption-overlay-position'><div class='av-image-caption-overlay-center' style='color:#ffffff; font-size:20px; '><p>Op\u0161irnije<\/p>\n<\/div><\/div><\/div><img class='avia_image ' src='https:\/\/www.gardenlux.me\/web\/wp-content\/uploads\/2014\/07\/kamenje.jpg' alt='PEBBLES - WHITE THASOS - Dekorativni kamen' title='kamenje'  itemprop=\"thumbnailUrl\"  \/><\/a><\/div><\/div><\/div><br \/>\n<article  class=\"iconbox iconbox_left    avia-builder-el-14  el_after_av_image  avia-builder-el-last  \"  itemscope=\"itemscope\" itemtype=\"https:\/\/schema.org\/CreativeWork\" ><div class=\"iconbox_content\"><header class=\"entry-content-header\"><a href='https:\/\/www.gardenlux.me\/web\/dekorativni-kamen\/' title='DEKORATIVNI KAMEN'  class=\"iconbox_icon heading-color \" aria-hidden='true' data-av_icon='\ue912' data-av_iconfont='entypo-fontello'  ><\/a><h3 class='iconbox_content_title  '  itemprop=\"headline\"  ><a href='https:\/\/www.gardenlux.me\/web\/dekorativni-kamen\/' title='DEKORATIVNI KAMEN' >DEKORATIVNI KAMEN<\/a><\/h3><\/header><div class='iconbox_content_container  '  itemprop=\"text\"  ><p>Uz malo kreativnosti i ideja mnogi vlasnici ku\u0107a kod nas pronalaze materijal za ostvarivanje svojih zamisli.<\/p>\n<\/div><\/div><footer class=\"entry-footer\"><\/footer><\/article><\/p><\/div><div class=\"flex_column av_one_fourth  flex_column_div   avia-builder-el-15  el_after_av_one_fourth  el_before_av_one_fourth  \" ><p><div  class='avia-image-container avia_animated_image avia_animate_when_almost_visible pop-up av-styling-  noHover  av-overlay-on-hover   avia-builder-el-16  el_before_av_icon_box  avia-builder-el-first  avia-align-center '  itemprop=\"image\" itemscope=\"itemscope\" itemtype=\"https:\/\/schema.org\/ImageObject\"  ><div class='avia-image-container-inner'><div class='avia-image-overlay-wrap'><a href='https:\/\/www.gardenlux.me\/web\/hunter-sistemi-za-navodnjavanje\/' class='avia_image'  ><div class='av-image-caption-overlay'><div class='av-caption-image-overlay-bg' style='opacity:0.4; background-color:#444444; '><\/div><div class='av-image-caption-overlay-position'><div class='av-image-caption-overlay-center' style='color:#ffffff; font-size:20px; '><p>Op\u0161irnije<\/p>\n<\/div><\/div><\/div><img class='avia_image ' src='https:\/\/www.gardenlux.me\/web\/wp-content\/uploads\/2014\/07\/small2-300x243.jpg' alt='' title='small2'  itemprop=\"thumbnailUrl\"  \/><\/a><\/div><\/div><\/div><br \/>\n<article  class=\"iconbox iconbox_left    avia-builder-el-17  el_after_av_image  avia-builder-el-last  \"  itemscope=\"itemscope\" itemtype=\"https:\/\/schema.org\/CreativeWork\" ><div class=\"iconbox_content\"><header class=\"entry-content-header\"><div class=\"iconbox_icon heading-color \" aria-hidden='true' data-av_icon='\ue912' data-av_iconfont='entypo-fontello'  ><\/div><h3 class='iconbox_content_title  '  itemprop=\"headline\"  ><a href='https:\/\/www.gardenlux.me\/web\/hunter-sistemi-za-navodnjavanje\/' title='Sistemi za zalivanje'  >Sistemi za zalivanje<\/a><\/h3><\/header><div class='iconbox_content_container  '  itemprop=\"text\"  ><p>Savjetovanje, projektovanje i ugradnja sistema za navodnjavanje u skladu sa va\u0161im \u017eeljama i zahtjevima.<\/p>\n<\/div><\/div><footer class=\"entry-footer\"><\/footer><\/article><\/p><\/div><div class=\"flex_column av_one_fourth  flex_column_div   avia-builder-el-18  el_after_av_one_fourth  el_before_av_one_fourth  \" ><p><div  class='avia-image-container avia_animated_image avia_animate_when_almost_visible pop-up av-styling-  noHover  av-overlay-on-hover   avia-builder-el-19  el_before_av_icon_box  avia-builder-el-first  avia-align-center '  itemprop=\"image\" itemscope=\"itemscope\" itemtype=\"https:\/\/schema.org\/ImageObject\"  ><div class='avia-image-container-inner'><div class='avia-image-overlay-wrap'><a href='https:\/\/www.gardenlux.me\/web\/poliext-plasticni-raster-sa-ojacanim-zidom\/' class='avia_image'  ><div class='av-image-caption-overlay'><div class='av-caption-image-overlay-bg' style='opacity:0.4; background-color:#444444; '><\/div><div class='av-image-caption-overlay-position'><div class='av-image-caption-overlay-center' style='color:#ffffff; font-size:20px; '><p>Op\u0161irnije<\/p>\n<\/div><\/div><\/div><img class='avia_image ' src='https:\/\/www.gardenlux.me\/web\/wp-content\/uploads\/2014\/07\/poliext.jpg' alt='' title='poliext'  itemprop=\"thumbnailUrl\"  \/><\/a><\/div><\/div><\/div><br \/>\n<article  class=\"iconbox iconbox_left    avia-builder-el-20  el_after_av_image  avia-builder-el-last  \"  itemscope=\"itemscope\" itemtype=\"https:\/\/schema.org\/CreativeWork\" ><div class=\"iconbox_content\"><header class=\"entry-content-header\"><a href='https:\/\/www.gardenlux.me\/web\/poliext-plasticni-raster-sa-ojacanim-zidom\/' title='POLIEXT\u00ae PLASTI\u010cNI RASTER'  class=\"iconbox_icon heading-color \" aria-hidden='true' data-av_icon='\ue912' data-av_iconfont='entypo-fontello'  ><\/a><h3 class='iconbox_content_title  '  itemprop=\"headline\"  ><a href='https:\/\/www.gardenlux.me\/web\/poliext-plasticni-raster-sa-ojacanim-zidom\/' title='POLIEXT\u00ae PLASTI\u010cNI RASTER' >POLIEXT\u00ae PLASTI\u010cNI RASTER<\/a><\/h3><\/header><div class='iconbox_content_container  '  itemprop=\"text\"  ><p>Proizveden od materijala koji \u010duva prirodnu okolinu.\u00a0Mo\u017ee se potpuno reciklirati.\u00a0Otporan na UV zra\u010denje.<\/p>\n<\/div><\/div><footer class=\"entry-footer\"><\/footer><\/article><\/p><\/div><div class=\"flex_column av_one_fourth  flex_column_div   avia-builder-el-21  el_after_av_one_fourth  avia-builder-el-last  \" ><p><div  class='avia-image-container avia_animated_image avia_animate_when_almost_visible pop-up av-styling-  noHover  av-overlay-on-hover   avia-builder-el-22  el_before_av_icon_box  avia-builder-el-first  avia-align-center '  itemprop=\"image\" itemscope=\"itemscope\" itemtype=\"https:\/\/schema.org\/ImageObject\"  ><div class='avia-image-container-inner'><div class='avia-image-overlay-wrap'><a href='https:\/\/www.gardenlux.me\/web\/planiranje-i-projektovanje-zelenih-povrsina\/' class='avia_image'  ><div class='av-image-caption-overlay'><div class='av-caption-image-overlay-bg' style='opacity:0.4; background-color:#444444; '><\/div><div class='av-image-caption-overlay-position'><div class='av-image-caption-overlay-center' style='color:#ffffff; font-size:20px; '><p>Op\u0161irnije<\/p>\n<\/div><\/div><\/div><img class='avia_image ' src='https:\/\/www.gardenlux.me\/web\/wp-content\/uploads\/2014\/07\/landscaping.jpg' alt='' title='landscaping'  itemprop=\"thumbnailUrl\"  \/><\/a><\/div><\/div><\/div><br \/>\n<article  class=\"iconbox iconbox_left    avia-builder-el-23  el_after_av_image  avia-builder-el-last  \"  itemscope=\"itemscope\" itemtype=\"https:\/\/schema.org\/CreativeWork\" ><div class=\"iconbox_content\"><header class=\"entry-content-header\"><a href='https:\/\/www.gardenlux.me\/web\/planiranje-i-projektovanje-zelenih-povrsina\/' title='Projektovanje zelenih povr\u0161ina'  class=\"iconbox_icon heading-color \" aria-hidden='true' data-av_icon='\ue912' data-av_iconfont='entypo-fontello'  ><\/a><h3 class='iconbox_content_title  '  itemprop=\"headline\"  ><a href='https:\/\/www.gardenlux.me\/web\/planiranje-i-projektovanje-zelenih-povrsina\/' title='Projektovanje zelenih povr\u0161ina' >Projektovanje zelenih povr\u0161ina<\/a><\/h3><\/header><div class='iconbox_content_container  '  itemprop=\"text\"  ><p>Garden Lux se bavi projektovanjem i planiranjem zelenih povr\u0161ina svih vrsta i namjena.<\/p>\n<\/div><\/div><footer class=\"entry-footer\"><\/footer><\/article><\/p><\/div><\/div><\/div><\/div><!-- close content main div --><\/div><\/div><div id='av_section_2'  class='avia-section main_color avia-section-small avia-no-shadow avia-full-stretch av-parallax-section avia-bg-style-parallax  avia-builder-el-24  el_after_av_section  avia-builder-el-last   container_wrap sidebar_right' style=' '  data-section-bg-repeat='stretch'><div class='av-parallax' data-avia-parallax-ratio='0.3' ><div class='av-parallax-inner main_color  avia-full-stretch' style = 'background-repeat: no-repeat; background-image: url(https:\/\/www.gardenlux.me\/web\/wp-content\/uploads\/2014\/07\/back2.jpg);background-attachment: scroll; background-position: top center; ' ><\/div><\/div><div class='container' ><div class='template-page content  av-content-small alpha units'><div class='post-entry post-entry-type-page post-entry-551'><div class='entry-content-wrapper clearfix'>\n<div  style='height:250px' class='hr hr-invisible   avia-builder-el-25  el_before_av_heading  avia-builder-el-first '><span class='hr-inner ' ><span class='hr-inner-style'><\/span><\/span><\/div>\n<div  style='padding-bottom:0px; color:#ffffff;font-size:80px;' class='av-special-heading av-special-heading-h1 custom-color-heading blockquote modern-quote  avia-builder-el-26  el_after_av_hr  avia-builder-el-last  av-inherit-size '><h1 class='av-special-heading-tag '  itemprop=\"headline\"  >Reference<\/h1><div class ='av-subheading av-subheading_below av_custom_color ' style='font-size:20px;'><p>Dekoracija enterijera i eksterijera<\/p>\n<\/div><div class='special-heading-border'><div class='special-heading-inner-border' style='border-color:#ffffff'><\/div><\/div><\/div>\n<\/div><\/div><\/div><!-- close content main div --><\/div><\/div><div id='after_section_2'  class='main_color av_default_container_wrap container_wrap sidebar_right' style=' '  ><div class='container' ><div class='template-page content  av-content-small alpha units'><div class='post-entry post-entry-type-page post-entry-551'><div class='entry-content-wrapper clearfix'><\/p>\n","protected":false},"excerpt":{"rendered":"","protected":false},"author":1,"featured_media":0,"parent":0,"menu_order":0,"comment_status":"closed","ping_status":"closed","template":"","meta":[],"_links":{"self":[{"href":"https:\/\/www.gardenlux.me\/web\/wp-json\/wp\/v2\/pages\/551"}],"collection":[{"href":"https:\/\/www.gardenlux.me\/web\/wp-json\/wp\/v2\/pages"}],"about":[{"href":"https:\/\/www.gardenlux.me\/web\/wp-json\/wp\/v2\/types\/page"}],"author":[{"embeddable":true,"href":"https:\/\/www.gardenlux.me\/web\/wp-json\/wp\/v2\/users\/1"}],"replies":[{"embeddable":true,"href":"https:\/\/www.gardenlux.me\/web\/wp-json\/wp\/v2\/comments?post=551"}],"version-history":[{"count":6,"href":"https:\/\/www.gardenlux.me\/web\/wp-json\/wp\/v2\/pages\/551\/revisions"}],"predecessor-version":[{"id":1405,"href":"https:\/\/www.gardenlux.me\/web\/wp-json\/wp\/v2\/pages\/551\/revisions\/1405"}],"wp:attachment":[{"href":"https:\/\/www.gardenlux.me\/web\/wp-json\/wp\/v2\/media?parent=551"}],"curies":[{"name":"wp","href":"https:\/\/api.w.org\/{rel}","templated":true}]}}