{"id":523,"date":"2015-04-28T12:18:18","date_gmt":"2015-04-28T11:18:18","guid":{"rendered":"http:\/\/www.gardenlux.me\/web\/?page_id=523"},"modified":"2017-09-21T14:43:55","modified_gmt":"2017-09-21T13:43:55","slug":"navodnjavanje-sportskih-terena","status":"publish","type":"page","link":"https:\/\/www.gardenlux.me\/web\/navodnjavanje-sportskih-terena\/","title":{"rendered":"NAVODNJAVANJE SPORTSKIH TERENA"},"content":{"rendered":"<div id='layer_slider_1'  class='avia-layerslider main_color avia-shadow  avia-builder-el-0  el_before_av_layout_row  avia-builder-el-first  container_wrap sidebar_right' style='  height: 241px;' ><\/div>\n<div id='unutrasnji_nosac'  class='av-layout-grid-container entry-content-wrapper main_color av-flex-cells     avia-builder-el-1  el_after_av_layerslider  el_before_av_section  submenu-not-first container_wrap sidebar_right' style=' '  >\n<div class=\"flex_cell no_margin av_one_third  avia-builder-el-2  el_before_av_cell_two_third  avia-builder-el-first   \" style='vertical-align:top; padding:30px; '><div class='flex_cell_inner' ><div  class='avia-builder-widget-area clearfix  avia-builder-el-3  avia-builder-el-no-sibling '><div id=\"nav_menu-9\" class=\"widget clearfix widget_nav_menu\"><div class=\"menu-hunter-uopsteno-container\"><ul id=\"menu-hunter-uopsteno\" class=\"menu\"><li id=\"menu-item-501\" class=\"menu-item menu-item-type-custom menu-item-object-custom menu-item-501\"><a href=\"http:\/\/www.gardenlux.me\/web\/?p=499\">UOP\u0160TENO<\/a><\/li>\n<\/ul><\/div><\/div><\/div>\n<\/div><\/div><div class=\"flex_cell no_margin av_two_third  avia-builder-el-4  el_after_av_cell_one_third  avia-builder-el-last   \" style='vertical-align:top; padding:30px; '><div class='flex_cell_inner' ><p><div  style='padding-bottom:0px; font-size:38px;' class='av-special-heading av-special-heading-h2  blockquote modern-quote  avia-builder-el-5  el_before_av_heading  avia-builder-el-first  av-inherit-size '><h2 class='av-special-heading-tag '  itemprop=\"headline\"  >NAVODNJAVANJE SPORTSKIH TERENA<\/h2><div class ='av-subheading av-subheading_below  ' style='font-size:15px;'><p>uop\u0161teno<\/p>\n<\/div><div class='special-heading-border'><div class='special-heading-inner-border' ><\/div><\/div><\/div><br \/>\n<div  style='padding-bottom:0px; font-size:25px;' class='av-special-heading av-special-heading-h2  blockquote modern-quote  avia-builder-el-6  el_after_av_heading  el_before_av_two_third  av-inherit-size '><h2 class='av-special-heading-tag '  itemprop=\"headline\"  >FUDBALSKI TERENI<\/h2><div class='special-heading-border'><div class='special-heading-inner-border' ><\/div><\/div><\/div><br \/>\n<div class=\"flex_column av_two_third  flex_column_div first  avia-builder-el-7  el_after_av_heading  el_before_av_one_third  \" ><p><section class=\"av_textblock_section \"  itemscope=\"itemscope\" itemtype=\"https:\/\/schema.org\/CreativeWork\" ><div class='avia_textblock  '   itemprop=\"text\" ><p>NAVODNJAVANJE SPORTSKIH TERENA<\/p>\n<p>Na\u0161 zalivni sistem odgovara fudbalskom terenu dimenzija koje odgovaraju propisima FIFA, 105 x 68 m, ocrtanog terena i travnatog pojasa du\u017e aut linija \u0161irine 2 m kao i pojasa \u0161irine 3 m du\u017e korner linija, tako da je efektivna zalivna povr\u0161ina dimenzija 111 x 72 m.<\/p>\n<p>Za zalivanje se koriste raspr\u0161iva\u010di i komponente ameri\u010dkog proizvo\u0111a\u010da <strong>HUNTER<\/strong>.<\/p>\n<p>Odabrani su \u201cPop up\u201d raspr\u0161iva\u010di, tj raspr\u0161iva\u010di koji su montirani ispod travnate povr\u0161ine tako da ne ometaju igra\u010de i ne predstavljaju smetnju za odr\u017eavanje travnjaka.<\/p>\n<div  class='avia-button-wrap avia-button-left  avia-builder-el-9  avia-builder-el-no-sibling ' ><a href='http:\/\/www.gardenlux.me\/web\/?p=547'  class='avia-button   avia-icon_select-no avia-color-theme-color avia-size-large avia-position-left '   ><span class='avia_iconbox_title' >op\u0161irnije<\/span><\/a><\/div>\n<\/div><\/section><br \/>\n<div  style='padding-bottom:0px; font-size:25px;' class='av-special-heading av-special-heading-h2  blockquote modern-quote  avia-builder-el-10  el_after_av_textblock  avia-builder-el-last  av-inherit-size '><h2 class='av-special-heading-tag '  itemprop=\"headline\"  >TENISKI TERENI<\/h2><div class='special-heading-border'><div class='special-heading-inner-border' ><\/div><\/div><\/div><\/p><\/div><div class=\"flex_column av_one_third  flex_column_div   avia-builder-el-11  el_after_av_two_third  el_before_av_two_third  \" ><div  class='avia-image-container  av-styling-    avia-builder-el-12  avia-builder-el-no-sibling  avia-align-center '  itemprop=\"image\" itemscope=\"itemscope\" itemtype=\"https:\/\/schema.org\/ImageObject\"  ><div class='avia-image-container-inner'><div class='avia-image-overlay-wrap'><img class='avia_image' src='https:\/\/www.gardenlux.me\/web\/wp-content\/uploads\/2015\/04\/fudbalski_uopsteno.jpg' alt='' title='fudbalski_uopsteno' height=\"429\" width=\"450\"  itemprop=\"thumbnailUrl\"  \/><\/div><\/div><\/div><\/div><div class=\"flex_column av_two_third  flex_column_div first  avia-builder-el-13  el_after_av_one_third  el_before_av_one_third  column-top-margin\" ><section class=\"av_textblock_section \"  itemscope=\"itemscope\" itemtype=\"https:\/\/schema.org\/CreativeWork\" ><div class='avia_textblock  '   itemprop=\"text\" ><p>NAVODNJAVANJE SPORTSKIH TERENA<\/p>\n<p>Pored ravnomjernosti, zalivanje teniskih terena treba da bude veoma intenzivno kako bi se nakon zavr\u0161enog me\u010da teren \u0161to prije osposobio za naredni me\u010d. Kako bi odgovorili na ovaj zahtjev projektujemo zalivanje teniskih terena, standardnih dimenzija, sa 6 raspr\u0161iva\u010da <strong>HUNTER<\/strong>\u00a0tip I-20 sa metalnom glavom.<\/p>\n<p>Obzirom da je neophodno posti\u0107i \u0161to kra\u0107e vrijeme zalivanja, u zavisnosti od izvora vode, te\u017eimo da svih \u0161est raspr\u0161iva\u010da postavimo na jednu zonu, tj. da svi raspr\u0161iva\u010di rade istovremeno. Na ovaj nacin teren se poliva sa nekoliko stotina litara za par minuta.<\/p>\n<div  class='avia-button-wrap avia-button-left  avia-builder-el-15  avia-builder-el-no-sibling ' ><a href='http:\/\/www.gardenlux.me\/web\/?p=551'  class='avia-button   avia-icon_select-no avia-color-theme-color avia-size-large avia-position-left '   ><span class='avia_iconbox_title' >op\u0161rinije<\/span><\/a><\/div>\n<\/div><\/section><\/div><div class=\"flex_column av_one_third  flex_column_div   avia-builder-el-16  el_after_av_two_third  el_before_av_heading  column-top-margin\" ><div  class='avia-image-container  av-styling-    avia-builder-el-17  avia-builder-el-no-sibling  avia-align-center '  itemprop=\"image\" itemscope=\"itemscope\" itemtype=\"https:\/\/schema.org\/ImageObject\"  ><div class='avia-image-container-inner'><div class='avia-image-overlay-wrap'><img class='avia_image' src='https:\/\/www.gardenlux.me\/web\/wp-content\/uploads\/2015\/04\/teniski_uopsteno.jpg' alt='' title='teniski_uopsteno' height=\"429\" width=\"450\"  itemprop=\"thumbnailUrl\"  \/><\/div><\/div><\/div><\/div><div  style='padding-bottom:0px; font-size:25px;' class='av-special-heading av-special-heading-h2  blockquote modern-quote  avia-builder-el-18  el_after_av_one_third  el_before_av_two_third  av-inherit-size '><h2 class='av-special-heading-tag '  itemprop=\"headline\"  >GOLF TERENI<\/h2><div class='special-heading-border'><div class='special-heading-inner-border' ><\/div><\/div><\/div><br \/>\n<div class=\"flex_column av_two_third  flex_column_div first  avia-builder-el-19  el_after_av_heading  el_before_av_one_third  \" ><section class=\"av_textblock_section \"  itemscope=\"itemscope\" itemtype=\"https:\/\/schema.org\/CreativeWork\" ><div class='avia_textblock  '   itemprop=\"text\" ><p>NAVODNJAVANJE SPORTSKIH TERENA<\/p>\n<p>Raspr\u0161iva\u010di su ukopani u nivou va\u0161eg travnjaka. Napajaju se preko cjevnih sistema skrivenih ispod povr\u0161ine zemlje i izlaze samo za vreme zalivanja, koje je automatski postavljeno na osnovu prethodno definisanih parametara. Nakon uspe\u0161no obavljenog prskanja travnjaka, raspr\u0161iva\u010di se vrate u nivo travnjaka i ne smetaju ko\u0161enju i drugim aktivnostima.<\/p>\n<div  class='avia-button-wrap avia-button-left  avia-builder-el-21  avia-builder-el-no-sibling ' ><a href='http:\/\/www.gardenlux.me\/web\/?p=555'  class='avia-button   avia-icon_select-no avia-color-theme-color avia-size-large avia-position-left '   ><span class='avia_iconbox_title' >op\u0161rinije<\/span><\/a><\/div>\n<\/div><\/section><\/div><div class=\"flex_column av_one_third  flex_column_div   avia-builder-el-22  el_after_av_two_third  avia-builder-el-last  \" ><div  class='avia-image-container  av-styling-    avia-builder-el-23  avia-builder-el-no-sibling  avia-align-center '  itemprop=\"image\" itemscope=\"itemscope\" itemtype=\"https:\/\/schema.org\/ImageObject\"  ><div class='avia-image-container-inner'><div class='avia-image-overlay-wrap'><img class='avia_image' src='https:\/\/www.gardenlux.me\/web\/wp-content\/uploads\/2015\/04\/golf_uopsteno.jpg' alt='' title='golf_uopsteno' height=\"429\" width=\"450\"  itemprop=\"thumbnailUrl\"  \/><\/div><\/div><\/div><\/div><\/p>\n<\/div><\/div>\n<\/div>\n<div id='av_section_1'  class='avia-section main_color avia-section-default avia-no-shadow avia-bg-style-parallax  avia-builder-el-24  el_after_av_layout_row  el_before_av_section   container_wrap sidebar_right' style=' '  ><div class='container' ><div class='template-page content  av-content-small alpha units'><div class='post-entry post-entry-type-page post-entry-523'><div class='entry-content-wrapper clearfix'>\n<div class=\"flex_column av_one_fourth  flex_column_div first  avia-builder-el-25  el_before_av_one_fourth  avia-builder-el-first  \" ><p><div  class='avia-image-container avia_animated_image avia_animate_when_almost_visible pop-up av-styling-  noHover  av-overlay-on-hover   avia-builder-el-26  el_before_av_icon_box  avia-builder-el-first  avia-align-center '  itemprop=\"image\" itemscope=\"itemscope\" itemtype=\"https:\/\/schema.org\/ImageObject\"  ><div class='avia-image-container-inner'><div class='avia-image-overlay-wrap'><a href='https:\/\/www.gardenlux.me\/web\/dekorativni-kamen\/' class='avia_image'  ><div class='av-image-caption-overlay'><div class='av-caption-image-overlay-bg' style='opacity:0.4; background-color:#444444; '><\/div><div class='av-image-caption-overlay-position'><div class='av-image-caption-overlay-center' style='color:#ffffff; font-size:20px; '><p>Op\u0161irnije<\/p>\n<\/div><\/div><\/div><img class='avia_image ' src='https:\/\/www.gardenlux.me\/web\/wp-content\/uploads\/2014\/07\/kamenje.jpg' alt='PEBBLES - WHITE THASOS - Dekorativni kamen' title='kamenje'  itemprop=\"thumbnailUrl\"  \/><\/a><\/div><\/div><\/div><br \/>\n<article  class=\"iconbox iconbox_left    avia-builder-el-27  el_after_av_image  avia-builder-el-last  \"  itemscope=\"itemscope\" itemtype=\"https:\/\/schema.org\/CreativeWork\" ><div class=\"iconbox_content\"><header class=\"entry-content-header\"><a href='https:\/\/www.gardenlux.me\/web\/dekorativni-kamen\/' title='DEKORATIVNI KAMEN'  class=\"iconbox_icon heading-color \" aria-hidden='true' data-av_icon='\ue912' data-av_iconfont='entypo-fontello'  ><\/a><h3 class='iconbox_content_title  '  itemprop=\"headline\"  ><a href='https:\/\/www.gardenlux.me\/web\/dekorativni-kamen\/' title='DEKORATIVNI KAMEN' >DEKORATIVNI KAMEN<\/a><\/h3><\/header><div class='iconbox_content_container  '  itemprop=\"text\"  ><p>Uz malo kreativnosti i ideja mnogi vlasnici ku\u0107a kod nas pronalaze materijal za ostvarivanje svojih zamisli.<\/p>\n<\/div><\/div><footer class=\"entry-footer\"><\/footer><\/article><\/p><\/div><div class=\"flex_column av_one_fourth  flex_column_div   avia-builder-el-28  el_after_av_one_fourth  el_before_av_one_fourth  \" ><p><div  class='avia-image-container avia_animated_image avia_animate_when_almost_visible pop-up av-styling-  noHover  av-overlay-on-hover   avia-builder-el-29  el_before_av_icon_box  avia-builder-el-first  avia-align-center '  itemprop=\"image\" itemscope=\"itemscope\" itemtype=\"https:\/\/schema.org\/ImageObject\"  ><div class='avia-image-container-inner'><div class='avia-image-overlay-wrap'><a href='https:\/\/www.gardenlux.me\/web\/hunter-sistemi-za-navodnjavanje\/' class='avia_image'  ><div class='av-image-caption-overlay'><div class='av-caption-image-overlay-bg' style='opacity:0.4; background-color:#444444; '><\/div><div class='av-image-caption-overlay-position'><div class='av-image-caption-overlay-center' style='color:#ffffff; font-size:20px; '><p>Op\u0161irnije<\/p>\n<\/div><\/div><\/div><img class='avia_image ' src='https:\/\/www.gardenlux.me\/web\/wp-content\/uploads\/2014\/07\/small2-300x243.jpg' alt='' title='small2'  itemprop=\"thumbnailUrl\"  \/><\/a><\/div><\/div><\/div><br \/>\n<article  class=\"iconbox iconbox_left    avia-builder-el-30  el_after_av_image  avia-builder-el-last  \"  itemscope=\"itemscope\" itemtype=\"https:\/\/schema.org\/CreativeWork\" ><div class=\"iconbox_content\"><header class=\"entry-content-header\"><div class=\"iconbox_icon heading-color \" aria-hidden='true' data-av_icon='\ue912' data-av_iconfont='entypo-fontello'  ><\/div><h3 class='iconbox_content_title  '  itemprop=\"headline\"  ><a href='https:\/\/www.gardenlux.me\/web\/hunter-sistemi-za-navodnjavanje\/' title='Sistemi za zalivanje'  >Sistemi za zalivanje<\/a><\/h3><\/header><div class='iconbox_content_container  '  itemprop=\"text\"  ><p>Savjetovanje, projektovanje i ugradnja sistema za navodnjavanje u skladu sa va\u0161im \u017eeljama i zahtjevima.<\/p>\n<\/div><\/div><footer class=\"entry-footer\"><\/footer><\/article><\/p><\/div><div class=\"flex_column av_one_fourth  flex_column_div   avia-builder-el-31  el_after_av_one_fourth  el_before_av_one_fourth  \" ><p><div  class='avia-image-container avia_animated_image avia_animate_when_almost_visible pop-up av-styling-  noHover  av-overlay-on-hover   avia-builder-el-32  el_before_av_icon_box  avia-builder-el-first  avia-align-center '  itemprop=\"image\" itemscope=\"itemscope\" itemtype=\"https:\/\/schema.org\/ImageObject\"  ><div class='avia-image-container-inner'><div class='avia-image-overlay-wrap'><a href='https:\/\/www.gardenlux.me\/web\/poliext-plasticni-raster-sa-ojacanim-zidom\/' class='avia_image'  ><div class='av-image-caption-overlay'><div class='av-caption-image-overlay-bg' style='opacity:0.4; background-color:#444444; '><\/div><div class='av-image-caption-overlay-position'><div class='av-image-caption-overlay-center' style='color:#ffffff; font-size:20px; '><p>Op\u0161irnije<\/p>\n<\/div><\/div><\/div><img class='avia_image ' src='https:\/\/www.gardenlux.me\/web\/wp-content\/uploads\/2014\/07\/poliext.jpg' alt='' title='poliext'  itemprop=\"thumbnailUrl\"  \/><\/a><\/div><\/div><\/div><br \/>\n<article  class=\"iconbox iconbox_left    avia-builder-el-33  el_after_av_image  avia-builder-el-last  \"  itemscope=\"itemscope\" itemtype=\"https:\/\/schema.org\/CreativeWork\" ><div class=\"iconbox_content\"><header class=\"entry-content-header\"><a href='https:\/\/www.gardenlux.me\/web\/poliext-plasticni-raster-sa-ojacanim-zidom\/' title='POLIEXT\u00ae PLASTI\u010cNI RASTER'  class=\"iconbox_icon heading-color \" aria-hidden='true' data-av_icon='\ue912' data-av_iconfont='entypo-fontello'  ><\/a><h3 class='iconbox_content_title  '  itemprop=\"headline\"  ><a href='https:\/\/www.gardenlux.me\/web\/poliext-plasticni-raster-sa-ojacanim-zidom\/' title='POLIEXT\u00ae PLASTI\u010cNI RASTER' >POLIEXT\u00ae PLASTI\u010cNI RASTER<\/a><\/h3><\/header><div class='iconbox_content_container  '  itemprop=\"text\"  ><p>Proizveden od materijala koji \u010duva prirodnu okolinu.\u00a0Mo\u017ee se potpuno reciklirati.\u00a0Otporan na UV zra\u010denje.<\/p>\n<\/div><\/div><footer class=\"entry-footer\"><\/footer><\/article><\/p><\/div><div class=\"flex_column av_one_fourth  flex_column_div   avia-builder-el-34  el_after_av_one_fourth  avia-builder-el-last  \" ><p><div  class='avia-image-container avia_animated_image avia_animate_when_almost_visible pop-up av-styling-  noHover  av-overlay-on-hover   avia-builder-el-35  el_before_av_icon_box  avia-builder-el-first  avia-align-center '  itemprop=\"image\" itemscope=\"itemscope\" itemtype=\"https:\/\/schema.org\/ImageObject\"  ><div class='avia-image-container-inner'><div class='avia-image-overlay-wrap'><a href='https:\/\/www.gardenlux.me\/web\/planiranje-i-projektovanje-zelenih-povrsina\/' class='avia_image'  ><div class='av-image-caption-overlay'><div class='av-caption-image-overlay-bg' style='opacity:0.4; background-color:#444444; '><\/div><div class='av-image-caption-overlay-position'><div class='av-image-caption-overlay-center' style='color:#ffffff; font-size:20px; '><p>Op\u0161irnije<\/p>\n<\/div><\/div><\/div><img class='avia_image ' src='https:\/\/www.gardenlux.me\/web\/wp-content\/uploads\/2014\/07\/landscaping.jpg' alt='' title='landscaping'  itemprop=\"thumbnailUrl\"  \/><\/a><\/div><\/div><\/div><br \/>\n<article  class=\"iconbox iconbox_left    avia-builder-el-36  el_after_av_image  avia-builder-el-last  \"  itemscope=\"itemscope\" itemtype=\"https:\/\/schema.org\/CreativeWork\" ><div class=\"iconbox_content\"><header class=\"entry-content-header\"><a href='https:\/\/www.gardenlux.me\/web\/planiranje-i-projektovanje-zelenih-povrsina\/' title='Projektovanje zelenih povr\u0161ina'  class=\"iconbox_icon heading-color \" aria-hidden='true' data-av_icon='\ue912' data-av_iconfont='entypo-fontello'  ><\/a><h3 class='iconbox_content_title  '  itemprop=\"headline\"  ><a href='https:\/\/www.gardenlux.me\/web\/planiranje-i-projektovanje-zelenih-povrsina\/' title='Projektovanje zelenih povr\u0161ina' >Projektovanje zelenih povr\u0161ina<\/a><\/h3><\/header><div class='iconbox_content_container  '  itemprop=\"text\"  ><p>Garden Lux se bavi projektovanjem i planiranjem zelenih povr\u0161ina svih vrsta i namjena.<\/p>\n<\/div><\/div><footer class=\"entry-footer\"><\/footer><\/article><\/p><\/div><\/div><\/div><\/div><!-- close content main div --><\/div><\/div><div id='av_section_2'  class='avia-section main_color avia-section-small avia-no-shadow avia-full-stretch av-parallax-section avia-bg-style-parallax  avia-builder-el-37  el_after_av_section  avia-builder-el-last   container_wrap sidebar_right' style=' '  data-section-bg-repeat='stretch'><div class='av-parallax' data-avia-parallax-ratio='0.3' ><div class='av-parallax-inner main_color  avia-full-stretch' style = 'background-repeat: no-repeat; background-image: url(https:\/\/www.gardenlux.me\/web\/wp-content\/uploads\/2014\/07\/back2.jpg);background-attachment: scroll; background-position: top center; ' ><\/div><\/div><div class='container' ><div class='template-page content  av-content-small alpha units'><div class='post-entry post-entry-type-page post-entry-523'><div class='entry-content-wrapper clearfix'>\n<div  style='height:250px' class='hr hr-invisible   avia-builder-el-38  el_before_av_heading  avia-builder-el-first '><span class='hr-inner ' ><span class='hr-inner-style'><\/span><\/span><\/div>\n<div  style='padding-bottom:0px; color:#ffffff;font-size:80px;' class='av-special-heading av-special-heading-h1 custom-color-heading blockquote modern-quote  avia-builder-el-39  el_after_av_hr  avia-builder-el-last  av-inherit-size '><h1 class='av-special-heading-tag '  itemprop=\"headline\"  >Reference<\/h1><div class ='av-subheading av-subheading_below av_custom_color ' style='font-size:20px;'><p>Dekoracija enterijera i eksterijera<\/p>\n<\/div><div class='special-heading-border'><div class='special-heading-inner-border' style='border-color:#ffffff'><\/div><\/div><\/div>\n<\/div><\/div><\/div><!-- close content main div --><\/div><\/div><div id='after_section_2'  class='main_color av_default_container_wrap container_wrap sidebar_right' style=' '  ><div class='container' ><div class='template-page content  av-content-small alpha units'><div class='post-entry post-entry-type-page post-entry-523'><div class='entry-content-wrapper clearfix'><\/p>\n","protected":false},"excerpt":{"rendered":"","protected":false},"author":1,"featured_media":0,"parent":0,"menu_order":0,"comment_status":"closed","ping_status":"closed","template":"","meta":[],"_links":{"self":[{"href":"https:\/\/www.gardenlux.me\/web\/wp-json\/wp\/v2\/pages\/523"}],"collection":[{"href":"https:\/\/www.gardenlux.me\/web\/wp-json\/wp\/v2\/pages"}],"about":[{"href":"https:\/\/www.gardenlux.me\/web\/wp-json\/wp\/v2\/types\/page"}],"author":[{"embeddable":true,"href":"https:\/\/www.gardenlux.me\/web\/wp-json\/wp\/v2\/users\/1"}],"replies":[{"embeddable":true,"href":"https:\/\/www.gardenlux.me\/web\/wp-json\/wp\/v2\/comments?post=523"}],"version-history":[{"count":17,"href":"https:\/\/www.gardenlux.me\/web\/wp-json\/wp\/v2\/pages\/523\/revisions"}],"predecessor-version":[{"id":1407,"href":"https:\/\/www.gardenlux.me\/web\/wp-json\/wp\/v2\/pages\/523\/revisions\/1407"}],"wp:attachment":[{"href":"https:\/\/www.gardenlux.me\/web\/wp-json\/wp\/v2\/media?parent=523"}],"curies":[{"name":"wp","href":"https:\/\/api.w.org\/{rel}","templated":true}]}}