{"id":1190,"date":"2015-05-29T10:05:24","date_gmt":"2015-05-29T09:05:24","guid":{"rendered":"http:\/\/www.gardenlux.me\/web\/?page_id=1190"},"modified":"2017-09-21T14:18:39","modified_gmt":"2017-09-21T13:18:39","slug":"prodaja-sredstava-za-zastitu-bilja","status":"publish","type":"page","link":"http:\/\/www.gardenlux.me\/web\/prodaja-sredstava-za-zastitu-bilja\/","title":{"rendered":"PRODAJA SREDSTAVA ZA ZA\u0160TITU BILJA"},"content":{"rendered":"<div id='layer_slider_1'  class='avia-layerslider main_color avia-shadow  avia-builder-el-0  el_before_av_layout_row  avia-builder-el-first  container_wrap sidebar_right' style='  height: 241px;' ><\/div>\n<div id='unutrasnji_nosac'  class='av-layout-grid-container entry-content-wrapper main_color av-flex-cells     avia-builder-el-1  el_after_av_layerslider  el_before_av_section  submenu-not-first container_wrap sidebar_right' style=' '  >\n<div class=\"flex_cell no_margin av_one_fourth  avia-builder-el-2  el_before_av_cell_three_fourth  avia-builder-el-first   \" style='vertical-align:top; padding:30px; '><div class='flex_cell_inner' >\n<\/div><\/div><div class=\"flex_cell no_margin av_three_fourth  avia-builder-el-4  el_after_av_cell_one_fourth  avia-builder-el-last   \" style='vertical-align:top; padding:30px; '><div class='flex_cell_inner' ><p><div  style='padding-bottom:30px; font-size:38px;' class='av-special-heading av-special-heading-h2  blockquote modern-quote  avia-builder-el-5  el_before_av_one_full  avia-builder-el-first  av-inherit-size '><h2 class='av-special-heading-tag '  itemprop=\"headline\"  >PRODAJA SREDSTAVA ZA ZA\u0160TITU BILJA<\/h2><div class ='av-subheading av-subheading_below  ' style='font-size:15px;'><p>opis<\/p>\n<\/div><div class='special-heading-border'><div class='special-heading-inner-border' ><\/div><\/div><\/div><br \/>\n<div class=\"flex_column av_one_full  flex_column_div first  avia-builder-el-6  el_after_av_heading  avia-builder-el-last  \" ><section class=\"av_textblock_section \"  itemscope=\"itemscope\" itemtype=\"https:\/\/schema.org\/CreativeWork\" ><div class='avia_textblock  '   itemprop=\"text\" ><p>PRODAJA SREDSTAVA ZA ZA\u0160TITU BILJA<\/p>\n<p><strong>Garden Lux centar<\/strong> nudi \u0161irok asortiman sredstava za za\u0161titu bilja, vode\u0107ih svjetskih proizvo\u0111a\u010da kao sto su Bayer Crop Science, Basf, Chemical Agrosava, Syngenta i dr.<\/p>\n<p>U ponudi je veliki broj:<\/p>\n<ul>\n<ul>\n<li>Akaricida \u2013 sredstava za suzbijanje \u0161tetnih grinja<\/li>\n<\/ul>\n<\/ul>\n<ul>\n<li>Fungicida \u2013 sredstava za suzbijanje gljivi\u010dnih oboljenja<\/li>\n<\/ul>\n<ul>\n<li>Herbicida \u2013 sredstava za suzbijanje korova<\/li>\n<\/ul>\n<ul>\n<li>Insekticida \u2013 sredstava za suzbijanje \u0161tetnih insekata<\/li>\n<\/ul>\n<ul>\n<li>Limacida \u2013 sredstava za suzbijanje pu\u017eeva<\/li>\n<\/ul>\n<ul>\n<li>Nematocida \u2013 sredstava za suzbijanje \u0161tetnih nematoda<\/li>\n<\/ul>\n<ul>\n<li>Rodenticida \u2013 sredstava za suzbijanje \u0161tetnih glodara<\/li>\n<\/ul>\n<p>i svih ostalih hemijskih proizvoda najrazli\u010ditijeg spektra djelovanja.<\/p>\n<p>Pored toga, nudimo i veliki broj proizvoda za ishranu vo\u0107a, povr\u0107a i cvije\u0107a, koji \u0107e doprinijeti potpunom i pravilnom rastu i razvoju gajenih biljaka, ali i pove\u0107anju prinosa i kvalitetu istog.<\/p>\n<p>U na\u0161oj apoteci mo\u017eete na\u0107i proizvode svih vode\u0107ih proizvo\u0111a\u010da u ovoj oblasti.<\/p>\n<p>Osim bogatog asortimana sredstava za za\u0161titu i ishranu bilja, dolaskom u <strong>Garden Lux centar<\/strong> dobi\u0107ete sve potrebne savjete kako da pravilno gajite, \u0161titite i odr\u017eavate gajeno bilje, ili ukoliko imate neki problem Garden Lux tim osmisli\u0107e najprikladnije i najefikasnije re\u0161enje istog. Razli\u010dite vrste kataloga, bro\u0161ura i literature iz svih oblasti agrarne djelatnosti bi\u0107e Vam na usluzi ukoliko imate \u017eelju za dodatnim informacijama.<\/p>\n<p><em><strong>NAPOMENA<\/strong> <\/em>&#8211; <strong>Garden Lux<\/strong> je vrlo \u010desto organizator razli\u010ditih predavanja iz oblasti poljoprivredne proizvodnje. Ako ste zainteresovani, uvijek se mo\u017eete o detaljima i odr\u017eavanju istih informisati na sajtu ili nas kontaktirati na broj <strong>040 218 140<\/strong>.<\/p>\n<\/div><\/section><\/div><\/p>\n<\/div><\/div>\n<\/div>\n<div id='av_section_1'  class='avia-section main_color avia-section-default avia-no-shadow avia-bg-style-parallax  avia-builder-el-8  el_after_av_layout_row  el_before_av_section   container_wrap sidebar_right' style=' '  ><div class='container' ><div class='template-page content  av-content-small alpha units'><div class='post-entry post-entry-type-page post-entry-1190'><div class='entry-content-wrapper clearfix'>\n<div class=\"flex_column av_one_fourth  flex_column_div first  avia-builder-el-9  el_before_av_one_fourth  avia-builder-el-first  \" ><p><div  class='avia-image-container avia_animated_image avia_animate_when_almost_visible pop-up av-styling-  noHover  av-overlay-on-hover   avia-builder-el-10  el_before_av_icon_box  avia-builder-el-first  avia-align-center '  itemprop=\"image\" itemscope=\"itemscope\" itemtype=\"https:\/\/schema.org\/ImageObject\"  ><div class='avia-image-container-inner'><div class='avia-image-overlay-wrap'><a href='http:\/\/www.gardenlux.me\/web\/dekorativni-kamen\/' class='avia_image'  ><div class='av-image-caption-overlay'><div class='av-caption-image-overlay-bg' style='opacity:0.4; background-color:#444444; '><\/div><div class='av-image-caption-overlay-position'><div class='av-image-caption-overlay-center' style='color:#ffffff; font-size:20px; '><p>Op\u0161irnije<\/p>\n<\/div><\/div><\/div><img class='avia_image ' src='http:\/\/www.gardenlux.me\/web\/wp-content\/uploads\/2014\/07\/kamenje.jpg' alt='PEBBLES - WHITE THASOS - Dekorativni kamen' title='kamenje'  itemprop=\"thumbnailUrl\"  \/><\/a><\/div><\/div><\/div><br \/>\n<article  class=\"iconbox iconbox_left    avia-builder-el-11  el_after_av_image  avia-builder-el-last  \"  itemscope=\"itemscope\" itemtype=\"https:\/\/schema.org\/CreativeWork\" ><div class=\"iconbox_content\"><header class=\"entry-content-header\"><a href='http:\/\/www.gardenlux.me\/web\/dekorativni-kamen\/' title='DEKORATIVNI KAMEN'  class=\"iconbox_icon heading-color \" aria-hidden='true' data-av_icon='\ue912' data-av_iconfont='entypo-fontello'  ><\/a><h3 class='iconbox_content_title  '  itemprop=\"headline\"  ><a href='http:\/\/www.gardenlux.me\/web\/dekorativni-kamen\/' title='DEKORATIVNI KAMEN' >DEKORATIVNI KAMEN<\/a><\/h3><\/header><div class='iconbox_content_container  '  itemprop=\"text\"  ><p>Uz malo kreativnosti i ideja mnogi vlasnici ku\u0107a kod nas pronalaze materijal za ostvarivanje svojih zamisli.<\/p>\n<\/div><\/div><footer class=\"entry-footer\"><\/footer><\/article><\/p><\/div><div class=\"flex_column av_one_fourth  flex_column_div   avia-builder-el-12  el_after_av_one_fourth  el_before_av_one_fourth  \" ><p><div  class='avia-image-container avia_animated_image avia_animate_when_almost_visible pop-up av-styling-  noHover  av-overlay-on-hover   avia-builder-el-13  el_before_av_icon_box  avia-builder-el-first  avia-align-center '  itemprop=\"image\" itemscope=\"itemscope\" itemtype=\"https:\/\/schema.org\/ImageObject\"  ><div class='avia-image-container-inner'><div class='avia-image-overlay-wrap'><a href='http:\/\/www.gardenlux.me\/web\/hunter-sistemi-za-navodnjavanje\/' class='avia_image'  ><div class='av-image-caption-overlay'><div class='av-caption-image-overlay-bg' style='opacity:0.4; background-color:#444444; '><\/div><div class='av-image-caption-overlay-position'><div class='av-image-caption-overlay-center' style='color:#ffffff; font-size:20px; '><p>Op\u0161irnije<\/p>\n<\/div><\/div><\/div><img class='avia_image ' src='http:\/\/www.gardenlux.me\/web\/wp-content\/uploads\/2014\/07\/small2-300x243.jpg' alt='' title='small2'  itemprop=\"thumbnailUrl\"  \/><\/a><\/div><\/div><\/div><br \/>\n<article  class=\"iconbox iconbox_left    avia-builder-el-14  el_after_av_image  avia-builder-el-last  \"  itemscope=\"itemscope\" itemtype=\"https:\/\/schema.org\/CreativeWork\" ><div class=\"iconbox_content\"><header class=\"entry-content-header\"><div class=\"iconbox_icon heading-color \" aria-hidden='true' data-av_icon='\ue912' data-av_iconfont='entypo-fontello'  ><\/div><h3 class='iconbox_content_title  '  itemprop=\"headline\"  ><a href='http:\/\/www.gardenlux.me\/web\/hunter-sistemi-za-navodnjavanje\/' title='Sistemi za zalivanje'  >Sistemi za zalivanje<\/a><\/h3><\/header><div class='iconbox_content_container  '  itemprop=\"text\"  ><p>Savjetovanje, projektovanje i ugradnja sistema za navodnjavanje u skladu sa va\u0161im \u017eeljama i zahtjevima.<\/p>\n<\/div><\/div><footer class=\"entry-footer\"><\/footer><\/article><\/p><\/div><div class=\"flex_column av_one_fourth  flex_column_div   avia-builder-el-15  el_after_av_one_fourth  el_before_av_one_fourth  \" ><p><div  class='avia-image-container avia_animated_image avia_animate_when_almost_visible pop-up av-styling-  noHover  av-overlay-on-hover   avia-builder-el-16  el_before_av_icon_box  avia-builder-el-first  avia-align-center '  itemprop=\"image\" itemscope=\"itemscope\" itemtype=\"https:\/\/schema.org\/ImageObject\"  ><div class='avia-image-container-inner'><div class='avia-image-overlay-wrap'><a href='http:\/\/www.gardenlux.me\/web\/poliext-plasticni-raster-sa-ojacanim-zidom\/' class='avia_image'  ><div class='av-image-caption-overlay'><div class='av-caption-image-overlay-bg' style='opacity:0.4; background-color:#444444; '><\/div><div class='av-image-caption-overlay-position'><div class='av-image-caption-overlay-center' style='color:#ffffff; font-size:20px; '><p>Op\u0161irnije<\/p>\n<\/div><\/div><\/div><img class='avia_image ' src='http:\/\/www.gardenlux.me\/web\/wp-content\/uploads\/2014\/07\/poliext.jpg' alt='' title='poliext'  itemprop=\"thumbnailUrl\"  \/><\/a><\/div><\/div><\/div><br \/>\n<article  class=\"iconbox iconbox_left    avia-builder-el-17  el_after_av_image  avia-builder-el-last  \"  itemscope=\"itemscope\" itemtype=\"https:\/\/schema.org\/CreativeWork\" ><div class=\"iconbox_content\"><header class=\"entry-content-header\"><a href='http:\/\/www.gardenlux.me\/web\/poliext-plasticni-raster-sa-ojacanim-zidom\/' title='POLIEXT\u00ae PLASTI\u010cNI RASTER'  class=\"iconbox_icon heading-color \" aria-hidden='true' data-av_icon='\ue912' data-av_iconfont='entypo-fontello'  ><\/a><h3 class='iconbox_content_title  '  itemprop=\"headline\"  ><a href='http:\/\/www.gardenlux.me\/web\/poliext-plasticni-raster-sa-ojacanim-zidom\/' title='POLIEXT\u00ae PLASTI\u010cNI RASTER' >POLIEXT\u00ae PLASTI\u010cNI RASTER<\/a><\/h3><\/header><div class='iconbox_content_container  '  itemprop=\"text\"  ><p>Proizveden od materijala koji \u010duva prirodnu okolinu.\u00a0Mo\u017ee se potpuno reciklirati.\u00a0Otporan na UV zra\u010denje.<\/p>\n<\/div><\/div><footer class=\"entry-footer\"><\/footer><\/article><\/p><\/div><div class=\"flex_column av_one_fourth  flex_column_div   avia-builder-el-18  el_after_av_one_fourth  avia-builder-el-last  \" ><p><div  class='avia-image-container avia_animated_image avia_animate_when_almost_visible pop-up av-styling-  noHover  av-overlay-on-hover   avia-builder-el-19  el_before_av_icon_box  avia-builder-el-first  avia-align-center '  itemprop=\"image\" itemscope=\"itemscope\" itemtype=\"https:\/\/schema.org\/ImageObject\"  ><div class='avia-image-container-inner'><div class='avia-image-overlay-wrap'><a href='http:\/\/www.gardenlux.me\/web\/planiranje-i-projektovanje-zelenih-povrsina\/' class='avia_image'  ><div class='av-image-caption-overlay'><div class='av-caption-image-overlay-bg' style='opacity:0.4; background-color:#444444; '><\/div><div class='av-image-caption-overlay-position'><div class='av-image-caption-overlay-center' style='color:#ffffff; font-size:20px; '><p>Op\u0161irnije<\/p>\n<\/div><\/div><\/div><img class='avia_image ' src='http:\/\/www.gardenlux.me\/web\/wp-content\/uploads\/2014\/07\/landscaping.jpg' alt='' title='landscaping'  itemprop=\"thumbnailUrl\"  \/><\/a><\/div><\/div><\/div><br \/>\n<article  class=\"iconbox iconbox_left    avia-builder-el-20  el_after_av_image  avia-builder-el-last  \"  itemscope=\"itemscope\" itemtype=\"https:\/\/schema.org\/CreativeWork\" ><div class=\"iconbox_content\"><header class=\"entry-content-header\"><a href='http:\/\/www.gardenlux.me\/web\/planiranje-i-projektovanje-zelenih-povrsina\/' title='Projektovanje zelenih povr\u0161ina'  class=\"iconbox_icon heading-color \" aria-hidden='true' data-av_icon='\ue912' data-av_iconfont='entypo-fontello'  ><\/a><h3 class='iconbox_content_title  '  itemprop=\"headline\"  ><a href='http:\/\/www.gardenlux.me\/web\/planiranje-i-projektovanje-zelenih-povrsina\/' title='Projektovanje zelenih povr\u0161ina' >Projektovanje zelenih povr\u0161ina<\/a><\/h3><\/header><div class='iconbox_content_container  '  itemprop=\"text\"  ><p>Garden Lux se bavi projektovanjem i planiranjem zelenih povr\u0161ina svih vrsta i namjena.<\/p>\n<\/div><\/div><footer class=\"entry-footer\"><\/footer><\/article><\/p><\/div><\/div><\/div><\/div><!-- close content main div --><\/div><\/div><div id='av_section_2'  class='avia-section main_color avia-section-small avia-no-shadow avia-full-stretch av-parallax-section avia-bg-style-parallax  avia-builder-el-21  el_after_av_section  avia-builder-el-last   container_wrap sidebar_right' style=' '  data-section-bg-repeat='stretch'><div class='av-parallax' data-avia-parallax-ratio='0.3' ><div class='av-parallax-inner main_color  avia-full-stretch' style = 'background-repeat: no-repeat; background-image: url(http:\/\/www.gardenlux.me\/web\/wp-content\/uploads\/2014\/07\/back2.jpg);background-attachment: scroll; background-position: top center; ' ><\/div><\/div><div class='container' ><div class='template-page content  av-content-small alpha units'><div class='post-entry post-entry-type-page post-entry-1190'><div class='entry-content-wrapper clearfix'>\n<div  style='height:250px' class='hr hr-invisible   avia-builder-el-22  el_before_av_heading  avia-builder-el-first '><span class='hr-inner ' ><span class='hr-inner-style'><\/span><\/span><\/div>\n<div  style='padding-bottom:0px; color:#ffffff;font-size:80px;' class='av-special-heading av-special-heading-h1 custom-color-heading blockquote modern-quote  avia-builder-el-23  el_after_av_hr  avia-builder-el-last  av-inherit-size '><h1 class='av-special-heading-tag '  itemprop=\"headline\"  >Reference<\/h1><div class ='av-subheading av-subheading_below av_custom_color ' style='font-size:20px;'><p>Dekoracija enterijera i eksterijera<\/p>\n<\/div><div class='special-heading-border'><div class='special-heading-inner-border' style='border-color:#ffffff'><\/div><\/div><\/div>\n<\/div><\/div><\/div><!-- close content main div --><\/div><\/div><div id='after_section_2'  class='main_color av_default_container_wrap container_wrap sidebar_right' style=' '  ><div class='container' ><div class='template-page content  av-content-small alpha units'><div class='post-entry post-entry-type-page post-entry-1190'><div class='entry-content-wrapper clearfix'><\/p>\n","protected":false},"excerpt":{"rendered":"","protected":false},"author":1,"featured_media":0,"parent":0,"menu_order":0,"comment_status":"closed","ping_status":"closed","template":"","meta":[],"_links":{"self":[{"href":"http:\/\/www.gardenlux.me\/web\/wp-json\/wp\/v2\/pages\/1190"}],"collection":[{"href":"http:\/\/www.gardenlux.me\/web\/wp-json\/wp\/v2\/pages"}],"about":[{"href":"http:\/\/www.gardenlux.me\/web\/wp-json\/wp\/v2\/types\/page"}],"author":[{"embeddable":true,"href":"http:\/\/www.gardenlux.me\/web\/wp-json\/wp\/v2\/users\/1"}],"replies":[{"embeddable":true,"href":"http:\/\/www.gardenlux.me\/web\/wp-json\/wp\/v2\/comments?post=1190"}],"version-history":[{"count":7,"href":"http:\/\/www.gardenlux.me\/web\/wp-json\/wp\/v2\/pages\/1190\/revisions"}],"predecessor-version":[{"id":1383,"href":"http:\/\/www.gardenlux.me\/web\/wp-json\/wp\/v2\/pages\/1190\/revisions\/1383"}],"wp:attachment":[{"href":"http:\/\/www.gardenlux.me\/web\/wp-json\/wp\/v2\/media?parent=1190"}],"curies":[{"name":"wp","href":"https:\/\/api.w.org\/{rel}","templated":true}]}}